{"id":693000,"date":"2025-08-27T14:10:04","date_gmt":"2025-08-27T11:10:04","guid":{"rendered":"https:\/\/roveyayinevi.com.tr\/index.php\/urun\/kurtulus-savasi-turkuleri\/"},"modified":"2026-04-16T02:03:00","modified_gmt":"2026-04-15T23:03:00","slug":"kurtulus-savasi-turkuleri","status":"publish","type":"product","link":"https:\/\/roveyayinevi.com.tr\/index.php\/urun\/kurtulus-savasi-turkuleri\/","title":{"rendered":"Kurtulu\u015f Sava\u015f\u0131 T\u00fcrk\u00fcleri"},"content":{"rendered":"<p>Kurtulu\u015f Sava\u015f\u0131 T\u00fcrk\u00fcleri, i\u015fgal alt\u0131ndaki Anadolu topraklar\u0131nda verilen ola\u011fan\u00fcst\u00fc m\u00fccadele, ulusal dayan\u0131\u015fma ve Cumhuriyet sonras\u0131nda filizlenen kimli\u011fin neler pahas\u0131na korundu\u011funu \u00f6zetleyen a\u011f\u0131tlar, destanlar, mar\u015flar ve Atat\u00fcrk\u2019\u00fcn sevdi\u011fi \u015fark\u0131lardan olu\u015fur. \u00dcstelik m\u00fczisyen ve ara\u015ft\u0131rmac\u0131 Hamdi Tanses, t\u00fcm bu t\u00fcrk\u00fcleri, notalar\u0131 ve s\u00f6zleriyle veriyor. Kimi zaman t\u00fcrk\u00fcn\u00fcn hangi zamanda, hangi vesileyle, kim ya da kimler taraf\u0131ndan nas\u0131l yak\u0131ld\u0131\u011f\u0131 da a\u00e7\u0131klan\u0131yor. Bu t\u00fcrk\u00fcler, Anadolu insan\u0131n\u0131n g\u00fcr sesi&#8230; Bu t\u00fcrk\u00fcler, Anadolu k\u00fclt\u00fcr\u00fcn\u00fcn aynas\u0131&#8230; Bu t\u00fcrk\u00fcler, Hamdi Tanses\u2019in de belirtti\u011fi gibi,  toplumsal bar\u0131\u015f\u0131n, insanlar aras\u0131 ili\u015fkilerin en sa\u011flam k\u00f6pr\u00fcs\u00fc. \u00d6zg\u00fcrl\u00fc\u011f\u00fcn, bar\u0131\u015f\u0131n, ho\u015fg\u00f6r\u00fc ve sevginin en \u00f6nemli temel ta\u015flar\u0131ndan biri&#8230;   Hamdi Tanses, usanmak, yorulmak bilmez \u00e7al\u0131\u015fma ve \u00e7abas\u0131yla t\u00fcrk\u00fclerin g\u00fcc\u00fcn\u00fc ba\u011fnazl\u0131\u011f\u0131n ve softal\u0131\u011f\u0131n kar\u015f\u0131s\u0131na dikiyor.  &#8211; Y\u00fcksel Pazarkaya <\/p>\n","protected":false},"excerpt":{"rendered":"<p>Kurtulu\u015f Sava\u015f\u0131 T\u00fcrk\u00fcleri, i\u015fgal alt\u0131ndaki Anadolu topraklar\u0131nda verilen ola\u011fan\u00fcst\u00fc m\u00fccadele, ulusal dayan\u0131\u015fma ve Cumhuriyet sonras\u0131nda filizlenen kimli\u011fin neler pahas\u0131na korundu\u011funu \u00f6zetleyen a\u011f\u0131tlar, destanlar, mar\u015flar ve Atat\u00fcrk\u2019\u00fcn<span class=\"excerpt-hellip\"> [\u2026]<\/span><\/p>\n","protected":false},"featured_media":0,"template":"","meta":{"_monsterinsights_skip_tracking":false,"_monsterinsights_sitenote_active":false,"_monsterinsights_sitenote_note":"","_monsterinsights_sitenote_category":0},"product_brand":[],"product_cat":[14556,14557],"product_tag":[],"class_list":{"0":"post-693000","1":"product","2":"type-product","3":"status-publish","5":"product_cat-muzik","6":"product_cat-nota-kitaplari","7":"pa_cilt-ciltsiz","8":"pa_tur-kitap","9":"pa_yayinevi-say-yayinlari","10":"pa_yazar-hamdi-tanses","12":"first","13":"instock","14":"sale","15":"shipping-taxable","16":"purchasable","17":"product-type-simple"},"_links":{"self":[{"href":"https:\/\/roveyayinevi.com.tr\/index.php\/wp-json\/wp\/v2\/product\/693000","targetHints":{"allow":["GET"]}}],"collection":[{"href":"https:\/\/roveyayinevi.com.tr\/index.php\/wp-json\/wp\/v2\/product"}],"about":[{"href":"https:\/\/roveyayinevi.com.tr\/index.php\/wp-json\/wp\/v2\/types\/product"}],"wp:attachment":[{"href":"https:\/\/roveyayinevi.com.tr\/index.php\/wp-json\/wp\/v2\/media?parent=693000"}],"wp:term":[{"taxonomy":"product_brand","embeddable":true,"href":"https:\/\/roveyayinevi.com.tr\/index.php\/wp-json\/wp\/v2\/product_brand?post=693000"},{"taxonomy":"product_cat","embeddable":true,"href":"https:\/\/roveyayinevi.com.tr\/index.php\/wp-json\/wp\/v2\/product_cat?post=693000"},{"taxonomy":"product_tag","embeddable":true,"href":"https:\/\/roveyayinevi.com.tr\/index.php\/wp-json\/wp\/v2\/product_tag?post=693000"}],"curies":[{"name":"wp","href":"https:\/\/api.w.org\/{rel}","templated":true}]}}