{"id":692999,"date":"2025-08-27T14:10:04","date_gmt":"2025-08-27T11:10:04","guid":{"rendered":"https:\/\/roveyayinevi.com.tr\/index.php\/urun\/kozmik-baglanti\/"},"modified":"2026-04-16T02:03:00","modified_gmt":"2026-04-15T23:03:00","slug":"kozmik-baglanti","status":"publish","type":"product","link":"https:\/\/roveyayinevi.com.tr\/index.php\/urun\/kozmik-baglanti\/","title":{"rendered":"Kozmik Ba\u011flant\u0131"},"content":{"rendered":"<p>Kozmik Ba\u011flant\u0131 uzay\u0131n ke\u015ffinin insan \u00fczerindeki etkilerini inceliyor ve insan ile evren aras\u0131ndaki ili\u015fkiyi ara\u015ft\u0131r\u0131yor. G\u00fcn\u00fcm\u00fczde \u00e7\u0131plak g\u00f6z yerine \u00e7ok hassas optik ayg\u0131tlar, radyoteleskoplar ve uzay ara\u00e7lar\u0131yla yap\u0131lan bu ke\u015fif faaliyeti insan\u0131n kendisini ve evreni alg\u0131lay\u0131\u015f\u0131n\u0131 b\u00fcy\u00fck \u00f6l\u00e7\u00fcde de\u011fi\u015ftirdi. Art\u0131k gezegenleri geceleyin g\u00f6ky\u00fcz\u00fcnde dola\u015fan \u0131\u015f\u0131klar olarak alg\u0131lam\u0131yoruz. \u0130nsan y\u00fczy\u0131llard\u0131r g\u00fcvenli, rahat ve hatta d\u00fczenli g\u00f6r\u00fcnen bir evrende ya\u015f\u0131yordu. D\u00fcnya yarat\u0131l\u0131\u015f i\u00e7in se\u00e7ilen yerdi ve insan \u00f6l\u00fcml\u00fc yarat\u0131klar\u0131n doruk noktas\u0131yd\u0131. Bu inan\u0131\u015flar zamana\u015f\u0131m\u0131na u\u011frad\u0131. \u015eimdi \u00e7ok k\u00fc\u00e7\u00fck bir kaya ve metal y\u0131\u011f\u0131n\u0131 \u00fczerinde ya\u015fad\u0131\u011f\u0131m\u0131z\u0131 biliyoruz. \ufffcTan\u0131t\u0131m Metni<\/p>\n","protected":false},"excerpt":{"rendered":"<p>Kozmik Ba\u011flant\u0131 uzay\u0131n ke\u015ffinin insan \u00fczerindeki etkilerini inceliyor ve insan ile evren aras\u0131ndaki ili\u015fkiyi ara\u015ft\u0131r\u0131yor. G\u00fcn\u00fcm\u00fczde \u00e7\u0131plak g\u00f6z yerine \u00e7ok hassas optik ayg\u0131tlar, radyoteleskoplar ve uzay<span class=\"excerpt-hellip\"> [\u2026]<\/span><\/p>\n","protected":false},"featured_media":0,"template":"","meta":{"_monsterinsights_skip_tracking":false,"_monsterinsights_sitenote_active":false,"_monsterinsights_sitenote_note":"","_monsterinsights_sitenote_category":0},"product_brand":[],"product_cat":[13005,18664],"product_tag":[],"class_list":{"0":"post-692999","1":"product","2":"type-product","3":"status-publish","5":"product_cat-bilim-muhendislik","6":"product_cat-muhendislik","7":"pa_cilt-ciltsiz","8":"pa_tur-kitap","9":"pa_yayinevi-say-yayinlari","10":"pa_yazar-carl-sagan","12":"first","13":"instock","14":"sale","15":"shipping-taxable","16":"purchasable","17":"product-type-simple"},"_links":{"self":[{"href":"https:\/\/roveyayinevi.com.tr\/index.php\/wp-json\/wp\/v2\/product\/692999","targetHints":{"allow":["GET"]}}],"collection":[{"href":"https:\/\/roveyayinevi.com.tr\/index.php\/wp-json\/wp\/v2\/product"}],"about":[{"href":"https:\/\/roveyayinevi.com.tr\/index.php\/wp-json\/wp\/v2\/types\/product"}],"wp:attachment":[{"href":"https:\/\/roveyayinevi.com.tr\/index.php\/wp-json\/wp\/v2\/media?parent=692999"}],"wp:term":[{"taxonomy":"product_brand","embeddable":true,"href":"https:\/\/roveyayinevi.com.tr\/index.php\/wp-json\/wp\/v2\/product_brand?post=692999"},{"taxonomy":"product_cat","embeddable":true,"href":"https:\/\/roveyayinevi.com.tr\/index.php\/wp-json\/wp\/v2\/product_cat?post=692999"},{"taxonomy":"product_tag","embeddable":true,"href":"https:\/\/roveyayinevi.com.tr\/index.php\/wp-json\/wp\/v2\/product_tag?post=692999"}],"curies":[{"name":"wp","href":"https:\/\/api.w.org\/{rel}","templated":true}]}}