{"id":692998,"date":"2025-08-27T14:10:04","date_gmt":"2025-08-27T11:10:04","guid":{"rendered":"https:\/\/roveyayinevi.com.tr\/index.php\/urun\/kadin-beyni\/"},"modified":"2026-04-16T02:03:00","modified_gmt":"2026-04-15T23:03:00","slug":"kadin-beyni","status":"publish","type":"product","link":"https:\/\/roveyayinevi.com.tr\/index.php\/urun\/kadin-beyni\/","title":{"rendered":"Kad\u0131n Beyni"},"content":{"rendered":"<p>\u201cNihayet bir kad\u0131n bu konuya el at\u0131yor.\u201d Melis Alphan &#8211; Milliyet Asl\u0131nda her insan hayat\u0131na kad\u0131n beyniyle ba\u015flar. Di\u015fi, do\u011fan\u0131n ba\u015flang\u0131\u00e7 halidir. Ancak hamileli\u011fin 8. haftas\u0131ndan sonra testosteronun ileti\u015fim merkezine yay\u0131lmas\u0131yla bu \u00fcniseks beyin erkek beynine d\u00f6n\u00fc\u015f\u00fcr. Bu s\u00fcre\u00e7te sald\u0131rganl\u0131k ve cinsellik h\u00fccrelerinde de art\u0131\u015f g\u00f6r\u00fcl\u00fcr. Testosteron seli ger\u00e7ekle\u015fmezse, kad\u0131n beyni de\u011fi\u015fmeden b\u00fcy\u00fcmesini s\u00fcrd\u00fcr\u00fcr ve h\u00fccreler ileti\u015fim ve duygusal geli\u015fim merkezlerinde yo\u011funla\u015f\u0131r. Peki, bu farkl\u0131la\u015fma neleri etkiler? N\u00f6ro-psikiyatr Dr. Louann Brizendine bu etkilerden baz\u0131lar\u0131n\u0131 \u015f\u00f6yle s\u0131ral\u0131yor: * Kad\u0131nlar g\u00fcnde 20.000, erkeklerse 7.000 kelimeyle konu\u015fur. * Seks d\u00fc\u015f\u00fcncesi bir kad\u0131n\u0131n beynine g\u00fcna\u015f\u0131r\u0131 u\u011frarken erkeklerin neredeyse hi\u00e7 akl\u0131ndan \u00e7\u0131kmaz. * Kad\u0131nlar, erkeklerin hi\u00e7 hat\u0131rlamad\u0131\u011f\u0131 kavgalar\u0131 asla unutmaz. * Bir erkek, kar\u015f\u0131s\u0131ndaki insan a\u011flamad\u0131k\u00e7a ya da \u00e7ok \u00fczg\u00fcn g\u00f6r\u00fcnmedik\u00e7e onun neler hissetti\u011fini anlayamazken, bir kad\u0131n ufac\u0131k bir mimik ya da bak\u0131\u015ftan kar\u015f\u0131s\u0131ndakinin ruh halini \u00e7\u00f6zebilir. \u201cHayat\u0131 futbol, kanepe ve seks \u00fc\u00e7genine s\u0131k\u0131\u015fm\u0131\u015f biri ne kadar karma\u015f\u0131k olabilir ki?\u201d Mansur Forutan &#8211; Ak\u015fam \u201cBrizendine, kitab\u0131nda kad\u0131n beyninin Macintosh, erkek beynininse PC oldu\u011funu anlat\u0131yor.\u201d Serdar Devrim &#8211; H\u00fcrriyet \u201cSiz de benim gibi o\u011flunuz ya da k\u0131z\u0131n\u0131z\u0131n b\u00fcy\u00fcmesine \u015fa\u015fk\u0131nl\u0131kla \u015fahitlik ediyorsan\u0131z vakit kaybetmeden Brizendine\u2019in Kad\u0131n Beyni\u2019ni okuman\u0131z\u0131 \u00f6neririm.\u201d Ey\u00fcp Can \u2013 H\u00fcrriyet <\/p>\n","protected":false},"excerpt":{"rendered":"<p>\u201cNihayet bir kad\u0131n bu konuya el at\u0131yor.\u201d Melis Alphan &#8211; Milliyet Asl\u0131nda her insan hayat\u0131na kad\u0131n beyniyle ba\u015flar. Di\u015fi, do\u011fan\u0131n ba\u015flang\u0131\u00e7 halidir. Ancak hamileli\u011fin 8. haftas\u0131ndan<span class=\"excerpt-hellip\"> [\u2026]<\/span><\/p>\n","protected":false},"featured_media":0,"template":"","meta":{"_monsterinsights_skip_tracking":false,"_monsterinsights_sitenote_active":false,"_monsterinsights_sitenote_note":"","_monsterinsights_sitenote_category":0},"product_brand":[],"product_cat":[12358,12357],"product_tag":[],"class_list":{"0":"post-692998","1":"product","2":"type-product","3":"status-publish","5":"product_cat-genel-psikoloji","6":"product_cat-psikoloji","7":"pa_cilt-ciltsiz","8":"pa_tur-kitap","9":"pa_yayinevi-say-yayinlari","10":"pa_yazar-louann-brizendine","12":"first","13":"instock","14":"sale","15":"shipping-taxable","16":"purchasable","17":"product-type-simple"},"_links":{"self":[{"href":"https:\/\/roveyayinevi.com.tr\/index.php\/wp-json\/wp\/v2\/product\/692998","targetHints":{"allow":["GET"]}}],"collection":[{"href":"https:\/\/roveyayinevi.com.tr\/index.php\/wp-json\/wp\/v2\/product"}],"about":[{"href":"https:\/\/roveyayinevi.com.tr\/index.php\/wp-json\/wp\/v2\/types\/product"}],"wp:attachment":[{"href":"https:\/\/roveyayinevi.com.tr\/index.php\/wp-json\/wp\/v2\/media?parent=692998"}],"wp:term":[{"taxonomy":"product_brand","embeddable":true,"href":"https:\/\/roveyayinevi.com.tr\/index.php\/wp-json\/wp\/v2\/product_brand?post=692998"},{"taxonomy":"product_cat","embeddable":true,"href":"https:\/\/roveyayinevi.com.tr\/index.php\/wp-json\/wp\/v2\/product_cat?post=692998"},{"taxonomy":"product_tag","embeddable":true,"href":"https:\/\/roveyayinevi.com.tr\/index.php\/wp-json\/wp\/v2\/product_tag?post=692998"}],"curies":[{"name":"wp","href":"https:\/\/api.w.org\/{rel}","templated":true}]}}