{"id":692993,"date":"2025-08-27T14:10:03","date_gmt":"2025-08-27T11:10:03","guid":{"rendered":"https:\/\/roveyayinevi.com.tr\/index.php\/urun\/tanrinin-oykusu\/"},"modified":"2026-04-16T02:03:00","modified_gmt":"2026-04-15T23:03:00","slug":"tanrinin-oykusu","status":"publish","type":"product","link":"https:\/\/roveyayinevi.com.tr\/index.php\/urun\/tanrinin-oykusu\/","title":{"rendered":"Tanr\u0131n\u0131n \u00d6yk\u00fcs\u00fc"},"content":{"rendered":"<p>Tanr\u0131 Fikri, tarih boyunca insan\u0131n pe\u015fine d\u00fc\u015ft\u00fc\u011f\u00fc en uzun s\u00fcreli fikir olmu\u015ftur. \u00c7\u00fcnk\u00fc hayat\u0131 ve evreni anlama gereksinimi, insan beyninin \u00e7evremizdeki d\u00fcnyay\u0131 yorumlama bi\u00e7iminin ayr\u0131lmaz bir par\u00e7as\u0131d\u0131r. Zerd\u00fc\u015ft\u00e7\u00fcl\u00fc\u011f\u00fcn Avesta\u2019s\u0131, Hinduizmin Vedalar\u2019\u0131, Musevili\u011fin Tevrat\u2019\u0131, Hristiyanl\u0131\u011f\u0131n \u0130ncil\u2019i ve \u0130slam\u0131n Kuran\u2019\u0131&#8230; b\u00fct\u00fcn kutsal kitaplar ve metinler asl\u0131nda hep ayn\u0131 \u00f6yk\u00fcn\u00fcn pe\u015fine d\u00fc\u015fm\u00fc\u015ft\u00fcr. Robert Winston, BBC\u2019de yay\u0131mlanan Tanr\u0131n\u0131n \u00d6yk\u00fcs\u00fc adl\u0131 belgesel diziyi, dinleri \u00e7\u0131k\u0131\u015f noktalar\u0131 ve temel esaslar\u0131yla birlikte ele alarak, insan\u0131n bu Tanr\u0131 Fikri\u2019ne nas\u0131l ula\u015ft\u0131\u011f\u0131n\u0131 g\u00f6steren bir kitaba d\u00f6n\u00fc\u015ft\u00fcr\u00fcyor. Alt\u0131n\u0131 \u00e7izdi\u011fi yerler kadar ele\u015ftirdi\u011fi noktalar\u0131 da belirtmekten \u00e7ekinmeyen Winston, ki\u015fisel deneyimlerini aktarmay\u0131 ve y\u00fczy\u0131l\u0131m\u0131z\u0131n din alg\u0131s\u0131yla ba\u011flant\u0131lar kurmay\u0131 da ihmal etmiyor. Din insan bilincinin \u015fafa\u011f\u0131ndan bu yana var olmu\u015ftur, \u00e7\u00fcnk\u00fc insan\u0131 insan yapan pek \u00e7ok \u00f6\u011feyi kucaklam\u0131\u015ft\u0131r: ayr\u0131lma ve birle\u015fme, sevgi ve nefret, \u00f6fke ve merhamet, kesin yasalar ve yal\u0131n dindarl\u0131k, kesinlik ve belirsizlik. Hi\u00e7bir fikir bu denli uzun zaman varl\u0131\u011f\u0131n\u0131 s\u00fcrd\u00fcrmemi\u015f, birbirinden tamamen farkl\u0131 bu kadar \u00e7ok gereksinim, istek ve duyguyu bir araya getirmemi\u015f ve onu anlamaya y\u00f6nelik bu kadar \u00e7ok yol a\u00e7\u0131lmas\u0131na esin kayna\u011f\u0131 olmam\u0131\u015ft\u0131r. -Robert Winston- Tarih\u00f6ncesi insandan bug\u00fcne yaz\u0131lm\u0131\u015f en uzun \u00f6yk\u00fc bu: Tanr\u0131n\u0131n \u00d6yk\u00fcs\u00fc \ufffcTan\u0131t\u0131m Metni<\/p>\n","protected":false},"excerpt":{"rendered":"<p>Tanr\u0131 Fikri, tarih boyunca insan\u0131n pe\u015fine d\u00fc\u015ft\u00fc\u011f\u00fc en uzun s\u00fcreli fikir olmu\u015ftur. \u00c7\u00fcnk\u00fc hayat\u0131 ve evreni anlama gereksinimi, insan beyninin \u00e7evremizdeki d\u00fcnyay\u0131 yorumlama bi\u00e7iminin ayr\u0131lmaz bir<span class=\"excerpt-hellip\"> [\u2026]<\/span><\/p>\n","protected":false},"featured_media":0,"template":"","meta":{"_monsterinsights_skip_tracking":false,"_monsterinsights_sitenote_active":false,"_monsterinsights_sitenote_note":"","_monsterinsights_sitenote_category":0},"product_brand":[],"product_cat":[12312,12304],"product_tag":[],"class_list":{"0":"post-692993","1":"product","2":"type-product","3":"status-publish","5":"product_cat-diger","6":"product_cat-tarih","7":"pa_cilt-ciltsiz","8":"pa_tur-kitap","9":"pa_yayinevi-say-yayinlari","10":"pa_yazar-robert-winston","12":"first","13":"instock","14":"sale","15":"shipping-taxable","16":"purchasable","17":"product-type-simple"},"_links":{"self":[{"href":"https:\/\/roveyayinevi.com.tr\/index.php\/wp-json\/wp\/v2\/product\/692993","targetHints":{"allow":["GET"]}}],"collection":[{"href":"https:\/\/roveyayinevi.com.tr\/index.php\/wp-json\/wp\/v2\/product"}],"about":[{"href":"https:\/\/roveyayinevi.com.tr\/index.php\/wp-json\/wp\/v2\/types\/product"}],"wp:attachment":[{"href":"https:\/\/roveyayinevi.com.tr\/index.php\/wp-json\/wp\/v2\/media?parent=692993"}],"wp:term":[{"taxonomy":"product_brand","embeddable":true,"href":"https:\/\/roveyayinevi.com.tr\/index.php\/wp-json\/wp\/v2\/product_brand?post=692993"},{"taxonomy":"product_cat","embeddable":true,"href":"https:\/\/roveyayinevi.com.tr\/index.php\/wp-json\/wp\/v2\/product_cat?post=692993"},{"taxonomy":"product_tag","embeddable":true,"href":"https:\/\/roveyayinevi.com.tr\/index.php\/wp-json\/wp\/v2\/product_tag?post=692993"}],"curies":[{"name":"wp","href":"https:\/\/api.w.org\/{rel}","templated":true}]}}