{"id":692991,"date":"2025-08-27T14:10:02","date_gmt":"2025-08-27T11:10:02","guid":{"rendered":"https:\/\/roveyayinevi.com.tr\/index.php\/urun\/fichte\/"},"modified":"2026-04-16T02:03:00","modified_gmt":"2026-04-15T23:03:00","slug":"fichte","status":"publish","type":"product","link":"https:\/\/roveyayinevi.com.tr\/index.php\/urun\/fichte\/","title":{"rendered":"Fichte"},"content":{"rendered":"<p>Felsefeyle pratik ya\u015fam\u0131 birle\u015ftiren nadir filozoflardan birisi olan Fichte, Kant sonras\u0131 Alman \u0130dealizmi\u2019nin de \u00f6nemli isimlerindendir. Sadece Hegel ve Schelling gibi filozoflar \u00fczerinde de\u011fil, Novalis ve H\u00f6lderlin gibi erken romantikler \u00fczerinde de olduk\u00e7a etkili olmu\u015f ve H\u00f6lderlin \u015fiirinde bu etkiler hissedilmi\u015ftir. Arslan Topakkaya\u2019n\u0131n haz\u0131rlad\u0131\u011f\u0131, dilimizde Fichte hakk\u0131nda yaz\u0131lan ilk telif eser olma \u00f6zelli\u011fini ta\u015f\u0131yan bu kitap, Fichte felsefesinin temel ta\u015flar\u0131ndan olan  Ben  kavram\u0131, neredeyse bir \u00f6m\u00fcr \u00fcst\u00fcne \u00e7al\u0131\u015ft\u0131\u011f\u0131  \u00d6zg\u00fcrl\u00fck anlay\u0131\u015f\u0131 , bilim ve hukuk \u00f6\u011fretisi ile Alman ulusuna s\u00f6ylevlerle ilgili a\u00e7\u0131klay\u0131c\u0131 bilgiler i\u00e7erirken, Fichte hakk\u0131nda yaz\u0131lm\u0131\u015f \u00f6nemli makaleleri ve kendi eserlerinden al\u0131nt\u0131lar\u0131 da bir araya getirmektedir.  Alman idealizmi a\u00e7\u0131s\u0131ndan d\u00fc\u015f\u00fcnd\u00fc\u011f\u00fcm\u00fczde Kant\u2019tan Hegel\u2019e do\u011frudan ge\u00e7i\u015f yapman\u0131n zorlu\u011fu ve anlams\u0131zl\u0131\u011f\u0131 ortadad\u0131r. Fakat Kant\u2019tan Fichte\u2019ye ge\u00e7i\u015f yapt\u0131\u011f\u0131m\u0131zda ve hem felsefe tarihi hem de Alman \u0130dealizmi a\u00e7\u0131s\u0131ndan bakt\u0131\u011f\u0131m\u0131zda b\u00f6yle bir ge\u00e7i\u015f do\u011fru ve tutarl\u0131 bir ge\u00e7i\u015f olur. Kant sonras\u0131 felsefe d\u00fcnyas\u0131na bakt\u0131\u011f\u0131m\u0131zda Fichte\u2019nin hi\u00e7 \u015f\u00fcphesiz hem Kant felsefesini devam ettiren bir filozof oldu\u011fu fakat ayn\u0131 zamanda Kant\u2019\u0131n  yar\u0131 idealizmini  tamamlamak i\u00e7in de b\u00fcy\u00fck gayret sarf etti\u011fini s\u00f6ylemek m\u00fcmk\u00fcnd\u00fcr. <\/p>\n","protected":false},"excerpt":{"rendered":"<p>Felsefeyle pratik ya\u015fam\u0131 birle\u015ftiren nadir filozoflardan birisi olan Fichte, Kant sonras\u0131 Alman \u0130dealizmi\u2019nin de \u00f6nemli isimlerindendir. Sadece Hegel ve Schelling gibi filozoflar \u00fczerinde de\u011fil, Novalis ve<span class=\"excerpt-hellip\"> [\u2026]<\/span><\/p>\n","protected":false},"featured_media":0,"template":"","meta":{"_monsterinsights_skip_tracking":false,"_monsterinsights_sitenote_active":false,"_monsterinsights_sitenote_note":"","_monsterinsights_sitenote_category":0},"product_brand":[],"product_cat":[12389,12388],"product_tag":[],"class_list":{"0":"post-692991","1":"product","2":"type-product","3":"status-publish","5":"product_cat-diger-felsefe","6":"product_cat-felsefe","7":"pa_cilt-ciltsiz","8":"pa_tur-kitap","9":"pa_yayinevi-say-yayinlari","10":"pa_yazar-arslan-topakkaya","12":"first","13":"instock","14":"sale","15":"shipping-taxable","16":"purchasable","17":"product-type-simple"},"_links":{"self":[{"href":"https:\/\/roveyayinevi.com.tr\/index.php\/wp-json\/wp\/v2\/product\/692991","targetHints":{"allow":["GET"]}}],"collection":[{"href":"https:\/\/roveyayinevi.com.tr\/index.php\/wp-json\/wp\/v2\/product"}],"about":[{"href":"https:\/\/roveyayinevi.com.tr\/index.php\/wp-json\/wp\/v2\/types\/product"}],"wp:attachment":[{"href":"https:\/\/roveyayinevi.com.tr\/index.php\/wp-json\/wp\/v2\/media?parent=692991"}],"wp:term":[{"taxonomy":"product_brand","embeddable":true,"href":"https:\/\/roveyayinevi.com.tr\/index.php\/wp-json\/wp\/v2\/product_brand?post=692991"},{"taxonomy":"product_cat","embeddable":true,"href":"https:\/\/roveyayinevi.com.tr\/index.php\/wp-json\/wp\/v2\/product_cat?post=692991"},{"taxonomy":"product_tag","embeddable":true,"href":"https:\/\/roveyayinevi.com.tr\/index.php\/wp-json\/wp\/v2\/product_tag?post=692991"}],"curies":[{"name":"wp","href":"https:\/\/api.w.org\/{rel}","templated":true}]}}