{"id":692990,"date":"2025-08-27T14:10:02","date_gmt":"2025-08-27T11:10:02","guid":{"rendered":"https:\/\/roveyayinevi.com.tr\/index.php\/urun\/sosyolojide-perspektifler\/"},"modified":"2026-04-16T02:03:00","modified_gmt":"2026-04-15T23:03:00","slug":"sosyolojide-perspektifler","status":"publish","type":"product","link":"https:\/\/roveyayinevi.com.tr\/index.php\/urun\/sosyolojide-perspektifler\/","title":{"rendered":"Sosyolojide Perspektifler"},"content":{"rendered":"<p>Kitapta, sosyoloji tarihinin hik\u00e2yesine 19. y\u00fczy\u0131l\u0131n klasik d\u00fc\u015f\u00fcn\u00fcrleri Marx, Weber ve Durkheim\u2019\u0131 ele alarak ba\u015flan\u0131yor. 20. y\u00fczy\u0131l ba\u015flar\u0131ndan itibaren sosyolojide etkili olan perspektifleri tart\u0131\u015farak hik\u00e2ye aktar\u0131lmaya devam ediliyor. Anglo-Amerikan sosyolojide temel etkilerini 1960\u2019larda g\u00f6steren, Avrupa sosyal teorisine yeni bir ilham kayna\u011f\u0131 olu\u015fturan d\u00fc\u015f\u00fcnce bir sonraki b\u00f6l\u00fcmde ele al\u0131n\u0131yor. Akabinde Avrupal\u0131 teorideki yeni hareketler ve onlara tepkilerle ilgileniliyor. G\u00f6r\u00fcn\u00fc\u015fte olduk\u00e7a farkl\u0131 teoriler ve yakla\u015f\u0131mlar\u0131 bir araya getirmeye \u00e7al\u0131\u015fan teorisyenlere, \u201csentezciler\u201d olarak adland\u0131rd\u0131\u011f\u0131m\u0131z Bourdieu, Giddens ve Habermas\u2019a odaklan\u0131l\u0131yor. \u0130nceleme \u0130ngiliz sosyolojisindeki h\u0131zl\u0131 geli\u015fme ve geni\u015fleme ba\u011flam\u0131nda g\u00f6zden ge\u00e7irilerek devam ediyor. Son olarak, modern toplumda uzunca zamand\u0131r s\u00fcrekli geli\u015fen \u00fc\u00e7 ilgi alan\u0131, yani toplumsal cinsiyet, cinsellik ve etnisite ile ba\u011flant\u0131 i\u00e7inde tart\u0131\u015farak hik\u00e2ye s\u00fcrd\u00fcr\u00fcl\u00fcyor. <\/p>\n","protected":false},"excerpt":{"rendered":"<p>Kitapta, sosyoloji tarihinin hik\u00e2yesine 19. y\u00fczy\u0131l\u0131n klasik d\u00fc\u015f\u00fcn\u00fcrleri Marx, Weber ve Durkheim\u2019\u0131 ele alarak ba\u015flan\u0131yor. 20. y\u00fczy\u0131l ba\u015flar\u0131ndan itibaren sosyolojide etkili olan perspektifleri tart\u0131\u015farak hik\u00e2ye aktar\u0131lmaya<span class=\"excerpt-hellip\"> [\u2026]<\/span><\/p>\n","protected":false},"featured_media":0,"template":"","meta":{"_monsterinsights_skip_tracking":false,"_monsterinsights_sitenote_active":false,"_monsterinsights_sitenote_note":"","_monsterinsights_sitenote_category":0},"product_brand":[],"product_cat":[12312,12304],"product_tag":[],"class_list":{"0":"post-692990","1":"product","2":"type-product","3":"status-publish","5":"product_cat-diger","6":"product_cat-tarih","7":"pa_cilt-ciltsiz","8":"pa_tur-kitap","9":"pa_yayinevi-say-yayinlari","10":"pa_yazar-e-c-cuff","12":"first","13":"instock","14":"sale","15":"shipping-taxable","16":"purchasable","17":"product-type-simple"},"_links":{"self":[{"href":"https:\/\/roveyayinevi.com.tr\/index.php\/wp-json\/wp\/v2\/product\/692990","targetHints":{"allow":["GET"]}}],"collection":[{"href":"https:\/\/roveyayinevi.com.tr\/index.php\/wp-json\/wp\/v2\/product"}],"about":[{"href":"https:\/\/roveyayinevi.com.tr\/index.php\/wp-json\/wp\/v2\/types\/product"}],"wp:attachment":[{"href":"https:\/\/roveyayinevi.com.tr\/index.php\/wp-json\/wp\/v2\/media?parent=692990"}],"wp:term":[{"taxonomy":"product_brand","embeddable":true,"href":"https:\/\/roveyayinevi.com.tr\/index.php\/wp-json\/wp\/v2\/product_brand?post=692990"},{"taxonomy":"product_cat","embeddable":true,"href":"https:\/\/roveyayinevi.com.tr\/index.php\/wp-json\/wp\/v2\/product_cat?post=692990"},{"taxonomy":"product_tag","embeddable":true,"href":"https:\/\/roveyayinevi.com.tr\/index.php\/wp-json\/wp\/v2\/product_tag?post=692990"}],"curies":[{"name":"wp","href":"https:\/\/api.w.org\/{rel}","templated":true}]}}