{"id":692988,"date":"2025-08-27T14:10:02","date_gmt":"2025-08-27T11:10:02","guid":{"rendered":"https:\/\/roveyayinevi.com.tr\/index.php\/urun\/feminizmin-abcsi\/"},"modified":"2026-04-16T02:03:00","modified_gmt":"2026-04-15T23:03:00","slug":"feminizmin-abcsi","status":"publish","type":"product","link":"https:\/\/roveyayinevi.com.tr\/index.php\/urun\/feminizmin-abcsi\/","title":{"rendered":"Feminizmin ABC\u2019si"},"content":{"rendered":"<p>B\u00fct\u00fcn d\u00fcnyada oldu\u011fu gibi \u00fclkemizde de kad\u0131n haklar\u0131 g\u00fcncel bir sorun. Kad\u0131n\u0131n \u00f6zg\u00fcrl\u00fcklerine kavu\u015fmas\u0131, aile ili\u015fkisinden ekonomiye, cinsellikten \u00e7al\u0131\u015fma hayat\u0131na kadar her alanda bask\u0131lardan kurtulmas\u0131 \u00e7ok uzun, \u00e7ok yorucu bir \u00e7al\u0131\u015fmay\u0131 gerektirmektedir. Son y\u0131llarda feminist harekette d\u00fcnyadaki geli\u015fmelerin yan\u0131 s\u0131ra T\u00fcrkiye\u2019de de \u00f6nemli geli\u015fmeler meydana geldi. <\/p>\n","protected":false},"excerpt":{"rendered":"<p>B\u00fct\u00fcn d\u00fcnyada oldu\u011fu gibi \u00fclkemizde de kad\u0131n haklar\u0131 g\u00fcncel bir sorun. Kad\u0131n\u0131n \u00f6zg\u00fcrl\u00fcklerine kavu\u015fmas\u0131, aile ili\u015fkisinden ekonomiye, cinsellikten \u00e7al\u0131\u015fma hayat\u0131na kadar her alanda bask\u0131lardan kurtulmas\u0131 \u00e7ok<span class=\"excerpt-hellip\"> [\u2026]<\/span><\/p>\n","protected":false},"featured_media":0,"template":"","meta":{"_monsterinsights_skip_tracking":false,"_monsterinsights_sitenote_active":false,"_monsterinsights_sitenote_note":"","_monsterinsights_sitenote_category":0},"product_brand":[],"product_cat":[12312,12304],"product_tag":[],"class_list":{"0":"post-692988","1":"product","2":"type-product","3":"status-publish","5":"product_cat-diger","6":"product_cat-tarih","7":"pa_cilt-ciltsiz","8":"pa_tur-kitap","9":"pa_yayinevi-say-yayinlari","10":"pa_yazar-necla-arat","12":"first","13":"instock","14":"sale","15":"shipping-taxable","16":"purchasable","17":"product-type-simple"},"_links":{"self":[{"href":"https:\/\/roveyayinevi.com.tr\/index.php\/wp-json\/wp\/v2\/product\/692988","targetHints":{"allow":["GET"]}}],"collection":[{"href":"https:\/\/roveyayinevi.com.tr\/index.php\/wp-json\/wp\/v2\/product"}],"about":[{"href":"https:\/\/roveyayinevi.com.tr\/index.php\/wp-json\/wp\/v2\/types\/product"}],"wp:attachment":[{"href":"https:\/\/roveyayinevi.com.tr\/index.php\/wp-json\/wp\/v2\/media?parent=692988"}],"wp:term":[{"taxonomy":"product_brand","embeddable":true,"href":"https:\/\/roveyayinevi.com.tr\/index.php\/wp-json\/wp\/v2\/product_brand?post=692988"},{"taxonomy":"product_cat","embeddable":true,"href":"https:\/\/roveyayinevi.com.tr\/index.php\/wp-json\/wp\/v2\/product_cat?post=692988"},{"taxonomy":"product_tag","embeddable":true,"href":"https:\/\/roveyayinevi.com.tr\/index.php\/wp-json\/wp\/v2\/product_tag?post=692988"}],"curies":[{"name":"wp","href":"https:\/\/api.w.org\/{rel}","templated":true}]}}