{"id":692984,"date":"2025-08-27T14:10:01","date_gmt":"2025-08-27T11:10:01","guid":{"rendered":"https:\/\/roveyayinevi.com.tr\/index.php\/urun\/egitimci-olarak-schopenhauer\/"},"modified":"2026-04-16T02:02:59","modified_gmt":"2026-04-15T23:02:59","slug":"egitimci-olarak-schopenhauer","status":"publish","type":"product","link":"https:\/\/roveyayinevi.com.tr\/index.php\/urun\/egitimci-olarak-schopenhauer\/","title":{"rendered":"E\u011fitimci Olarak Schopenhauer"},"content":{"rendered":"<p>Pek \u00e7ok \u00fclkeyi ve ulusu ve bir\u00e7ok k\u0131tay\u0131 g\u00f6rm\u00fc\u015f olan bir gezgine, t\u00fcm insanl\u0131\u011f\u0131n ortak \u00f6zellikleri olarak ne t\u00fcr nitelikleri ke\u015ffetti\u011fi soruldu\u011funda \u015f\u00f6yle cevap vermi\u015fti: tembelli\u011fe meyillidirler. \u00c7o\u011fu ki\u015fiye \u00f6yle geliyor ki, e\u011fer gezgin \u015f\u00f6yle deseydi, cevab\u0131 daha do\u011fru ve ge\u00e7erli olurdu: hepsi korku i\u00e7inde. Geleneklerin ve fikirlerin arkas\u0131na gizleniyorlar.Friedrich Nietzsche \ufffcTan\u0131t\u0131m Metni<\/p>\n","protected":false},"excerpt":{"rendered":"<p>Pek \u00e7ok \u00fclkeyi ve ulusu ve bir\u00e7ok k\u0131tay\u0131 g\u00f6rm\u00fc\u015f olan bir gezgine, t\u00fcm insanl\u0131\u011f\u0131n ortak \u00f6zellikleri olarak ne t\u00fcr nitelikleri ke\u015ffetti\u011fi soruldu\u011funda \u015f\u00f6yle cevap vermi\u015fti: tembelli\u011fe<span class=\"excerpt-hellip\"> [\u2026]<\/span><\/p>\n","protected":false},"featured_media":0,"template":"","meta":{"_monsterinsights_skip_tracking":false,"_monsterinsights_sitenote_active":false,"_monsterinsights_sitenote_note":"","_monsterinsights_sitenote_category":0},"product_brand":[],"product_cat":[12389,12388],"product_tag":[],"class_list":{"0":"post-692984","1":"product","2":"type-product","3":"status-publish","5":"product_cat-diger-felsefe","6":"product_cat-felsefe","7":"pa_cilt-ciltsiz","8":"pa_tur-kitap","9":"pa_yayinevi-say-yayinlari","10":"pa_yazar-friedrich-wilhelm-nietzsche","12":"first","13":"instock","14":"sale","15":"shipping-taxable","16":"purchasable","17":"product-type-simple"},"_links":{"self":[{"href":"https:\/\/roveyayinevi.com.tr\/index.php\/wp-json\/wp\/v2\/product\/692984","targetHints":{"allow":["GET"]}}],"collection":[{"href":"https:\/\/roveyayinevi.com.tr\/index.php\/wp-json\/wp\/v2\/product"}],"about":[{"href":"https:\/\/roveyayinevi.com.tr\/index.php\/wp-json\/wp\/v2\/types\/product"}],"wp:attachment":[{"href":"https:\/\/roveyayinevi.com.tr\/index.php\/wp-json\/wp\/v2\/media?parent=692984"}],"wp:term":[{"taxonomy":"product_brand","embeddable":true,"href":"https:\/\/roveyayinevi.com.tr\/index.php\/wp-json\/wp\/v2\/product_brand?post=692984"},{"taxonomy":"product_cat","embeddable":true,"href":"https:\/\/roveyayinevi.com.tr\/index.php\/wp-json\/wp\/v2\/product_cat?post=692984"},{"taxonomy":"product_tag","embeddable":true,"href":"https:\/\/roveyayinevi.com.tr\/index.php\/wp-json\/wp\/v2\/product_tag?post=692984"}],"curies":[{"name":"wp","href":"https:\/\/api.w.org\/{rel}","templated":true}]}}