{"id":692982,"date":"2025-08-27T14:10:00","date_gmt":"2025-08-27T11:10:00","guid":{"rendered":"https:\/\/roveyayinevi.com.tr\/index.php\/urun\/hukuk-ahlak-ve-siyaset-uzerine\/"},"modified":"2026-04-16T02:02:59","modified_gmt":"2026-04-15T23:02:59","slug":"hukuk-ahlak-ve-siyaset-uzerine","status":"publish","type":"product","link":"https:\/\/roveyayinevi.com.tr\/index.php\/urun\/hukuk-ahlak-ve-siyaset-uzerine\/","title":{"rendered":"Hukuk Ahlak ve Siyaset \u00dczerine"},"content":{"rendered":"<p>Bir \u0130nsan\u0131n daha hayata ad\u0131m atar atmaz kendisini i\u00e7inde buldu\u011fu maskeli balodan haberdar edilmesi \u00e7ok \u00f6nemlidir. Aksi halde kar\u015f\u0131la\u015ft\u0131\u011f\u0131nda anlayamayaca\u011f\u0131 ve tahamm\u00fcl edemeyece\u011fi, hatta \u015fa\u015fk\u0131nl\u0131ktan donup kalaca\u011f\u0131 bir\u00e7ok \u015fey vard\u0131r; ve asl\u0131nda uzun \u00f6m\u00fcrl\u00fc olanlar onlar olacakt\u0131r. Al\u00e7akl\u0131\u011f\u0131n g\u00f6rd\u00fc\u011f\u00fc himaye, erdemin \u00e7ekti\u011fi ald\u0131rmazl\u0131k, hakikate ve b\u00fcy\u00fck yeteneklere tahamm\u00fcls\u00fczl\u00fck hatta garezk\u00e2rl\u0131k, bilim adamlar\u0131n\u0131n kendi sahas\u0131ndaki cehaleti, halis mamullerin neredeyse her zaman a\u015fa\u011f\u0131lanmas\u0131 ve sadece sahtelerinin ba\u015f tac\u0131 edilmesi b\u00f6yle bir \u015feydir s\u00f6zgelimi. O y\u00fczden gen\u00e7ler bu maskeli baloda elmalar\u0131n balmumundan, \u00e7i\u00e7eklerin ipekten, bal\u0131klar\u0131n mukavvadan yap\u0131lma ve istisnas\u0131z her \u015feyin oyun ve oyuncaktan ibaret oldu\u011funu mutlaka \u00f6\u011frensinler. Birbirleriyle ciddi ciddi i\u015f yapma azmi i\u00e7erisindeki iki insandan birinin sahte mallar tedarik etti\u011fini, di\u011ferinin de bunun kar\u015f\u0131l\u0131\u011f\u0131nda ona kalp paralar \u00f6dedi\u011fini onlara zaman\u0131nda s\u00f6ylemek gerekir. <\/p>\n","protected":false},"excerpt":{"rendered":"<p>Bir \u0130nsan\u0131n daha hayata ad\u0131m atar atmaz kendisini i\u00e7inde buldu\u011fu maskeli balodan haberdar edilmesi \u00e7ok \u00f6nemlidir. Aksi halde kar\u015f\u0131la\u015ft\u0131\u011f\u0131nda anlayamayaca\u011f\u0131 ve tahamm\u00fcl edemeyece\u011fi, hatta \u015fa\u015fk\u0131nl\u0131ktan donup<span class=\"excerpt-hellip\"> [\u2026]<\/span><\/p>\n","protected":false},"featured_media":0,"template":"","meta":{"_monsterinsights_skip_tracking":false,"_monsterinsights_sitenote_active":false,"_monsterinsights_sitenote_note":"","_monsterinsights_sitenote_category":0},"product_brand":[],"product_cat":[12312,12304],"product_tag":[],"class_list":{"0":"post-692982","1":"product","2":"type-product","3":"status-publish","5":"product_cat-diger","6":"product_cat-tarih","7":"pa_cilt-ciltsiz","8":"pa_tur-kitap","9":"pa_yayinevi-say-yayinlari","10":"pa_yazar-arthur-schopenhauer","12":"first","13":"instock","14":"sale","15":"shipping-taxable","16":"purchasable","17":"product-type-simple"},"_links":{"self":[{"href":"https:\/\/roveyayinevi.com.tr\/index.php\/wp-json\/wp\/v2\/product\/692982","targetHints":{"allow":["GET"]}}],"collection":[{"href":"https:\/\/roveyayinevi.com.tr\/index.php\/wp-json\/wp\/v2\/product"}],"about":[{"href":"https:\/\/roveyayinevi.com.tr\/index.php\/wp-json\/wp\/v2\/types\/product"}],"wp:attachment":[{"href":"https:\/\/roveyayinevi.com.tr\/index.php\/wp-json\/wp\/v2\/media?parent=692982"}],"wp:term":[{"taxonomy":"product_brand","embeddable":true,"href":"https:\/\/roveyayinevi.com.tr\/index.php\/wp-json\/wp\/v2\/product_brand?post=692982"},{"taxonomy":"product_cat","embeddable":true,"href":"https:\/\/roveyayinevi.com.tr\/index.php\/wp-json\/wp\/v2\/product_cat?post=692982"},{"taxonomy":"product_tag","embeddable":true,"href":"https:\/\/roveyayinevi.com.tr\/index.php\/wp-json\/wp\/v2\/product_tag?post=692982"}],"curies":[{"name":"wp","href":"https:\/\/api.w.org\/{rel}","templated":true}]}}