{"id":692977,"date":"2025-08-27T14:09:59","date_gmt":"2025-08-27T11:09:59","guid":{"rendered":"https:\/\/roveyayinevi.com.tr\/index.php\/urun\/dogada-fotografi-gormek\/"},"modified":"2026-04-16T02:02:59","modified_gmt":"2026-04-15T23:02:59","slug":"dogada-fotografi-gormek","status":"publish","type":"product","link":"https:\/\/roveyayinevi.com.tr\/index.php\/urun\/dogada-fotografi-gormek\/","title":{"rendered":"Do\u011fada Foto\u011fraf\u0131 G\u00f6rmek"},"content":{"rendered":"<p>Do\u011fa Foto\u011fraf\u00e7\u0131s\u0131n\u0131n Elkitab\u0131 isimli bir \u00f6nceki kitab\u0131nda do\u011fa foto\u011fraf\u0131n\u0131n hangi konular\u0131 kapsad\u0131\u011f\u0131n\u0131, hangi konunun ne \u015fekilde \u00e7ekilmesi gerekti\u011fini ve ba\u015far\u0131l\u0131 bir \u00e7ekim i\u00e7in nelerin gerekli oldu\u011funu sade ve anla\u015f\u0131l\u0131r bir dille anlatan tecr\u00fcbeli do\u011fa foto\u011fraf\u00e7\u0131s\u0131 Tar\u0131k Yurtgezer, bir kez daha okurunun kar\u015f\u0131s\u0131na \u00e7\u0131k\u0131yor. <\/p>\n","protected":false},"excerpt":{"rendered":"<p>Do\u011fa Foto\u011fraf\u00e7\u0131s\u0131n\u0131n Elkitab\u0131 isimli bir \u00f6nceki kitab\u0131nda do\u011fa foto\u011fraf\u0131n\u0131n hangi konular\u0131 kapsad\u0131\u011f\u0131n\u0131, hangi konunun ne \u015fekilde \u00e7ekilmesi gerekti\u011fini ve ba\u015far\u0131l\u0131 bir \u00e7ekim i\u00e7in nelerin gerekli oldu\u011funu<span class=\"excerpt-hellip\"> [\u2026]<\/span><\/p>\n","protected":false},"featured_media":0,"template":"","meta":{"_monsterinsights_skip_tracking":false,"_monsterinsights_sitenote_active":false,"_monsterinsights_sitenote_note":"","_monsterinsights_sitenote_category":0},"product_brand":[],"product_cat":[12409,12408],"product_tag":[],"class_list":{"0":"post-692977","1":"product","2":"type-product","3":"status-publish","5":"product_cat-fotograf-sinema-tiyatro","6":"product_cat-sanat","7":"pa_cilt-ciltsiz","8":"pa_tur-kitap","9":"pa_yayinevi-say-yayinlari","10":"pa_yazar-tarik-yurtgezer","12":"first","13":"instock","14":"sale","15":"shipping-taxable","16":"purchasable","17":"product-type-simple"},"_links":{"self":[{"href":"https:\/\/roveyayinevi.com.tr\/index.php\/wp-json\/wp\/v2\/product\/692977","targetHints":{"allow":["GET"]}}],"collection":[{"href":"https:\/\/roveyayinevi.com.tr\/index.php\/wp-json\/wp\/v2\/product"}],"about":[{"href":"https:\/\/roveyayinevi.com.tr\/index.php\/wp-json\/wp\/v2\/types\/product"}],"wp:attachment":[{"href":"https:\/\/roveyayinevi.com.tr\/index.php\/wp-json\/wp\/v2\/media?parent=692977"}],"wp:term":[{"taxonomy":"product_brand","embeddable":true,"href":"https:\/\/roveyayinevi.com.tr\/index.php\/wp-json\/wp\/v2\/product_brand?post=692977"},{"taxonomy":"product_cat","embeddable":true,"href":"https:\/\/roveyayinevi.com.tr\/index.php\/wp-json\/wp\/v2\/product_cat?post=692977"},{"taxonomy":"product_tag","embeddable":true,"href":"https:\/\/roveyayinevi.com.tr\/index.php\/wp-json\/wp\/v2\/product_tag?post=692977"}],"curies":[{"name":"wp","href":"https:\/\/api.w.org\/{rel}","templated":true}]}}