{"id":692976,"date":"2025-08-27T14:09:59","date_gmt":"2025-08-27T11:09:59","guid":{"rendered":"https:\/\/roveyayinevi.com.tr\/index.php\/urun\/devlet-adami\/"},"modified":"2026-04-16T02:02:59","modified_gmt":"2026-04-15T23:02:59","slug":"devlet-adami","status":"publish","type":"product","link":"https:\/\/roveyayinevi.com.tr\/index.php\/urun\/devlet-adami\/","title":{"rendered":"Devlet Adam\u0131"},"content":{"rendered":"<p>Platon, hi\u00e7 ku\u015fku yok ki d\u00fc\u015f\u00fcnce tarihinin en \u00f6nemli ve etkili filozoflar\u0131ndan biridir. Felsefenin kurumsalla\u015fmas\u0131na ve felsefede yaz\u0131l\u0131 gelene\u011fin olu\u015fmas\u0131na katk\u0131da bulunmu\u015f, iki d\u00fcnyal\u0131 metafizi\u011fiyle b\u00fct\u00fcn bir Orta\u00e7a\u011f d\u00fc\u015f\u00fcncesini belirleyecek olan idealist felsefe gelene\u011finin ba\u015flat\u0131c\u0131s\u0131 olmu\u015ftur. H\u0131ristiyan Orta\u00e7a\u011f felsefesine ve \u0130slam d\u00fc\u015f\u00fcncesine etkisi bak\u0131m\u0131ndan da ayr\u0131ca \u00f6nem ta\u015f\u0131yan Platon, d\u00fc\u015f\u00fcnce tarihi boyunca tart\u0131\u015f\u0131lan t\u00fcm problemleri y\u00fczlerce y\u0131l \u00f6ncesinden ele alm\u0131\u015f ve ilk b\u00fcy\u00fck felsefi sistemi in\u015fa etmi\u015ftir.Devlet Adam\u0131, Platon\u2019un siyaset ve hukuk felsefesini ortaya koydu\u011fu \u00fc\u00e7 temel diyalogdan birisidir. Devlet ve Yasalar diyaloglar\u0131 ile birlikte bir \u00fc\u00e7l\u00fc meydana getirir. Bu \u00fc\u00e7l\u00fcn\u00fcn tam ortas\u0131nda bulunan Devlet adam\u0131 siyaset felsefesi a\u00e7\u0131s\u0131ndan, \u201cg\u00f6ky\u00fcz\u00fcnden yery\u00fcz\u00fcne indirilmi\u015f bir felsefe \u201c anlay\u0131\u015f\u0131n\u0131 temsil eder. Ba\u015fka bir deyi\u015fle, Devlet\u2019te ideal bir devlet tasar\u0131m\u0131yla m\u00fckemmeliyet\u00e7ili\u011fi ve \u00fctopyac\u0131l\u0131\u011f\u0131n\u0131 olabilecek en a\u00e7\u0131k \u015fekilde ifade eden Platon, burada biraz da Sicilya ziyaretlerinden gereken dersi \u00e7\u0131karm\u0131\u015f alarak, politika ve hukuk felsefesinde \u00e7ok daha ger\u00e7ek\u00e7i bir tav\u0131r sergiler. Dolay\u0131s\u0131yla da insani d\u00fczeyde iyi bir y\u00f6netimin ilkelerini ve temellerini ortaya koyar. \ufffcTan\u0131t\u0131m Metni<\/p>\n","protected":false},"excerpt":{"rendered":"<p>Platon, hi\u00e7 ku\u015fku yok ki d\u00fc\u015f\u00fcnce tarihinin en \u00f6nemli ve etkili filozoflar\u0131ndan biridir. Felsefenin kurumsalla\u015fmas\u0131na ve felsefede yaz\u0131l\u0131 gelene\u011fin olu\u015fmas\u0131na katk\u0131da bulunmu\u015f, iki d\u00fcnyal\u0131 metafizi\u011fiyle b\u00fct\u00fcn<span class=\"excerpt-hellip\"> [\u2026]<\/span><\/p>\n","protected":false},"featured_media":0,"template":"","meta":{"_monsterinsights_skip_tracking":false,"_monsterinsights_sitenote_active":false,"_monsterinsights_sitenote_note":"","_monsterinsights_sitenote_category":0},"product_brand":[],"product_cat":[12389,12388],"product_tag":[],"class_list":{"0":"post-692976","1":"product","2":"type-product","3":"status-publish","5":"product_cat-diger-felsefe","6":"product_cat-felsefe","7":"pa_cilt-ciltsiz","8":"pa_tur-kitap","9":"pa_yayinevi-say-yayinlari","10":"pa_yazar-platon-eflatun","12":"first","13":"instock","14":"sale","15":"shipping-taxable","16":"purchasable","17":"product-type-simple"},"_links":{"self":[{"href":"https:\/\/roveyayinevi.com.tr\/index.php\/wp-json\/wp\/v2\/product\/692976","targetHints":{"allow":["GET"]}}],"collection":[{"href":"https:\/\/roveyayinevi.com.tr\/index.php\/wp-json\/wp\/v2\/product"}],"about":[{"href":"https:\/\/roveyayinevi.com.tr\/index.php\/wp-json\/wp\/v2\/types\/product"}],"wp:attachment":[{"href":"https:\/\/roveyayinevi.com.tr\/index.php\/wp-json\/wp\/v2\/media?parent=692976"}],"wp:term":[{"taxonomy":"product_brand","embeddable":true,"href":"https:\/\/roveyayinevi.com.tr\/index.php\/wp-json\/wp\/v2\/product_brand?post=692976"},{"taxonomy":"product_cat","embeddable":true,"href":"https:\/\/roveyayinevi.com.tr\/index.php\/wp-json\/wp\/v2\/product_cat?post=692976"},{"taxonomy":"product_tag","embeddable":true,"href":"https:\/\/roveyayinevi.com.tr\/index.php\/wp-json\/wp\/v2\/product_tag?post=692976"}],"curies":[{"name":"wp","href":"https:\/\/api.w.org\/{rel}","templated":true}]}}