{"id":692975,"date":"2025-08-27T14:09:59","date_gmt":"2025-08-27T11:09:59","guid":{"rendered":"https:\/\/roveyayinevi.com.tr\/index.php\/urun\/ricoeur-sozlugu\/"},"modified":"2026-04-16T02:02:59","modified_gmt":"2026-04-15T23:02:59","slug":"ricoeur-sozlugu","status":"publish","type":"product","link":"https:\/\/roveyayinevi.com.tr\/index.php\/urun\/ricoeur-sozlugu\/","title":{"rendered":"Ricoeur S\u00f6zl\u00fc\u011f\u00fc"},"content":{"rendered":"<p>Ricoeur, yeni kavramlar yaratmaktansa mevcut haliyle dile yaslanan nadir d\u00fc\u015f\u00fcn\u00fcrlerdendir. Ola\u011fan dilin bu hazineleri ona g\u00f6re sorunlar\u0131 ilk kavray\u0131\u015f\u0131m\u0131zla ba\u011flant\u0131l\u0131d\u0131r. Saf tan\u0131mlardan yola \u00e7\u0131karak dilde bir tabula rasa olu\u015fturulaca\u011f\u0131na inanmaktansa, felsefenin bu felsefi olmayan kaynaklar\u0131ndan hareket etmek ona g\u00f6re her zaman tercih nedenidir. Onun yapt\u0131\u011f\u0131 daha ziyade bir  kar\u015f\u0131l\u0131kl\u0131 konu\u015fma , yorumlayarak kavramlardaki anlam belirsizli\u011fini \u00e7\u00f6zmektir. Bu y\u00fczden kitaplar\u0131n\u0131n baz\u0131lar\u0131 art arda gelen okuma par\u00e7alar\u0131n\u0131n bir diyalog halinde s\u0131ralanmas\u0131 gibidir. Zaten okumak da, ba\u015fkas\u0131n\u0131n s\u00f6z da\u011far\u0131n\u0131 kendimize uyarlamak ve s\u00f6ylemimizi, ba\u015fkas\u0131n\u0131n s\u00f6ylemiyle kayna\u015fmaya al\u0131\u015ft\u0131rma bak\u0131m\u0131ndan ba\u015fkas\u0131na g\u00f6sterilen sayg\u0131 de\u011fil midir? Ricoeur bir terimin kavramsal alan\u0131n\u0131 veya bir s\u00f6ylemin sentaks\u0131n\u0131 sab\u0131rla bozarak ve yeniden yaparak, s\u0131n\u0131rlar\u0131 ya da \u00e7\u0131kmazlar\u0131 her seferinde yeniden aramaktan hi\u00e7 vazge\u00e7mez. Kulland\u0131\u011f\u0131m\u0131z kelimelerin anlamlar\u0131 hakk\u0131ndaki basit g\u00f6r\u00fcnen sorular, Ricoeur felsefesinde b\u00fcy\u00fck meseleleri ve kavramlar alan\u0131n\u0131 yeniden in\u015fa etme tarz\u0131d\u0131r. <\/p>\n","protected":false},"excerpt":{"rendered":"<p>Ricoeur, yeni kavramlar yaratmaktansa mevcut haliyle dile yaslanan nadir d\u00fc\u015f\u00fcn\u00fcrlerdendir. Ola\u011fan dilin bu hazineleri ona g\u00f6re sorunlar\u0131 ilk kavray\u0131\u015f\u0131m\u0131zla ba\u011flant\u0131l\u0131d\u0131r. Saf tan\u0131mlardan yola \u00e7\u0131karak dilde bir<span class=\"excerpt-hellip\"> [\u2026]<\/span><\/p>\n","protected":false},"featured_media":0,"template":"","meta":{"_monsterinsights_skip_tracking":false,"_monsterinsights_sitenote_active":false,"_monsterinsights_sitenote_note":"","_monsterinsights_sitenote_category":0},"product_brand":[],"product_cat":[12274,14573],"product_tag":[],"class_list":{"0":"post-692975","1":"product","2":"type-product","3":"status-publish","5":"product_cat-cocuk-ve-genclik-kitaplari","6":"product_cat-referans-kitaplar-cocuk-ve-genclik-kitaplari","7":"pa_cilt-ciltsiz","8":"pa_tur-kitap","9":"pa_yayinevi-say-yayinlari","10":"pa_yazar-olivier-abel","12":"first","13":"instock","14":"sale","15":"shipping-taxable","16":"purchasable","17":"product-type-simple"},"_links":{"self":[{"href":"https:\/\/roveyayinevi.com.tr\/index.php\/wp-json\/wp\/v2\/product\/692975","targetHints":{"allow":["GET"]}}],"collection":[{"href":"https:\/\/roveyayinevi.com.tr\/index.php\/wp-json\/wp\/v2\/product"}],"about":[{"href":"https:\/\/roveyayinevi.com.tr\/index.php\/wp-json\/wp\/v2\/types\/product"}],"wp:attachment":[{"href":"https:\/\/roveyayinevi.com.tr\/index.php\/wp-json\/wp\/v2\/media?parent=692975"}],"wp:term":[{"taxonomy":"product_brand","embeddable":true,"href":"https:\/\/roveyayinevi.com.tr\/index.php\/wp-json\/wp\/v2\/product_brand?post=692975"},{"taxonomy":"product_cat","embeddable":true,"href":"https:\/\/roveyayinevi.com.tr\/index.php\/wp-json\/wp\/v2\/product_cat?post=692975"},{"taxonomy":"product_tag","embeddable":true,"href":"https:\/\/roveyayinevi.com.tr\/index.php\/wp-json\/wp\/v2\/product_tag?post=692975"}],"curies":[{"name":"wp","href":"https:\/\/api.w.org\/{rel}","templated":true}]}}