{"id":692973,"date":"2025-08-27T14:09:58","date_gmt":"2025-08-27T11:09:58","guid":{"rendered":"https:\/\/roveyayinevi.com.tr\/index.php\/urun\/reklam-ve-reklamcilik\/"},"modified":"2026-04-16T02:02:59","modified_gmt":"2026-04-15T23:02:59","slug":"reklam-ve-reklamcilik","status":"publish","type":"product","link":"https:\/\/roveyayinevi.com.tr\/index.php\/urun\/reklam-ve-reklamcilik\/","title":{"rendered":"Reklam ve Reklamc\u0131l\u0131k"},"content":{"rendered":"<p>Ortak bir amac\u0131 ger\u00e7ekle\u015ftirme iste\u011fi do\u011frultusunda fiziksel ve insansal kaynaklar\u0131n bir araya getirilmesiyle kurulan \u00f6rg\u00fctler belli \u00e7evresel ko\u015fullar \u00e7er\u00e7evesinde ya\u015famlar\u0131n\u0131 s\u00fcrd\u00fcr\u00fcrler ve kendilerini ifade edebilmek, ger\u00e7ekle\u015ftirdikleri faaliyetlere destek bulabilmek, \u00fcrettikleri mal, hizmet ya da fikirleri topluma etkili bir \u015fekilde sunabilmek i\u00e7in s\u00fcrekli olarak \u00e7evreleriyle ve hedef kitleleriyle kuracaklar\u0131 etkili ileti\u015fimin yollar\u0131n\u0131 ararlar. Bu ba\u011flamda, pazarlama disiplininin pazarlama ileti\u015fiminin karmas\u0131 i\u00e7inde yer alan bir alt alan\u0131 olarak reklam, ya\u015flanan toplumsal de\u011fi\u015fimler, teknolojik devrimler ve bunlar\u0131n do\u011frultusunda ula\u015ft\u0131\u011f\u0131 hedef kitlenin ya\u015fam\u0131nda meydana gelen farkl\u0131la\u015fmalar \u00e7er\u00e7evesinde s\u00fcrekli bir de\u011fi\u015fim g\u00f6sterir. Ege \u00dcniversitesi \u0130leti\u015fim Fak\u00fcltesi Reklamc\u0131l\u0131k B\u00f6l\u00fcm Ba\u015fkan\u0131 Prof. Dr. M\u00fcge Elden \u00f6\u011frencilere ve konunun uygulamac\u0131lar\u0131na y\u00f6nelik Reklam ve Reklamc\u0131l\u0131k adl\u0131 \u00e7al\u0131\u015fmas\u0131nda, temel reklamc\u0131l\u0131k bilgilerini, reklam\u0131n tarihsel geli\u015fimini, reklam ortamlar\u0131n\u0131, reklam kampanyalar\u0131n\u0131n bi\u00e7imlendirilmesini, reklam\u0131n demografik, psikolojik ve sosyo-k\u00fclt\u00fcrel \u00f6zelliklerini, uluslararas\u0131 ve global reklamc\u0131l\u0131k ile medya ajanslar\u0131n\u0131 ve bunlarla ilgili denetim mekanizmalar\u0131n\u0131 kapsaml\u0131 bir bi\u00e7imde inceliyor. \ufffcTan\u0131t\u0131m Metni<\/p>\n","protected":false},"excerpt":{"rendered":"<p>Ortak bir amac\u0131 ger\u00e7ekle\u015ftirme iste\u011fi do\u011frultusunda fiziksel ve insansal kaynaklar\u0131n bir araya getirilmesiyle kurulan \u00f6rg\u00fctler belli \u00e7evresel ko\u015fullar \u00e7er\u00e7evesinde ya\u015famlar\u0131n\u0131 s\u00fcrd\u00fcr\u00fcrler ve kendilerini ifade edebilmek, ger\u00e7ekle\u015ftirdikleri<span class=\"excerpt-hellip\"> [\u2026]<\/span><\/p>\n","protected":false},"featured_media":0,"template":"","meta":{"_monsterinsights_skip_tracking":false,"_monsterinsights_sitenote_active":false,"_monsterinsights_sitenote_note":"","_monsterinsights_sitenote_category":0},"product_brand":[],"product_cat":[13043],"product_tag":[],"class_list":{"0":"post-692973","1":"product","2":"type-product","3":"status-publish","5":"product_cat-ekonomi","6":"pa_cilt-ciltsiz","7":"pa_tur-kitap","8":"pa_yayinevi-say-yayinlari","9":"pa_yazar-muge-elden","11":"first","12":"instock","13":"sale","14":"shipping-taxable","15":"purchasable","16":"product-type-simple"},"_links":{"self":[{"href":"https:\/\/roveyayinevi.com.tr\/index.php\/wp-json\/wp\/v2\/product\/692973","targetHints":{"allow":["GET"]}}],"collection":[{"href":"https:\/\/roveyayinevi.com.tr\/index.php\/wp-json\/wp\/v2\/product"}],"about":[{"href":"https:\/\/roveyayinevi.com.tr\/index.php\/wp-json\/wp\/v2\/types\/product"}],"wp:attachment":[{"href":"https:\/\/roveyayinevi.com.tr\/index.php\/wp-json\/wp\/v2\/media?parent=692973"}],"wp:term":[{"taxonomy":"product_brand","embeddable":true,"href":"https:\/\/roveyayinevi.com.tr\/index.php\/wp-json\/wp\/v2\/product_brand?post=692973"},{"taxonomy":"product_cat","embeddable":true,"href":"https:\/\/roveyayinevi.com.tr\/index.php\/wp-json\/wp\/v2\/product_cat?post=692973"},{"taxonomy":"product_tag","embeddable":true,"href":"https:\/\/roveyayinevi.com.tr\/index.php\/wp-json\/wp\/v2\/product_tag?post=692973"}],"curies":[{"name":"wp","href":"https:\/\/api.w.org\/{rel}","templated":true}]}}