{"id":692972,"date":"2025-08-27T14:09:58","date_gmt":"2025-08-27T11:09:58","guid":{"rendered":"https:\/\/roveyayinevi.com.tr\/index.php\/urun\/sanan-seyhi\/"},"modified":"2026-04-16T02:02:59","modified_gmt":"2026-04-15T23:02:59","slug":"sanan-seyhi","status":"publish","type":"product","link":"https:\/\/roveyayinevi.com.tr\/index.php\/urun\/sanan-seyhi\/","title":{"rendered":"San\u2019an \u015eeyhi"},"content":{"rendered":"<p>Gam karanl\u0131\u011f\u0131n\u0131n kandili a\u015fkt\u0131r. Gizli hazinenin anahtar\u0131 a\u015fkt\u0131r. \u00c2\u015f\u0131klarda huzur, zevk, sevin\u00e7 olur. Temiz \u00e2\u015f\u0131klar etek gibi topra\u011fa bulan\u0131r. A\u015fk \u015farab\u0131yla sarho\u015f olanlar \u00f6l\u00fcm kadehini i\u00e7er, mahmurlu\u011fu atar. A\u015fk ate\u015fiyle g\u00f6nl\u00fc yanan ki\u015fi ab\u0131hayat verilse istemez. A\u011fa\u00e7lar sonbaharda yapraklar\u0131n\u0131 nas\u0131l d\u00f6kerse, \u00e2\u015f\u0131klar da \u00fcstlerindeki giysilerden s\u0131yr\u0131l\u0131r. \u00c2\u015f\u0131klar\u0131n benzi hazan yapra\u011f\u0131 gibi sarar\u0131r, v\u00fccudu titremeye ba\u015flar. C\u00e2n\u00e2n\u2019\u0131n sevgisine eri\u015fen kimsenin ba\u015f\u0131na g\u00fcne\u015f do\u011far. <\/p>\n","protected":false},"excerpt":{"rendered":"<p>Gam karanl\u0131\u011f\u0131n\u0131n kandili a\u015fkt\u0131r. Gizli hazinenin anahtar\u0131 a\u015fkt\u0131r. \u00c2\u015f\u0131klarda huzur, zevk, sevin\u00e7 olur. Temiz \u00e2\u015f\u0131klar etek gibi topra\u011fa bulan\u0131r. A\u015fk \u015farab\u0131yla sarho\u015f olanlar \u00f6l\u00fcm kadehini i\u00e7er,<span class=\"excerpt-hellip\"> [\u2026]<\/span><\/p>\n","protected":false},"featured_media":0,"template":"","meta":{"_monsterinsights_skip_tracking":false,"_monsterinsights_sitenote_active":false,"_monsterinsights_sitenote_note":"","_monsterinsights_sitenote_category":0},"product_brand":[],"product_cat":[13661,12291],"product_tag":[],"class_list":{"0":"post-692972","1":"product","2":"type-product","3":"status-publish","5":"product_cat-diger-ulke-edebiyatlari","6":"product_cat-edebiyat","7":"pa_cilt-ciltsiz","8":"pa_tur-kitap","9":"pa_yayinevi-say-yayinlari","10":"pa_yazar-feriduddin-i-attar","12":"first","13":"instock","14":"sale","15":"shipping-taxable","16":"purchasable","17":"product-type-simple"},"_links":{"self":[{"href":"https:\/\/roveyayinevi.com.tr\/index.php\/wp-json\/wp\/v2\/product\/692972","targetHints":{"allow":["GET"]}}],"collection":[{"href":"https:\/\/roveyayinevi.com.tr\/index.php\/wp-json\/wp\/v2\/product"}],"about":[{"href":"https:\/\/roveyayinevi.com.tr\/index.php\/wp-json\/wp\/v2\/types\/product"}],"wp:attachment":[{"href":"https:\/\/roveyayinevi.com.tr\/index.php\/wp-json\/wp\/v2\/media?parent=692972"}],"wp:term":[{"taxonomy":"product_brand","embeddable":true,"href":"https:\/\/roveyayinevi.com.tr\/index.php\/wp-json\/wp\/v2\/product_brand?post=692972"},{"taxonomy":"product_cat","embeddable":true,"href":"https:\/\/roveyayinevi.com.tr\/index.php\/wp-json\/wp\/v2\/product_cat?post=692972"},{"taxonomy":"product_tag","embeddable":true,"href":"https:\/\/roveyayinevi.com.tr\/index.php\/wp-json\/wp\/v2\/product_tag?post=692972"}],"curies":[{"name":"wp","href":"https:\/\/api.w.org\/{rel}","templated":true}]}}