{"id":692968,"date":"2025-08-27T14:09:57","date_gmt":"2025-08-27T11:09:57","guid":{"rendered":"https:\/\/roveyayinevi.com.tr\/index.php\/urun\/kisa-avrupa-tarihi\/"},"modified":"2026-04-16T02:02:59","modified_gmt":"2026-04-15T23:02:59","slug":"kisa-avrupa-tarihi","status":"publish","type":"product","link":"https:\/\/roveyayinevi.com.tr\/index.php\/urun\/kisa-avrupa-tarihi\/","title":{"rendered":"K\u0131sa Avrupa Tarihi"},"content":{"rendered":"<p>Avrupa matbaa, k\u00e2\u011f\u0131t, pusula ve barut gibi eski icatlar\u0131 ve ba\u015fka pek \u00e7ok \u015feyi Do\u011fu\u2019dan alm\u0131\u015f olabilir, ama R\u00f6nesans, Modern Bilim, Reform, Ayd\u0131nlanma, Sanayi Devrimi, Modern Demokrasi gibi t\u00fcm d\u00fcnyay\u0131 etkileyen geli\u015fmeler Avrupa\u2019ya \u00f6zg\u00fcd\u00fcr. \u00dcnl\u00fc Avustralyal\u0131 tarih\u00e7i John Hirst K\u0131sa Avrupa Tarihi adl\u0131 eserinde Avrupa\u2019y\u0131 benzersiz k\u0131lan nitelikleri b\u00fcy\u00fcleyici bir \u015fekilde ke\u015ffediyor. Avrupa uygarl\u0131\u011f\u0131n\u0131n Eski Yunan ve Roma bilimi, H\u0131ristiyanl\u0131k ve Cermen sava\u015f\u00e7\u0131 k\u00fclt\u00fcr\u00fcn\u00fcn bir kar\u0131\u015f\u0131m meydana getirmesi sonucunda nas\u0131l olu\u015ftu\u011funu ustal\u0131kla anlat\u0131yor. Bu kar\u0131\u015f\u0131m\u0131n, y\u00fczy\u0131llar boyunca \u015f\u00f6valyeler, papalar, romantikler ve devrimciler gibi bir\u00e7ok ilgin\u00e7 fig\u00fcr \u00fcretti\u011fini vurgularken, kar\u0131\u015f\u0131m\u0131n da\u011f\u0131lmas\u0131n\u0131n modern Avrupa tarihini \u015fekillendiren dinamikleri olu\u015fturdu\u011funa dikkat \u00e7ekiyor. K\u0131sa Avrupa Tarihi, \u00f6nemli bir uygarl\u0131\u011f\u0131n geli\u015fimini esprili, canl\u0131 ve kolay anla\u015f\u0131l\u0131r bir dille anlatan \u00f6nemli ve k\u0131\u015fk\u0131rt\u0131c\u0131 bir kitap. Avrupa tarihini binlerce sayfan\u0131n i\u00e7ine g\u00f6m\u00fclmeden h\u0131zla \u00f6\u011frenmek isteyen okurlara hitap ediyor. \ufffcTan\u0131t\u0131m Metni<\/p>\n","protected":false},"excerpt":{"rendered":"<p>Avrupa matbaa, k\u00e2\u011f\u0131t, pusula ve barut gibi eski icatlar\u0131 ve ba\u015fka pek \u00e7ok \u015feyi Do\u011fu\u2019dan alm\u0131\u015f olabilir, ama R\u00f6nesans, Modern Bilim, Reform, Ayd\u0131nlanma, Sanayi Devrimi, Modern<span class=\"excerpt-hellip\"> [\u2026]<\/span><\/p>\n","protected":false},"featured_media":0,"template":"","meta":{"_monsterinsights_skip_tracking":false,"_monsterinsights_sitenote_active":false,"_monsterinsights_sitenote_note":"","_monsterinsights_sitenote_category":0},"product_brand":[],"product_cat":[13590,12337],"product_tag":[],"class_list":{"0":"post-692968","1":"product","2":"type-product","3":"status-publish","5":"product_cat-arastirma-inceleme-politika-siyaset","6":"product_cat-politika-siyaset","7":"pa_cilt-ciltsiz","8":"pa_tur-kitap","9":"pa_yayinevi-say-yayinlari","10":"pa_yazar-john-hirst","12":"first","13":"instock","14":"sale","15":"shipping-taxable","16":"purchasable","17":"product-type-simple"},"_links":{"self":[{"href":"https:\/\/roveyayinevi.com.tr\/index.php\/wp-json\/wp\/v2\/product\/692968","targetHints":{"allow":["GET"]}}],"collection":[{"href":"https:\/\/roveyayinevi.com.tr\/index.php\/wp-json\/wp\/v2\/product"}],"about":[{"href":"https:\/\/roveyayinevi.com.tr\/index.php\/wp-json\/wp\/v2\/types\/product"}],"wp:attachment":[{"href":"https:\/\/roveyayinevi.com.tr\/index.php\/wp-json\/wp\/v2\/media?parent=692968"}],"wp:term":[{"taxonomy":"product_brand","embeddable":true,"href":"https:\/\/roveyayinevi.com.tr\/index.php\/wp-json\/wp\/v2\/product_brand?post=692968"},{"taxonomy":"product_cat","embeddable":true,"href":"https:\/\/roveyayinevi.com.tr\/index.php\/wp-json\/wp\/v2\/product_cat?post=692968"},{"taxonomy":"product_tag","embeddable":true,"href":"https:\/\/roveyayinevi.com.tr\/index.php\/wp-json\/wp\/v2\/product_tag?post=692968"}],"curies":[{"name":"wp","href":"https:\/\/api.w.org\/{rel}","templated":true}]}}