{"id":692967,"date":"2025-08-27T14:09:57","date_gmt":"2025-08-27T11:09:57","guid":{"rendered":"https:\/\/roveyayinevi.com.tr\/index.php\/urun\/derrida-sozlugu\/"},"modified":"2026-04-16T02:02:59","modified_gmt":"2026-04-15T23:02:59","slug":"derrida-sozlugu","status":"publish","type":"product","link":"https:\/\/roveyayinevi.com.tr\/index.php\/urun\/derrida-sozlugu\/","title":{"rendered":"Derrida S\u00f6zl\u00fc\u011f\u00fc"},"content":{"rendered":"<p>D\u00fcnyan\u0131n en \u00e7ok okunan, \u00e7evrilen ve yorumlanan filozoflar\u0131ndan birisi olan Derrida, en yenilik\u00e7i isimler aras\u0131nda da \u00f6n s\u0131rada yer al\u0131r. Bu denli ilgi g\u00f6ren Derrida felsefesinin \u00f6zelli\u011fi, s\u00fcrekli, \u00e7abuk \u00e7o\u011falan ve \u00e7o\u011fu zaman k\u0131\u015fk\u0131rt\u0131c\u0131 bi\u00e7imde s\u00f6zc\u00fckler yaratmas\u0131d\u0131r. Onun i\u00e7in s\u00f6zc\u00fckler, kavramlara ula\u015fmada s\u0131\u00e7rama tahtas\u0131 de\u011fil aksine, onlar i\u00e7in birer engel ya da tuzak konumundad\u0131r. Derrida felsefesinde yol alabilmek i\u00e7in haz\u0131rlanan bu s\u00f6zl\u00fckte, okura tam ve kesin bir kavray\u0131\u015f vaat edilmeden 2001 sonbahar\u0131na kadar Derrida taraf\u0131ndan en \u00e7ok kullan\u0131lan ve yinelenen  belirsiz  ya da  bile\u015fik  s\u00f6zc\u00fcklerin belli ba\u015fl\u0131 olanlar\u0131na yer verilmektedir. <\/p>\n","protected":false},"excerpt":{"rendered":"<p>D\u00fcnyan\u0131n en \u00e7ok okunan, \u00e7evrilen ve yorumlanan filozoflar\u0131ndan birisi olan Derrida, en yenilik\u00e7i isimler aras\u0131nda da \u00f6n s\u0131rada yer al\u0131r. Bu denli ilgi g\u00f6ren Derrida felsefesinin<span class=\"excerpt-hellip\"> [\u2026]<\/span><\/p>\n","protected":false},"featured_media":0,"template":"","meta":{"_monsterinsights_skip_tracking":false,"_monsterinsights_sitenote_active":false,"_monsterinsights_sitenote_note":"","_monsterinsights_sitenote_category":0},"product_brand":[],"product_cat":[12388,13555],"product_tag":[],"class_list":{"0":"post-692967","1":"product","2":"type-product","3":"status-publish","5":"product_cat-felsefe","6":"product_cat-genel-felsefe","7":"pa_cilt-ciltsiz","8":"pa_tur-kitap","9":"pa_yayinevi-say-yayinlari","10":"pa_yazar-charles-ramond","12":"first","13":"instock","14":"sale","15":"shipping-taxable","16":"purchasable","17":"product-type-simple"},"_links":{"self":[{"href":"https:\/\/roveyayinevi.com.tr\/index.php\/wp-json\/wp\/v2\/product\/692967","targetHints":{"allow":["GET"]}}],"collection":[{"href":"https:\/\/roveyayinevi.com.tr\/index.php\/wp-json\/wp\/v2\/product"}],"about":[{"href":"https:\/\/roveyayinevi.com.tr\/index.php\/wp-json\/wp\/v2\/types\/product"}],"wp:attachment":[{"href":"https:\/\/roveyayinevi.com.tr\/index.php\/wp-json\/wp\/v2\/media?parent=692967"}],"wp:term":[{"taxonomy":"product_brand","embeddable":true,"href":"https:\/\/roveyayinevi.com.tr\/index.php\/wp-json\/wp\/v2\/product_brand?post=692967"},{"taxonomy":"product_cat","embeddable":true,"href":"https:\/\/roveyayinevi.com.tr\/index.php\/wp-json\/wp\/v2\/product_cat?post=692967"},{"taxonomy":"product_tag","embeddable":true,"href":"https:\/\/roveyayinevi.com.tr\/index.php\/wp-json\/wp\/v2\/product_tag?post=692967"}],"curies":[{"name":"wp","href":"https:\/\/api.w.org\/{rel}","templated":true}]}}