{"id":692966,"date":"2025-08-27T14:09:57","date_gmt":"2025-08-27T11:09:57","guid":{"rendered":"https:\/\/roveyayinevi.com.tr\/index.php\/urun\/denemeler-4-cilt-takim\/"},"modified":"2026-04-16T02:02:59","modified_gmt":"2026-04-15T23:02:59","slug":"denemeler-4-cilt-takim","status":"publish","type":"product","link":"https:\/\/roveyayinevi.com.tr\/index.php\/urun\/denemeler-4-cilt-takim\/","title":{"rendered":"Denemeler (4 Cilt Tak\u0131m)"},"content":{"rendered":"<p>Montaigne az say\u0131da insan i\u00e7in yazd\u0131\u011f\u0131n\u0131 iddia etse de, Denemeler bug\u00fcn h\u00e2l\u00e2 d\u00fcnyan\u0131n her yerinde ayn\u0131 etki ve g\u00fcncellikle yazar\u0131n\u0131n ad\u0131n\u0131 parlatmaya devam ediyor. Kendi kendini b\u00fcy\u00fck bir dikkatle, \u00e7ekincesiz ele\u015ftirel bir titizlikle ve dur durak bilmeyen bir n\u00fcktedanl\u0131kla g\u00f6zleyen bu parlak zek\u00e2n\u0131n \u201cya\u015fam\u0131n\u0131n \u00e7o\u011fu g\u00fcn\u00fcn\u00fc ve g\u00fcn\u00fcn\u00fcn \u00e7o\u011fu zaman\u0131n\u0131\u201d ge\u00e7irdi\u011fi k\u00fct\u00fcphanesine \u00e7ekilerek evrensel insan\u0131n portresini dost\u00e7a bir hava i\u00e7inde \u00e7izdi\u011fi sayfalar, zamana meydan okuyarak bug\u00fcn de bizi d\u00fc\u015f\u00fcnmeye, \u00f6zellikle de kendi kendimizi d\u00fc\u015f\u00fcnmeye, sadece kendi \u00f6zg\u00fcr d\u00fc\u015f\u00fcncemize ve yarg\u0131m\u0131za g\u00fcvenmeye davet ediyor.<\/p>\n","protected":false},"excerpt":{"rendered":"<p>Montaigne az say\u0131da insan i\u00e7in yazd\u0131\u011f\u0131n\u0131 iddia etse de, Denemeler bug\u00fcn h\u00e2l\u00e2 d\u00fcnyan\u0131n her yerinde ayn\u0131 etki ve g\u00fcncellikle yazar\u0131n\u0131n ad\u0131n\u0131 parlatmaya devam ediyor. Kendi kendini<span class=\"excerpt-hellip\"> [\u2026]<\/span><\/p>\n","protected":false},"featured_media":0,"template":"","meta":{"_monsterinsights_skip_tracking":false,"_monsterinsights_sitenote_active":false,"_monsterinsights_sitenote_note":"","_monsterinsights_sitenote_category":0},"product_brand":[],"product_cat":[12777,12291],"product_tag":[],"class_list":{"0":"post-692966","1":"product","2":"type-product","3":"status-publish","5":"product_cat-deneme","6":"product_cat-edebiyat","7":"pa_cilt-ciltsiz","8":"pa_tur-kitap","9":"pa_yayinevi-say-yayinlari","10":"pa_yazar-michel-de-montaigne","12":"first","13":"instock","14":"sale","15":"shipping-taxable","16":"purchasable","17":"product-type-simple"},"_links":{"self":[{"href":"https:\/\/roveyayinevi.com.tr\/index.php\/wp-json\/wp\/v2\/product\/692966","targetHints":{"allow":["GET"]}}],"collection":[{"href":"https:\/\/roveyayinevi.com.tr\/index.php\/wp-json\/wp\/v2\/product"}],"about":[{"href":"https:\/\/roveyayinevi.com.tr\/index.php\/wp-json\/wp\/v2\/types\/product"}],"wp:attachment":[{"href":"https:\/\/roveyayinevi.com.tr\/index.php\/wp-json\/wp\/v2\/media?parent=692966"}],"wp:term":[{"taxonomy":"product_brand","embeddable":true,"href":"https:\/\/roveyayinevi.com.tr\/index.php\/wp-json\/wp\/v2\/product_brand?post=692966"},{"taxonomy":"product_cat","embeddable":true,"href":"https:\/\/roveyayinevi.com.tr\/index.php\/wp-json\/wp\/v2\/product_cat?post=692966"},{"taxonomy":"product_tag","embeddable":true,"href":"https:\/\/roveyayinevi.com.tr\/index.php\/wp-json\/wp\/v2\/product_tag?post=692966"}],"curies":[{"name":"wp","href":"https:\/\/api.w.org\/{rel}","templated":true}]}}