{"id":692965,"date":"2025-08-27T14:09:57","date_gmt":"2025-08-27T11:09:57","guid":{"rendered":"https:\/\/roveyayinevi.com.tr\/index.php\/urun\/insanca-pek-insanca-1-kitap\/"},"modified":"2026-04-16T02:02:59","modified_gmt":"2026-04-15T23:02:59","slug":"insanca-pek-insanca-1-kitap","status":"publish","type":"product","link":"https:\/\/roveyayinevi.com.tr\/index.php\/urun\/insanca-pek-insanca-1-kitap\/","title":{"rendered":"\u0130nsanca, Pek \u0130nsanca 1. Kitap"},"content":{"rendered":"<p>G\u00fczelli\u011fin a\u011f\u0131r oku. En asil g\u00fczellik t\u00fcr\u00fc bizi birdenbire \u00e7arpmaz, f\u0131rt\u0131nal\u0131 ve sarho\u015f edici sald\u0131r\u0131larda bulunmaz (b\u00f6yle bir g\u00fczellik kolayca nefret uyand\u0131r\u0131r); tersine en asil g\u00fczellik, neredeyse fark\u0131nda olmaks\u0131z\u0131n yan\u0131m\u0131zda ta\u015f\u0131d\u0131\u011f\u0131m\u0131z, a\u011f\u0131r a\u011f\u0131r i\u00e7e i\u015fleyen ve yine kimi zaman bir r\u00fcyada kar\u015f\u0131la\u015ft\u0131\u011f\u0131m\u0131z, ama en sonunda, uzunca bir s\u00fcre y\u00fcre\u011fimize \u00f6zenle yerle\u015ftikten sonra, bize tamamen sahip olan ve g\u00f6zlerimizi ya\u015flarla, y\u00fcreklerimizi tutkuyla dolduran t\u00fcrden bir g\u00fczelliktir. G\u00fczelli\u011fi g\u00f6r\u00fcnce ne i\u00e7in yan\u0131p tutu\u015furuz? G\u00fczel olmak i\u00e7in: G\u00fczellikle birikmi\u015f epeyce bir mutluluk\/k\u0131smet olmas\u0131 gerekti\u011fini tasavvur ederiz. Ama bu bir yan\u0131lg\u0131d\u0131r. <\/p>\n","protected":false},"excerpt":{"rendered":"<p>G\u00fczelli\u011fin a\u011f\u0131r oku. En asil g\u00fczellik t\u00fcr\u00fc bizi birdenbire \u00e7arpmaz, f\u0131rt\u0131nal\u0131 ve sarho\u015f edici sald\u0131r\u0131larda bulunmaz (b\u00f6yle bir g\u00fczellik kolayca nefret uyand\u0131r\u0131r); tersine en asil g\u00fczellik,<span class=\"excerpt-hellip\"> [\u2026]<\/span><\/p>\n","protected":false},"featured_media":0,"template":"","meta":{"_monsterinsights_skip_tracking":false,"_monsterinsights_sitenote_active":false,"_monsterinsights_sitenote_note":"","_monsterinsights_sitenote_category":0},"product_brand":[],"product_cat":[12388,15309],"product_tag":[],"class_list":{"0":"post-692965","1":"product","2":"type-product","3":"status-publish","5":"product_cat-felsefe","6":"product_cat-felsefi-akimlar","7":"pa_cilt-ciltsiz","8":"pa_tur-kitap","9":"pa_yayinevi-say-yayinlari","10":"pa_yazar-friedrich-wilhelm-nietzsche","12":"first","13":"instock","14":"sale","15":"shipping-taxable","16":"purchasable","17":"product-type-simple"},"_links":{"self":[{"href":"https:\/\/roveyayinevi.com.tr\/index.php\/wp-json\/wp\/v2\/product\/692965","targetHints":{"allow":["GET"]}}],"collection":[{"href":"https:\/\/roveyayinevi.com.tr\/index.php\/wp-json\/wp\/v2\/product"}],"about":[{"href":"https:\/\/roveyayinevi.com.tr\/index.php\/wp-json\/wp\/v2\/types\/product"}],"wp:attachment":[{"href":"https:\/\/roveyayinevi.com.tr\/index.php\/wp-json\/wp\/v2\/media?parent=692965"}],"wp:term":[{"taxonomy":"product_brand","embeddable":true,"href":"https:\/\/roveyayinevi.com.tr\/index.php\/wp-json\/wp\/v2\/product_brand?post=692965"},{"taxonomy":"product_cat","embeddable":true,"href":"https:\/\/roveyayinevi.com.tr\/index.php\/wp-json\/wp\/v2\/product_cat?post=692965"},{"taxonomy":"product_tag","embeddable":true,"href":"https:\/\/roveyayinevi.com.tr\/index.php\/wp-json\/wp\/v2\/product_tag?post=692965"}],"curies":[{"name":"wp","href":"https:\/\/api.w.org\/{rel}","templated":true}]}}