{"id":692964,"date":"2025-08-27T14:09:57","date_gmt":"2025-08-27T11:09:57","guid":{"rendered":"https:\/\/roveyayinevi.com.tr\/index.php\/urun\/insan-soyunun-egitimi\/"},"modified":"2026-04-16T02:02:59","modified_gmt":"2026-04-15T23:02:59","slug":"insan-soyunun-egitimi","status":"publish","type":"product","link":"https:\/\/roveyayinevi.com.tr\/index.php\/urun\/insan-soyunun-egitimi\/","title":{"rendered":"\u0130nsan Soyunun E\u011fitimi"},"content":{"rendered":"<p>Lessing\u2019in hayat\u0131nda \u00e7arp\u0131c\u0131 olan sadece onun kim ve ne oldu\u011fu de\u011fil, fakat ger\u00e7ek anlamda kim ve ne olmad\u0131\u011f\u0131d\u0131r. Birbirinden \u00e7ok farkl\u0131 alanlarda ard\u0131nda b\u0131rakt\u0131\u011f\u0131 a\u00e7\u0131k mirasa ra\u011fmen Lessing ne bir filozof ve ilahiyat\u00e7\u0131 ne de sanat felsefesi veya dram teorisi \u00fczerine sistematik bir d\u00fc\u015f\u00fcn\u00fcrd\u00fcr. <\/p>\n","protected":false},"excerpt":{"rendered":"<p>Lessing\u2019in hayat\u0131nda \u00e7arp\u0131c\u0131 olan sadece onun kim ve ne oldu\u011fu de\u011fil, fakat ger\u00e7ek anlamda kim ve ne olmad\u0131\u011f\u0131d\u0131r. Birbirinden \u00e7ok farkl\u0131 alanlarda ard\u0131nda b\u0131rakt\u0131\u011f\u0131 a\u00e7\u0131k mirasa<span class=\"excerpt-hellip\"> [\u2026]<\/span><\/p>\n","protected":false},"featured_media":0,"template":"","meta":{"_monsterinsights_skip_tracking":false,"_monsterinsights_sitenote_active":false,"_monsterinsights_sitenote_note":"","_monsterinsights_sitenote_category":0},"product_brand":[],"product_cat":[15499,13488],"product_tag":[],"class_list":{"0":"post-692964","1":"product","2":"type-product","3":"status-publish","5":"product_cat-antropoloji","6":"product_cat-toplum-ve-insan","7":"pa_cilt-ciltsiz","8":"pa_tur-kitap","9":"pa_yayinevi-say-yayinlari","10":"pa_yazar-gotthold-ephraim-lessing","12":"first","13":"instock","14":"sale","15":"shipping-taxable","16":"purchasable","17":"product-type-simple"},"_links":{"self":[{"href":"https:\/\/roveyayinevi.com.tr\/index.php\/wp-json\/wp\/v2\/product\/692964","targetHints":{"allow":["GET"]}}],"collection":[{"href":"https:\/\/roveyayinevi.com.tr\/index.php\/wp-json\/wp\/v2\/product"}],"about":[{"href":"https:\/\/roveyayinevi.com.tr\/index.php\/wp-json\/wp\/v2\/types\/product"}],"wp:attachment":[{"href":"https:\/\/roveyayinevi.com.tr\/index.php\/wp-json\/wp\/v2\/media?parent=692964"}],"wp:term":[{"taxonomy":"product_brand","embeddable":true,"href":"https:\/\/roveyayinevi.com.tr\/index.php\/wp-json\/wp\/v2\/product_brand?post=692964"},{"taxonomy":"product_cat","embeddable":true,"href":"https:\/\/roveyayinevi.com.tr\/index.php\/wp-json\/wp\/v2\/product_cat?post=692964"},{"taxonomy":"product_tag","embeddable":true,"href":"https:\/\/roveyayinevi.com.tr\/index.php\/wp-json\/wp\/v2\/product_tag?post=692964"}],"curies":[{"name":"wp","href":"https:\/\/api.w.org\/{rel}","templated":true}]}}