{"id":692963,"date":"2025-08-27T14:09:56","date_gmt":"2025-08-27T11:09:56","guid":{"rendered":"https:\/\/roveyayinevi.com.tr\/index.php\/urun\/iyi-hissetmek\/"},"modified":"2026-04-11T02:03:47","modified_gmt":"2026-04-10T23:03:47","slug":"iyi-hissetmek","status":"publish","type":"product","link":"https:\/\/roveyayinevi.com.tr\/index.php\/urun\/iyi-hissetmek\/","title":{"rendered":"\u0130yi Hissetmek"},"content":{"rendered":"<p>G\u00f6zden ge\u00e7irilmi\u015f ve \u0130la\u00e7 K\u0131lavuzu eklenmi\u015f yeni bas\u0131m!\u0130\u015fte size iyi bir haber ! Kendinizi kayg\u0131, su\u00e7luluk, k\u00f6t\u00fcmserlik, erteleme, d\u00fc\u015f\u00fck \u00f6zg\u00fcven sayg\u0131s\u0131 ve depresyonun di\u011fer \u2018dipsiz kuyular\u0131ndan\u2019 ila\u00e7s\u0131z kurtarabilirsiniz. \u0130yi Hissetmek\u2019te, psikiyatrist Dr. David D. Burns duygular\u0131n\u0131z\u0131 harekete ge\u00e7irecek ve hayata daha olumlu bakman\u0131z\u0131 sa\u011flayacak, bilimsel olarak test edilmi\u015f teknikler sunuyor.-Duygudurumunuzdaki dalgalanmalar\u0131n nedenlerini anlay\u0131n!-Olumsuz fikirleri kafan\u0131zdan silip at\u0131n!-Su\u00e7luluk duygunuzla ba\u015fa \u00e7\u0131k\u0131n!-Sevgi ve onay ba\u011f\u0131ml\u0131l\u0131\u011f\u0131n\u0131z\u0131n \u00fcstesinden gelin!-\u00d6zg\u00fcveninizi artt\u0131r\u0131n!-\u2018Hi\u00e7bir \u015fey yapmamak\u2019 ile ba\u015f edin!-Depresyonun ac\u0131 veren girdab\u0131ndan kurtulun!<\/p>\n","protected":false},"excerpt":{"rendered":"<p>G\u00f6zden ge\u00e7irilmi\u015f ve \u0130la\u00e7 K\u0131lavuzu eklenmi\u015f yeni bas\u0131m!\u0130\u015fte size iyi bir haber ! Kendinizi kayg\u0131, su\u00e7luluk, k\u00f6t\u00fcmserlik, erteleme, d\u00fc\u015f\u00fck \u00f6zg\u00fcven sayg\u0131s\u0131 ve depresyonun di\u011fer \u2018dipsiz kuyular\u0131ndan\u2019<span class=\"excerpt-hellip\"> [\u2026]<\/span><\/p>\n","protected":false},"featured_media":0,"template":"","meta":{"_monsterinsights_skip_tracking":false,"_monsterinsights_sitenote_active":false,"_monsterinsights_sitenote_note":"","_monsterinsights_sitenote_category":0},"product_brand":[],"product_cat":[12364,12376],"product_tag":[],"class_list":{"0":"post-692963","1":"product","2":"type-product","3":"status-publish","5":"product_cat-genel-konular","6":"product_cat-kisisel-gelisim","7":"pa_cilt-ciltsiz","8":"pa_tur-kitap","9":"pa_yayinevi-psikonet-yayinlari","10":"pa_yazar-david-d-burns","12":"first","13":"instock","14":"sale","15":"shipping-taxable","16":"purchasable","17":"product-type-simple"},"_links":{"self":[{"href":"https:\/\/roveyayinevi.com.tr\/index.php\/wp-json\/wp\/v2\/product\/692963","targetHints":{"allow":["GET"]}}],"collection":[{"href":"https:\/\/roveyayinevi.com.tr\/index.php\/wp-json\/wp\/v2\/product"}],"about":[{"href":"https:\/\/roveyayinevi.com.tr\/index.php\/wp-json\/wp\/v2\/types\/product"}],"wp:attachment":[{"href":"https:\/\/roveyayinevi.com.tr\/index.php\/wp-json\/wp\/v2\/media?parent=692963"}],"wp:term":[{"taxonomy":"product_brand","embeddable":true,"href":"https:\/\/roveyayinevi.com.tr\/index.php\/wp-json\/wp\/v2\/product_brand?post=692963"},{"taxonomy":"product_cat","embeddable":true,"href":"https:\/\/roveyayinevi.com.tr\/index.php\/wp-json\/wp\/v2\/product_cat?post=692963"},{"taxonomy":"product_tag","embeddable":true,"href":"https:\/\/roveyayinevi.com.tr\/index.php\/wp-json\/wp\/v2\/product_tag?post=692963"}],"curies":[{"name":"wp","href":"https:\/\/api.w.org\/{rel}","templated":true}]}}