{"id":692962,"date":"2025-08-27T14:09:56","date_gmt":"2025-08-27T11:09:56","guid":{"rendered":"https:\/\/roveyayinevi.com.tr\/index.php\/urun\/gecmise-bakis\/"},"modified":"2026-04-16T02:02:59","modified_gmt":"2026-04-15T23:02:59","slug":"gecmise-bakis","status":"publish","type":"product","link":"https:\/\/roveyayinevi.com.tr\/index.php\/urun\/gecmise-bakis\/","title":{"rendered":"Ge\u00e7mi\u015fe Bak\u0131\u015f"},"content":{"rendered":"<p>Ge\u00e7mi\u015fe Bak\u0131\u015f 1888\u2019de ABD\u2019de yay\u0131mland\u0131. Bir y\u0131l i\u00e7erisinde \u00e7eyrek milyon kopya sat\u0131ld\u0131 ve birka\u00e7 y\u0131l ge\u00e7meden belli ba\u015fl\u0131 yabanc\u0131 dillere \u00e7evrildi. Amerika\u2019da en \u00e7ok satan romanlar aras\u0131nda, Tom Amcan\u0131n Kul\u00fcbesi ve Ben Hur\u2019den sonra \u00fc\u00e7\u00fcnc\u00fc s\u0131raya yerle\u015fti. Amerikan edebiyat\u0131 kategorisinde bir milyon satan \u00fc\u00e7\u00fcnc\u00fc roman oldu. Kitap \u0130ngiltere, Almanya, Fransa, Avustralya, G\u00fcney Afrika, Rusya, Hindistan, Endonezya, Japonya gibi \u00fclkelerde de b\u00fcy\u00fck ilgi g\u00f6rd\u00fc. Bellamy, \u00fctopyac\u0131 yazarlar\u0131 fazlas\u0131yla etkilemi\u015f, hatta pek \u00e7o\u011funa do\u011frudan esin kayna\u011f\u0131 olmu\u015ftur. Bir\u00e7ok d\u00fc\u015f\u00fcn\u00fcr sosyalizmin teorisiyle ya da onu ele\u015ftirmekle me\u015fgul olurken, Bellamy kaleme ald\u0131\u011f\u0131 bu \u00fctopya-roman sayesinde insanlara sosyalist bir toplumda ya\u015faman\u0131n nas\u0131l bir \u015fey olaca\u011f\u0131n\u0131 zihinlerinde canland\u0131rma f\u0131rsat\u0131 sunmu\u015ftur. Emek-sermaye \u00e7eli\u015fkisini a\u015fm\u0131\u015f bir toplumda y\u00f6netim, \u00fcretim, da\u011f\u0131t\u0131m ve b\u00f6l\u00fc\u015f\u00fcm sorunlar\u0131n\u0131n nas\u0131l \u00e7\u00f6z\u00fclebilece\u011fi ve sosyal ya\u015fam\u0131n ne t\u00fcr bir form alaca\u011f\u0131 \u00fczerinde durmu\u015ftur. Say Yay\u0131nlar\u0131, \u00dctopya Dizisi\u2019nin se\u00e7kin kitaplar\u0131ndan biri olacak Bellamy\u2019nin bu eserini T\u00fcrk okuruyla ilk kez bulu\u015fturuyor. <\/p>\n","protected":false},"excerpt":{"rendered":"<p>Ge\u00e7mi\u015fe Bak\u0131\u015f 1888\u2019de ABD\u2019de yay\u0131mland\u0131. Bir y\u0131l i\u00e7erisinde \u00e7eyrek milyon kopya sat\u0131ld\u0131 ve birka\u00e7 y\u0131l ge\u00e7meden belli ba\u015fl\u0131 yabanc\u0131 dillere \u00e7evrildi. Amerika\u2019da en \u00e7ok satan romanlar<span class=\"excerpt-hellip\"> [\u2026]<\/span><\/p>\n","protected":false},"featured_media":0,"template":"","meta":{"_monsterinsights_skip_tracking":false,"_monsterinsights_sitenote_active":false,"_monsterinsights_sitenote_note":"","_monsterinsights_sitenote_category":0},"product_brand":[],"product_cat":[12389,12388],"product_tag":[],"class_list":{"0":"post-692962","1":"product","2":"type-product","3":"status-publish","5":"product_cat-diger-felsefe","6":"product_cat-felsefe","7":"pa_cilt-ciltsiz","8":"pa_tur-kitap","9":"pa_yayinevi-say-yayinlari","10":"pa_yazar-edward-bellamy","12":"first","13":"instock","14":"sale","15":"shipping-taxable","16":"purchasable","17":"product-type-simple"},"_links":{"self":[{"href":"https:\/\/roveyayinevi.com.tr\/index.php\/wp-json\/wp\/v2\/product\/692962","targetHints":{"allow":["GET"]}}],"collection":[{"href":"https:\/\/roveyayinevi.com.tr\/index.php\/wp-json\/wp\/v2\/product"}],"about":[{"href":"https:\/\/roveyayinevi.com.tr\/index.php\/wp-json\/wp\/v2\/types\/product"}],"wp:attachment":[{"href":"https:\/\/roveyayinevi.com.tr\/index.php\/wp-json\/wp\/v2\/media?parent=692962"}],"wp:term":[{"taxonomy":"product_brand","embeddable":true,"href":"https:\/\/roveyayinevi.com.tr\/index.php\/wp-json\/wp\/v2\/product_brand?post=692962"},{"taxonomy":"product_cat","embeddable":true,"href":"https:\/\/roveyayinevi.com.tr\/index.php\/wp-json\/wp\/v2\/product_cat?post=692962"},{"taxonomy":"product_tag","embeddable":true,"href":"https:\/\/roveyayinevi.com.tr\/index.php\/wp-json\/wp\/v2\/product_tag?post=692962"}],"curies":[{"name":"wp","href":"https:\/\/api.w.org\/{rel}","templated":true}]}}