{"id":692961,"date":"2025-08-27T14:09:56","date_gmt":"2025-08-27T11:09:56","guid":{"rendered":"https:\/\/roveyayinevi.com.tr\/index.php\/urun\/fotograf-notlari\/"},"modified":"2026-04-16T02:02:59","modified_gmt":"2026-04-15T23:02:59","slug":"fotograf-notlari","status":"publish","type":"product","link":"https:\/\/roveyayinevi.com.tr\/index.php\/urun\/fotograf-notlari\/","title":{"rendered":"Foto\u011fraf Notlar\u0131"},"content":{"rendered":"<p>Foto\u011fraf Notlar\u0131, foto\u011fraf makinesinin i\u015fleyi\u015fini ve nihai \u00fcr\u00fcnle, g\u00f6rmeye ait temel nitelikler aras\u0131ndaki ili\u015fkileri irdeleyerek foto\u011fraf sanat\u0131na yakla\u015fan, makine ve g\u00f6z aras\u0131ndaki ili\u015fki kadar, bi\u00e7im ve i\u00e7erik aras\u0131ndaki ili\u015fkiyi de foto\u011fraf sanat\u0131 a\u00e7\u0131s\u0131ndan, foto\u011frafa \u00f6zg\u00fc ilkelerle a\u00e7\u0131klayan bir kitap. <\/p>\n","protected":false},"excerpt":{"rendered":"<p>Foto\u011fraf Notlar\u0131, foto\u011fraf makinesinin i\u015fleyi\u015fini ve nihai \u00fcr\u00fcnle, g\u00f6rmeye ait temel nitelikler aras\u0131ndaki ili\u015fkileri irdeleyerek foto\u011fraf sanat\u0131na yakla\u015fan, makine ve g\u00f6z aras\u0131ndaki ili\u015fki kadar, bi\u00e7im ve<span class=\"excerpt-hellip\"> [\u2026]<\/span><\/p>\n","protected":false},"featured_media":0,"template":"","meta":{"_monsterinsights_skip_tracking":false,"_monsterinsights_sitenote_active":false,"_monsterinsights_sitenote_note":"","_monsterinsights_sitenote_category":0},"product_brand":[],"product_cat":[12409,12408],"product_tag":[],"class_list":{"0":"post-692961","1":"product","2":"type-product","3":"status-publish","5":"product_cat-fotograf-sinema-tiyatro","6":"product_cat-sanat","7":"pa_cilt-ciltsiz","8":"pa_tur-kitap","9":"pa_yayinevi-say-yayinlari","10":"pa_yazar-jale-nejdet-erzen","12":"first","13":"instock","14":"sale","15":"shipping-taxable","16":"purchasable","17":"product-type-simple"},"_links":{"self":[{"href":"https:\/\/roveyayinevi.com.tr\/index.php\/wp-json\/wp\/v2\/product\/692961","targetHints":{"allow":["GET"]}}],"collection":[{"href":"https:\/\/roveyayinevi.com.tr\/index.php\/wp-json\/wp\/v2\/product"}],"about":[{"href":"https:\/\/roveyayinevi.com.tr\/index.php\/wp-json\/wp\/v2\/types\/product"}],"wp:attachment":[{"href":"https:\/\/roveyayinevi.com.tr\/index.php\/wp-json\/wp\/v2\/media?parent=692961"}],"wp:term":[{"taxonomy":"product_brand","embeddable":true,"href":"https:\/\/roveyayinevi.com.tr\/index.php\/wp-json\/wp\/v2\/product_brand?post=692961"},{"taxonomy":"product_cat","embeddable":true,"href":"https:\/\/roveyayinevi.com.tr\/index.php\/wp-json\/wp\/v2\/product_cat?post=692961"},{"taxonomy":"product_tag","embeddable":true,"href":"https:\/\/roveyayinevi.com.tr\/index.php\/wp-json\/wp\/v2\/product_tag?post=692961"}],"curies":[{"name":"wp","href":"https:\/\/api.w.org\/{rel}","templated":true}]}}