{"id":692960,"date":"2025-08-27T14:09:56","date_gmt":"2025-08-27T11:09:56","guid":{"rendered":"https:\/\/roveyayinevi.com.tr\/index.php\/urun\/gargantua-2\/"},"modified":"2026-04-16T02:02:59","modified_gmt":"2026-04-15T23:02:59","slug":"gargantua-2","status":"publish","type":"product","link":"https:\/\/roveyayinevi.com.tr\/index.php\/urun\/gargantua-2\/","title":{"rendered":"Gargantua"},"content":{"rendered":"<p>16. y\u00fczy\u0131l\u0131n \u00f6nde gelen h\u00fcmanistlerinden olan Fran\u00e7ois Rabelais\u2019nin felsefesini en iyi yans\u0131tan \u00f6rnek, Gargantua\u2019n\u0131n sonunda anlat\u0131lan Th\u00e9l\u00e8me Manast\u0131r\u0131\u2019d\u0131r. Manast\u0131r\u0131n giri\u015finde yer alan  Fay ce que voudras  (G\u00f6nl\u00fcn\u00fcn diledi\u011fini yap) yaz\u0131s\u0131 d\u00f6nemin ke\u015fi\u015flik kurumunun kar\u015f\u0131t\u0131 olan bir yap\u0131lanman\u0131n dayand\u0131\u011f\u0131 temel ilkeyi vurgular. Yap\u0131ta \u00fctopyac\u0131 \u00f6\u011feleri kazand\u0131ran bu b\u00f6l\u00fcmde kad\u0131n ve erkeklerin idealize edilmi\u015f birlikteli\u011fi anlat\u0131l\u0131r. Asl\u0131nda bu evrensel parodi roman\u0131yla Rabelais, asalak ke\u015fi\u015flere, din s\u00f6m\u00fcr\u00fcc\u00fcs\u00fc y\u00fcksek r\u00fctbeli papazlara, sava\u015f \u00e7\u0131karan papalara kar\u015f\u0131 \u00e7\u0131karak yeni h\u00fcmanizman\u0131n \u00f6\u011fretisini, yeni bir felsefi ve ahlaki bak\u0131\u015f a\u00e7\u0131s\u0131n\u0131 sergiler. <\/p>\n","protected":false},"excerpt":{"rendered":"<p>16. y\u00fczy\u0131l\u0131n \u00f6nde gelen h\u00fcmanistlerinden olan Fran\u00e7ois Rabelais\u2019nin felsefesini en iyi yans\u0131tan \u00f6rnek, Gargantua\u2019n\u0131n sonunda anlat\u0131lan Th\u00e9l\u00e8me Manast\u0131r\u0131\u2019d\u0131r. Manast\u0131r\u0131n giri\u015finde yer alan Fay ce que voudras<span class=\"excerpt-hellip\"> [\u2026]<\/span><\/p>\n","protected":false},"featured_media":0,"template":"","meta":{"_monsterinsights_skip_tracking":false,"_monsterinsights_sitenote_active":false,"_monsterinsights_sitenote_note":"","_monsterinsights_sitenote_category":0},"product_brand":[],"product_cat":[12291,13706],"product_tag":[],"class_list":{"0":"post-692960","1":"product","2":"type-product","3":"status-publish","5":"product_cat-edebiyat","6":"product_cat-efsane-destan-masal","7":"pa_cilt-ciltsiz","8":"pa_tur-kitap","9":"pa_yayinevi-say-yayinlari","10":"pa_yazar-francois-rabelais","12":"first","13":"instock","14":"sale","15":"shipping-taxable","16":"purchasable","17":"product-type-simple"},"_links":{"self":[{"href":"https:\/\/roveyayinevi.com.tr\/index.php\/wp-json\/wp\/v2\/product\/692960","targetHints":{"allow":["GET"]}}],"collection":[{"href":"https:\/\/roveyayinevi.com.tr\/index.php\/wp-json\/wp\/v2\/product"}],"about":[{"href":"https:\/\/roveyayinevi.com.tr\/index.php\/wp-json\/wp\/v2\/types\/product"}],"wp:attachment":[{"href":"https:\/\/roveyayinevi.com.tr\/index.php\/wp-json\/wp\/v2\/media?parent=692960"}],"wp:term":[{"taxonomy":"product_brand","embeddable":true,"href":"https:\/\/roveyayinevi.com.tr\/index.php\/wp-json\/wp\/v2\/product_brand?post=692960"},{"taxonomy":"product_cat","embeddable":true,"href":"https:\/\/roveyayinevi.com.tr\/index.php\/wp-json\/wp\/v2\/product_cat?post=692960"},{"taxonomy":"product_tag","embeddable":true,"href":"https:\/\/roveyayinevi.com.tr\/index.php\/wp-json\/wp\/v2\/product_tag?post=692960"}],"curies":[{"name":"wp","href":"https:\/\/api.w.org\/{rel}","templated":true}]}}