{"id":692959,"date":"2025-08-27T14:09:56","date_gmt":"2025-08-27T11:09:56","guid":{"rendered":"https:\/\/roveyayinevi.com.tr\/index.php\/urun\/galileo\/"},"modified":"2026-04-16T02:02:59","modified_gmt":"2026-04-15T23:02:59","slug":"galileo","status":"publish","type":"product","link":"https:\/\/roveyayinevi.com.tr\/index.php\/urun\/galileo\/","title":{"rendered":"Galileo"},"content":{"rendered":"<p>2009 Y\u0131l\u0131, Birle\u015fmi\u015f Milletler, UNESCO ve Uluslararas\u0131 Astronomi Birli\u011fi (IAU) taraf\u0131ndan  D\u00fcnya Astronomi Y\u0131l\u0131  olarak ilan edildi. Modern Fizi\u011fin kurucular\u0131ndan ve Bilimsel Devrim\u2019in \u00f6nde gelen isimlerinden birisi olan Galileo, 400 Y\u0131l \u00f6nce geli\u015ftirdi\u011fi teleskopla ilk kez y\u0131ld\u0131zlara bakt\u0131. Geleneksel, sorgulanmaya kapal\u0131, kat\u0131 ve bilimsel ger\u00e7eklere ayk\u0131r\u0131 bir d\u00f6nemi kapatarak, bilimin kap\u0131lar\u0131n\u0131 modern bir d\u00fcnyaya a\u00e7arken g\u00f6r\u00fcnenlerin asl\u0131nda farkl\u0131 olabilece\u011fini de insanl\u0131\u011fa g\u00f6steriyordu. B\u00fct\u00fcn bilimsel geli\u015fmelerde oldu\u011fu gibi Galileo da \u015fa\u015f\u0131rtt\u0131, al\u0131\u015f\u0131lm\u0131\u015f olan\u0131 bozdu ve ya\u015fad\u0131\u011f\u0131 d\u00f6nemin inan\u00e7 kaleleri taraf\u0131ndan varl\u0131\u011f\u0131 tehdit edildi. Galileo:  D\u00fcnyay\u0131 D\u00f6nd\u00fcren Adam  kitab\u0131, d\u00fc\u015f\u00fcncelerinden dolay\u0131 s\u0131k\u0131nt\u0131 \u00e7ekmesine kar\u015f\u0131n, do\u011frunun ve ger\u00e7e\u011fin pe\u015finden ayr\u0131lmamay\u0131 bir de\u011fer kabul etmi\u015f olan Galileo\u2019nun, ya\u015fam\u0131n\u0131 ve bilimsel m\u00fccadelesini ortaya koymakta ve d\u00fc\u015f\u00fcn\u00fcr\u00fcn \u00f6nemli eserlerinden \u00f6rnekler vermektedir. <\/p>\n","protected":false},"excerpt":{"rendered":"<p>2009 Y\u0131l\u0131, Birle\u015fmi\u015f Milletler, UNESCO ve Uluslararas\u0131 Astronomi Birli\u011fi (IAU) taraf\u0131ndan D\u00fcnya Astronomi Y\u0131l\u0131 olarak ilan edildi. Modern Fizi\u011fin kurucular\u0131ndan ve Bilimsel Devrim\u2019in \u00f6nde gelen isimlerinden<span class=\"excerpt-hellip\"> [\u2026]<\/span><\/p>\n","protected":false},"featured_media":0,"template":"","meta":{"_monsterinsights_skip_tracking":false,"_monsterinsights_sitenote_active":false,"_monsterinsights_sitenote_note":"","_monsterinsights_sitenote_category":0},"product_brand":[],"product_cat":[12389,12388],"product_tag":[],"class_list":{"0":"post-692959","1":"product","2":"type-product","3":"status-publish","5":"product_cat-diger-felsefe","6":"product_cat-felsefe","7":"pa_cilt-ciltsiz","8":"pa_tur-kitap","9":"pa_yayinevi-say-yayinlari","10":"pa_yazar-huseyin-gazi-topdemir","12":"first","13":"instock","14":"sale","15":"shipping-taxable","16":"purchasable","17":"product-type-simple"},"_links":{"self":[{"href":"https:\/\/roveyayinevi.com.tr\/index.php\/wp-json\/wp\/v2\/product\/692959","targetHints":{"allow":["GET"]}}],"collection":[{"href":"https:\/\/roveyayinevi.com.tr\/index.php\/wp-json\/wp\/v2\/product"}],"about":[{"href":"https:\/\/roveyayinevi.com.tr\/index.php\/wp-json\/wp\/v2\/types\/product"}],"wp:attachment":[{"href":"https:\/\/roveyayinevi.com.tr\/index.php\/wp-json\/wp\/v2\/media?parent=692959"}],"wp:term":[{"taxonomy":"product_brand","embeddable":true,"href":"https:\/\/roveyayinevi.com.tr\/index.php\/wp-json\/wp\/v2\/product_brand?post=692959"},{"taxonomy":"product_cat","embeddable":true,"href":"https:\/\/roveyayinevi.com.tr\/index.php\/wp-json\/wp\/v2\/product_cat?post=692959"},{"taxonomy":"product_tag","embeddable":true,"href":"https:\/\/roveyayinevi.com.tr\/index.php\/wp-json\/wp\/v2\/product_tag?post=692959"}],"curies":[{"name":"wp","href":"https:\/\/api.w.org\/{rel}","templated":true}]}}