{"id":692958,"date":"2025-08-27T14:09:56","date_gmt":"2025-08-27T11:09:56","guid":{"rendered":"https:\/\/roveyayinevi.com.tr\/index.php\/urun\/darwin-ve-sonrasi\/"},"modified":"2026-04-16T02:02:58","modified_gmt":"2026-04-15T23:02:58","slug":"darwin-ve-sonrasi","status":"publish","type":"product","link":"https:\/\/roveyayinevi.com.tr\/index.php\/urun\/darwin-ve-sonrasi\/","title":{"rendered":"Darwin ve Sonras\u0131"},"content":{"rendered":"<p>S. J. Gould\u2019u pop\u00fcler bilim merakl\u0131lar\u0131n\u0131n g\u00f6z\u00fcnde di\u011fer pek \u00e7ok bilim insan\u0131ndan daha \u00f6nemli k\u0131lan \u015fey yazarl\u0131k yetene\u011finin yan\u0131 s\u0131ra uzmanl\u0131k alan\u0131 olan biyoloji ile ilgili sorunlar\u0131 d\u00f6nemin k\u00fclt\u00fcrel ve sosyal sorunlar\u0131 ile ili\u015fkilendirerek okurlar\u0131na sunmas\u0131d\u0131r. Yazar\u0131n ilerici d\u00fcnya g\u00f6r\u00fc\u015f\u00fc bize baz\u0131 sosyal ve k\u00fclt\u00fcrel tart\u0131\u015fmalara biyoloji biliminin \u0131\u015f\u0131\u011f\u0131 alt\u0131nda g\u00f6z atma f\u0131rsat\u0131 verir. Gould, insan\u0131n evrimle\u015fmesini ele al\u0131rken Friedrich Engels\u2019in beynin evriminde d\u00fc\u015f\u00fcncenin de\u011fil eme\u011fin belirleyici oldu\u011fu g\u00f6r\u00fc\u015f\u00fcn\u00fc ileri s\u00fcrmekte ne kadar hakl\u0131 oldu\u011funu belirtir; Homo sapiens\u2019in \u0131rklara ayr\u0131lmamas\u0131 gerekti\u011fini ileri s\u00fcrer. Darwin ve Sonras\u0131 S. J. Gould\u2019un ilk kitab\u0131d\u0131r. Gould ABD\u2019de \u00e7eyrek milyon adetten fazla sat\u0131lm\u0131\u015f bu kitab\u0131nda bizlere evrim kuram\u0131n\u0131 a\u00e7\u0131klayarak Charles Darwin\u2019in d\u00fc\u015f\u00fcncesinin bilim d\u00fcnyas\u0131 ve toplumsal ya\u015fam \u00fczerindeki etkilerini \u00e7arp\u0131c\u0131 bir \u00fcslupla anlat\u0131r. \ufffcTan\u0131t\u0131m Metni<\/p>\n","protected":false},"excerpt":{"rendered":"<p>S. J. Gould\u2019u pop\u00fcler bilim merakl\u0131lar\u0131n\u0131n g\u00f6z\u00fcnde di\u011fer pek \u00e7ok bilim insan\u0131ndan daha \u00f6nemli k\u0131lan \u015fey yazarl\u0131k yetene\u011finin yan\u0131 s\u0131ra uzmanl\u0131k alan\u0131 olan biyoloji ile ilgili<span class=\"excerpt-hellip\"> [\u2026]<\/span><\/p>\n","protected":false},"featured_media":0,"template":"","meta":{"_monsterinsights_skip_tracking":false,"_monsterinsights_sitenote_active":false,"_monsterinsights_sitenote_note":"","_monsterinsights_sitenote_category":0},"product_brand":[],"product_cat":[13005,15998],"product_tag":[],"class_list":{"0":"post-692958","1":"product","2":"type-product","3":"status-publish","5":"product_cat-bilim-muhendislik","6":"product_cat-bilim-tarihi","7":"pa_cilt-ciltsiz","8":"pa_tur-kitap","9":"pa_yayinevi-say-yayinlari","10":"pa_yazar-stephen-jay-gould","12":"first","13":"instock","14":"sale","15":"shipping-taxable","16":"purchasable","17":"product-type-simple"},"_links":{"self":[{"href":"https:\/\/roveyayinevi.com.tr\/index.php\/wp-json\/wp\/v2\/product\/692958","targetHints":{"allow":["GET"]}}],"collection":[{"href":"https:\/\/roveyayinevi.com.tr\/index.php\/wp-json\/wp\/v2\/product"}],"about":[{"href":"https:\/\/roveyayinevi.com.tr\/index.php\/wp-json\/wp\/v2\/types\/product"}],"wp:attachment":[{"href":"https:\/\/roveyayinevi.com.tr\/index.php\/wp-json\/wp\/v2\/media?parent=692958"}],"wp:term":[{"taxonomy":"product_brand","embeddable":true,"href":"https:\/\/roveyayinevi.com.tr\/index.php\/wp-json\/wp\/v2\/product_brand?post=692958"},{"taxonomy":"product_cat","embeddable":true,"href":"https:\/\/roveyayinevi.com.tr\/index.php\/wp-json\/wp\/v2\/product_cat?post=692958"},{"taxonomy":"product_tag","embeddable":true,"href":"https:\/\/roveyayinevi.com.tr\/index.php\/wp-json\/wp\/v2\/product_tag?post=692958"}],"curies":[{"name":"wp","href":"https:\/\/api.w.org\/{rel}","templated":true}]}}