{"id":692955,"date":"2025-08-27T14:09:55","date_gmt":"2025-08-27T11:09:55","guid":{"rendered":"https:\/\/roveyayinevi.com.tr\/index.php\/urun\/kanserde-erken-tani-hayat-kurtarir\/"},"modified":"2026-04-16T02:02:58","modified_gmt":"2026-04-15T23:02:58","slug":"kanserde-erken-tani-hayat-kurtarir","status":"publish","type":"product","link":"https:\/\/roveyayinevi.com.tr\/index.php\/urun\/kanserde-erken-tani-hayat-kurtarir\/","title":{"rendered":"Kanserde Erken Tan\u0131 Hayat Kurtar\u0131r"},"content":{"rendered":"<p>Kanser tedavisinde yar\u0131m y\u00fczy\u0131l\u0131 a\u015fan bilgi, deneyim ve uzmanl\u0131\u011f\u0131yla Profes\u00f6r Dr. Nijad Bilge, g\u00fcn\u00fcm\u00fcz\u00fcn   vebas\u0131   hakk\u0131nda herkesin merak etti\u011fi sorular\u0131 yan\u0131tl\u0131yor: <\/p>\n","protected":false},"excerpt":{"rendered":"<p>Kanser tedavisinde yar\u0131m y\u00fczy\u0131l\u0131 a\u015fan bilgi, deneyim ve uzmanl\u0131\u011f\u0131yla Profes\u00f6r Dr. Nijad Bilge, g\u00fcn\u00fcm\u00fcz\u00fcn vebas\u0131 hakk\u0131nda herkesin merak etti\u011fi sorular\u0131 yan\u0131tl\u0131yor:<\/p>\n","protected":false},"featured_media":0,"template":"","meta":{"_monsterinsights_skip_tracking":false,"_monsterinsights_sitenote_active":false,"_monsterinsights_sitenote_note":"","_monsterinsights_sitenote_category":0},"product_brand":[],"product_cat":[12312,12304],"product_tag":[],"class_list":{"0":"post-692955","1":"product","2":"type-product","3":"status-publish","5":"product_cat-diger","6":"product_cat-tarih","7":"pa_cilt-ciltsiz","8":"pa_tur-kitap","9":"pa_yayinevi-say-yayinlari","10":"pa_yazar-nijad-bilge","12":"first","13":"instock","14":"sale","15":"shipping-taxable","16":"purchasable","17":"product-type-simple"},"_links":{"self":[{"href":"https:\/\/roveyayinevi.com.tr\/index.php\/wp-json\/wp\/v2\/product\/692955","targetHints":{"allow":["GET"]}}],"collection":[{"href":"https:\/\/roveyayinevi.com.tr\/index.php\/wp-json\/wp\/v2\/product"}],"about":[{"href":"https:\/\/roveyayinevi.com.tr\/index.php\/wp-json\/wp\/v2\/types\/product"}],"wp:attachment":[{"href":"https:\/\/roveyayinevi.com.tr\/index.php\/wp-json\/wp\/v2\/media?parent=692955"}],"wp:term":[{"taxonomy":"product_brand","embeddable":true,"href":"https:\/\/roveyayinevi.com.tr\/index.php\/wp-json\/wp\/v2\/product_brand?post=692955"},{"taxonomy":"product_cat","embeddable":true,"href":"https:\/\/roveyayinevi.com.tr\/index.php\/wp-json\/wp\/v2\/product_cat?post=692955"},{"taxonomy":"product_tag","embeddable":true,"href":"https:\/\/roveyayinevi.com.tr\/index.php\/wp-json\/wp\/v2\/product_tag?post=692955"}],"curies":[{"name":"wp","href":"https:\/\/api.w.org\/{rel}","templated":true}]}}