{"id":692953,"date":"2025-08-27T14:09:55","date_gmt":"2025-08-27T11:09:55","guid":{"rendered":"https:\/\/roveyayinevi.com.tr\/index.php\/urun\/insan-nasil-insan-oldu\/"},"modified":"2026-04-16T02:02:58","modified_gmt":"2026-04-15T23:02:58","slug":"insan-nasil-insan-oldu","status":"publish","type":"product","link":"https:\/\/roveyayinevi.com.tr\/index.php\/urun\/insan-nasil-insan-oldu\/","title":{"rendered":"\u0130nsan Nas\u0131l \u0130nsan Oldu"},"content":{"rendered":"<p>Bu d\u00fcnyada bir dev var. Bu devin \u00f6yle kollar\u0131 var ki hi\u00e7 g\u00fc\u00e7l\u00fck \u00e7ekmeden bir lokomotifi kald\u0131rabilir. \u00d6yle ayaklar\u0131 var ki g\u00fcnde binlerce kilometre ko\u015fabilir. Bu devin \u00f6yle kanatlar\u0131 var ki bulutlar \u00fczerinde, ku\u015flar\u0131n \u00e7\u0131kamad\u0131\u011f\u0131 y\u00fcksekliklerde u\u00e7abilir. \u00d6yle y\u00fczge\u00e7leri var ki su alt\u0131nda bal\u0131klardan daha iyi y\u00fczebilir. Bu devin \u00f6yle g\u00f6zleri ve kulaklar\u0131 var ki g\u00f6r\u00fclmeyenleri g\u00f6r\u00fcr, ba\u015fka bir k\u0131tada konu\u015fulanlar\u0131 i\u015fitir. Bu dev o kadar g\u00fc\u00e7l\u00fcd\u00fcr ki da\u011flar\u0131 delip ge\u00e7er ve doludizgin ak\u0131p giden sular\u0131 durdurur. Bu dev, yery\u00fcz\u00fcn\u00fc istedi\u011fi gibi de\u011fi\u015ftirir; ormanlar diker, denizleri birle\u015ftirir, \u00e7\u00f6lleri sular. Kimdir bu dev? Bu dev insand\u0131r. Acaba insan nas\u0131l dev oldu, nas\u0131l d\u00fcnyan\u0131n efendisi oldu? Biz bu kitapta i\u015fte bunu anlataca\u011f\u0131z. M. \u0130lin &#8211; E. Segal <\/p>\n","protected":false},"excerpt":{"rendered":"<p>Bu d\u00fcnyada bir dev var. Bu devin \u00f6yle kollar\u0131 var ki hi\u00e7 g\u00fc\u00e7l\u00fck \u00e7ekmeden bir lokomotifi kald\u0131rabilir. \u00d6yle ayaklar\u0131 var ki g\u00fcnde binlerce kilometre ko\u015fabilir. Bu<span class=\"excerpt-hellip\"> [\u2026]<\/span><\/p>\n","protected":false},"featured_media":0,"template":"","meta":{"_monsterinsights_skip_tracking":false,"_monsterinsights_sitenote_active":false,"_monsterinsights_sitenote_note":"","_monsterinsights_sitenote_category":0},"product_brand":[],"product_cat":[13005,13006],"product_tag":[],"class_list":{"0":"post-692953","1":"product","2":"type-product","3":"status-publish","5":"product_cat-bilim-muhendislik","6":"product_cat-populer-bilim","7":"pa_cilt-ciltsiz","8":"pa_tur-kitap","9":"pa_yayinevi-say-yayinlari","10":"pa_yazar-m-ilin-e-segal","12":"first","13":"instock","14":"sale","15":"shipping-taxable","16":"purchasable","17":"product-type-simple"},"_links":{"self":[{"href":"https:\/\/roveyayinevi.com.tr\/index.php\/wp-json\/wp\/v2\/product\/692953","targetHints":{"allow":["GET"]}}],"collection":[{"href":"https:\/\/roveyayinevi.com.tr\/index.php\/wp-json\/wp\/v2\/product"}],"about":[{"href":"https:\/\/roveyayinevi.com.tr\/index.php\/wp-json\/wp\/v2\/types\/product"}],"wp:attachment":[{"href":"https:\/\/roveyayinevi.com.tr\/index.php\/wp-json\/wp\/v2\/media?parent=692953"}],"wp:term":[{"taxonomy":"product_brand","embeddable":true,"href":"https:\/\/roveyayinevi.com.tr\/index.php\/wp-json\/wp\/v2\/product_brand?post=692953"},{"taxonomy":"product_cat","embeddable":true,"href":"https:\/\/roveyayinevi.com.tr\/index.php\/wp-json\/wp\/v2\/product_cat?post=692953"},{"taxonomy":"product_tag","embeddable":true,"href":"https:\/\/roveyayinevi.com.tr\/index.php\/wp-json\/wp\/v2\/product_tag?post=692953"}],"curies":[{"name":"wp","href":"https:\/\/api.w.org\/{rel}","templated":true}]}}