{"id":692952,"date":"2025-08-27T14:09:54","date_gmt":"2025-08-27T11:09:54","guid":{"rendered":"https:\/\/roveyayinevi.com.tr\/index.php\/urun\/insanca-pek-insanca-2-kitap\/"},"modified":"2026-04-16T02:02:58","modified_gmt":"2026-04-15T23:02:58","slug":"insanca-pek-insanca-2-kitap","status":"publish","type":"product","link":"https:\/\/roveyayinevi.com.tr\/index.php\/urun\/insanca-pek-insanca-2-kitap\/","title":{"rendered":"\u0130nsanca, Pek \u0130nsanca 2. Kitap"},"content":{"rendered":"<p>Yolcular be\u015f basama\u011fa ayr\u0131lmal\u0131d\u0131r: en altta, birinci basamaktakiler seyehat eden ve g\u00f6r\u00fcnenlerdir ger\u00e7ekte ise seyehat ettiriliyorlar ve k\u00f6rd\u00fcrler. Bir sonraki basamaktakiler ger\u00e7ektende bizzat d\u00fcnyaya bakarlar ve g\u00f6r\u00fcrler. \u00dc\u00e7\u00fcnc\u00fc basamak-takiler g\u00f6rmenin sonucunda bir \u015fey ya\u015farlar. D\u00f6rd\u00fcnc\u00fc basamaktakiler ya\u015fananlar\u0131 \u00f6z\u00fcmser ve beraberinde g\u00f6t\u00fcr\u00fcrler ve son olarak, g\u00f6rd\u00fckleri her \u015feyi, ya\u015fad\u0131ktan ve \u00f6z\u00fcmsedikten sonra, eve d\u00f6nerek faaliyetler ve eserler ile tekrar d\u0131\u015far\u0131 \u00e7\u0131kartmak zorunda olan, y\u00fcksek bir g\u00fcce sahip insanlar vard\u0131r. Ya\u015fam seyahatine \u00e7\u0131kan t\u00fcm insanlar asl\u0131nda bu be\u015f dereceye ayr\u0131lan yolculara benzer. En alt basamakta duranlar pasif olanlard\u0131r. En \u00fcst basamaktakiler ise i\u00e7sel olaylar\u0131n kal\u0131nt\u0131lar\u0131n\u0131 bile b\u0131rakmadan faaliyet g\u00f6steren ve ya\u015famlar\u0131n\u0131 doya doya ya\u015fayanlard\u0131r. \ufffcTan\u0131t\u0131m Metni<\/p>\n","protected":false},"excerpt":{"rendered":"<p>Yolcular be\u015f basama\u011fa ayr\u0131lmal\u0131d\u0131r: en altta, birinci basamaktakiler seyehat eden ve g\u00f6r\u00fcnenlerdir ger\u00e7ekte ise seyehat ettiriliyorlar ve k\u00f6rd\u00fcrler. Bir sonraki basamaktakiler ger\u00e7ektende bizzat d\u00fcnyaya bakarlar ve<span class=\"excerpt-hellip\"> [\u2026]<\/span><\/p>\n","protected":false},"featured_media":0,"template":"","meta":{"_monsterinsights_skip_tracking":false,"_monsterinsights_sitenote_active":false,"_monsterinsights_sitenote_note":"","_monsterinsights_sitenote_category":0},"product_brand":[],"product_cat":[12389,12388],"product_tag":[],"class_list":{"0":"post-692952","1":"product","2":"type-product","3":"status-publish","5":"product_cat-diger-felsefe","6":"product_cat-felsefe","7":"pa_cilt-ciltsiz","8":"pa_tur-kitap","9":"pa_yayinevi-say-yayinlari","10":"pa_yazar-friedrich-wilhelm-nietzsche","12":"first","13":"instock","14":"sale","15":"shipping-taxable","16":"purchasable","17":"product-type-simple"},"_links":{"self":[{"href":"https:\/\/roveyayinevi.com.tr\/index.php\/wp-json\/wp\/v2\/product\/692952","targetHints":{"allow":["GET"]}}],"collection":[{"href":"https:\/\/roveyayinevi.com.tr\/index.php\/wp-json\/wp\/v2\/product"}],"about":[{"href":"https:\/\/roveyayinevi.com.tr\/index.php\/wp-json\/wp\/v2\/types\/product"}],"wp:attachment":[{"href":"https:\/\/roveyayinevi.com.tr\/index.php\/wp-json\/wp\/v2\/media?parent=692952"}],"wp:term":[{"taxonomy":"product_brand","embeddable":true,"href":"https:\/\/roveyayinevi.com.tr\/index.php\/wp-json\/wp\/v2\/product_brand?post=692952"},{"taxonomy":"product_cat","embeddable":true,"href":"https:\/\/roveyayinevi.com.tr\/index.php\/wp-json\/wp\/v2\/product_cat?post=692952"},{"taxonomy":"product_tag","embeddable":true,"href":"https:\/\/roveyayinevi.com.tr\/index.php\/wp-json\/wp\/v2\/product_tag?post=692952"}],"curies":[{"name":"wp","href":"https:\/\/api.w.org\/{rel}","templated":true}]}}