{"id":692951,"date":"2025-08-27T14:09:54","date_gmt":"2025-08-27T11:09:54","guid":{"rendered":"https:\/\/roveyayinevi.com.tr\/index.php\/urun\/insan-icgudusu\/"},"modified":"2026-04-16T02:02:58","modified_gmt":"2026-04-15T23:02:58","slug":"insan-icgudusu","status":"publish","type":"product","link":"https:\/\/roveyayinevi.com.tr\/index.php\/urun\/insan-icgudusu\/","title":{"rendered":"\u0130nsan \u0130\u00e7g\u00fcd\u00fcs\u00fc"},"content":{"rendered":"<p>Mutlu bir yuvaya sahip pek \u00e7ok erkek neden metroda g\u00f6rd\u00fc\u011f\u00fc ince uzun gen\u00e7 kad\u0131nlar hakk\u0131nda hayaller kurar? Kilolu olmalar\u0131na, sigara i\u00e7melerine ve spor yapmamalar\u0131na ra\u011fmen insanlar neden futbola bu denli d\u00fc\u015fk\u00fcnd\u00fcr? Baz\u0131 ki\u015fileri otomobilin gaz pedal\u0131na sonuna dek basmaya iten \u015fey nedir? Her \u015feye g\u00fcc\u00fc yeten bir varl\u0131k fikri tart\u0131\u015fmal\u0131 olmas\u0131na kar\u015f\u0131n bu kadar \u00e7ok say\u0131da insan neden dinsel inanca sahip ve neden Tanr\u0131ya inan\u0131yor? \ufffcTan\u0131t\u0131m Metni<\/p>\n","protected":false},"excerpt":{"rendered":"<p>Mutlu bir yuvaya sahip pek \u00e7ok erkek neden metroda g\u00f6rd\u00fc\u011f\u00fc ince uzun gen\u00e7 kad\u0131nlar hakk\u0131nda hayaller kurar? Kilolu olmalar\u0131na, sigara i\u00e7melerine ve spor yapmamalar\u0131na ra\u011fmen insanlar<span class=\"excerpt-hellip\"> [\u2026]<\/span><\/p>\n","protected":false},"featured_media":0,"template":"","meta":{"_monsterinsights_skip_tracking":false,"_monsterinsights_sitenote_active":false,"_monsterinsights_sitenote_note":"","_monsterinsights_sitenote_category":0},"product_brand":[],"product_cat":[12312,12304],"product_tag":[],"class_list":{"0":"post-692951","1":"product","2":"type-product","3":"status-publish","5":"product_cat-diger","6":"product_cat-tarih","7":"pa_cilt-ciltsiz","8":"pa_tur-kitap","9":"pa_yayinevi-say-yayinlari","10":"pa_yazar-robert-winston","12":"first","13":"instock","14":"sale","15":"shipping-taxable","16":"purchasable","17":"product-type-simple"},"_links":{"self":[{"href":"https:\/\/roveyayinevi.com.tr\/index.php\/wp-json\/wp\/v2\/product\/692951","targetHints":{"allow":["GET"]}}],"collection":[{"href":"https:\/\/roveyayinevi.com.tr\/index.php\/wp-json\/wp\/v2\/product"}],"about":[{"href":"https:\/\/roveyayinevi.com.tr\/index.php\/wp-json\/wp\/v2\/types\/product"}],"wp:attachment":[{"href":"https:\/\/roveyayinevi.com.tr\/index.php\/wp-json\/wp\/v2\/media?parent=692951"}],"wp:term":[{"taxonomy":"product_brand","embeddable":true,"href":"https:\/\/roveyayinevi.com.tr\/index.php\/wp-json\/wp\/v2\/product_brand?post=692951"},{"taxonomy":"product_cat","embeddable":true,"href":"https:\/\/roveyayinevi.com.tr\/index.php\/wp-json\/wp\/v2\/product_cat?post=692951"},{"taxonomy":"product_tag","embeddable":true,"href":"https:\/\/roveyayinevi.com.tr\/index.php\/wp-json\/wp\/v2\/product_tag?post=692951"}],"curies":[{"name":"wp","href":"https:\/\/api.w.org\/{rel}","templated":true}]}}