{"id":692950,"date":"2025-08-27T14:09:54","date_gmt":"2025-08-27T11:09:54","guid":{"rendered":"https:\/\/roveyayinevi.com.tr\/index.php\/urun\/brocanin-beyni\/"},"modified":"2026-04-16T02:02:58","modified_gmt":"2026-04-15T23:02:58","slug":"brocanin-beyni","status":"publish","type":"product","link":"https:\/\/roveyayinevi.com.tr\/index.php\/urun\/brocanin-beyni\/","title":{"rendered":"Broca\u2019n\u0131n Beyni"},"content":{"rendered":"<p>Carl Sagan bu kitab\u0131nda bilim, sahte bilim, du\u0308nya d\u0131\u015f\u0131 zek\u00e2 ve uzay ara\u015ft\u0131rmalar\u0131, din ve Tanr\u0131\u2019n\u0131n varl\u0131\u011f\u0131 gibi konular\u0131 canl\u0131 ve ak\u0131c\u0131 bir dille ele al\u0131yor. Sagan bir yandan Paul Broca ve Albert Einstein gibi, kuramlar\u0131 g\u00f6zlem ve deneylerle kan\u0131tlanm\u0131\u015f bilginlerin hayat\u0131 ve eserlerini \u00e7arp\u0131c\u0131 bir u\u0308slupla \u00f6zetlerken, \u00f6te yandan Immanuel Velikovsky gibi, varsay\u0131mlar\u0131 speku\u0308lasyon olmaktan \u00f6teye ge\u00e7emeyen sahte bilginlerin \u00e7al\u0131\u015fmalar\u0131n\u0131 ele\u015ftiriyor. Bilimin sahte bilginler ve \u015farlatanlar\u0131n iddialar\u0131n\u0131 yok farz etmek yerine titizlikle ele\u015ftirmesi gerekti\u011fini vurgulayan Sagan\u2019a g\u00f6re, dinler de bilimle \u00e7at\u0131\u015fmaya bir son vermelidir. Evrim kuram\u0131n\u0131 reddedenler, bir zamanlar Gu\u0308ne\u015f\u2019in Du\u0308nya\u2019n\u0131n \u00e7evresinde d\u00f6ndu\u0308\u011fu\u0308ne inanmakta direnenlerin durumuna du\u0308\u015fmemek i\u00e7in \u00f6\u011fretilerini yenileyerek bilimle uzla\u015fmal\u0131d\u0131r. Sagan, evrenin s\u0131rlar\u0131n\u0131 ger\u00e7ekten ke\u015ffedebilmek istiyorsak, bilimin k\u00f6tu\u0308ye kullan\u0131lmas\u0131n\u0131n \u00f6nu\u0308ne ge\u00e7ilmesi gerekti\u011fini, bunun i\u00e7in de bilginlerin, g\u00f6ru\u0308\u015flerini herkesin anlayabilece\u011fi \u015fekilde halkla payla\u015fmas\u0131 gerekti\u011fini belirtiyor. Broca\u2019n\u0131n Beyni sizi tarih, antropoloji, psikoloji, felsefe ve fizik alanlar\u0131nda keyifli bir gezintiye \u00e7\u0131karacak. <\/p>\n","protected":false},"excerpt":{"rendered":"<p>Carl Sagan bu kitab\u0131nda bilim, sahte bilim, du\u0308nya d\u0131\u015f\u0131 zek\u00e2 ve uzay ara\u015ft\u0131rmalar\u0131, din ve Tanr\u0131\u2019n\u0131n varl\u0131\u011f\u0131 gibi konular\u0131 canl\u0131 ve ak\u0131c\u0131 bir dille ele al\u0131yor.<span class=\"excerpt-hellip\"> [\u2026]<\/span><\/p>\n","protected":false},"featured_media":0,"template":"","meta":{"_monsterinsights_skip_tracking":false,"_monsterinsights_sitenote_active":false,"_monsterinsights_sitenote_note":"","_monsterinsights_sitenote_category":0},"product_brand":[],"product_cat":[13005,13006],"product_tag":[],"class_list":{"0":"post-692950","1":"product","2":"type-product","3":"status-publish","5":"product_cat-bilim-muhendislik","6":"product_cat-populer-bilim","7":"pa_cilt-ciltsiz","8":"pa_tur-kitap","9":"pa_yayinevi-say-yayinlari","10":"pa_yazar-carl-sagan","12":"first","13":"instock","14":"sale","15":"shipping-taxable","16":"purchasable","17":"product-type-simple"},"_links":{"self":[{"href":"https:\/\/roveyayinevi.com.tr\/index.php\/wp-json\/wp\/v2\/product\/692950","targetHints":{"allow":["GET"]}}],"collection":[{"href":"https:\/\/roveyayinevi.com.tr\/index.php\/wp-json\/wp\/v2\/product"}],"about":[{"href":"https:\/\/roveyayinevi.com.tr\/index.php\/wp-json\/wp\/v2\/types\/product"}],"wp:attachment":[{"href":"https:\/\/roveyayinevi.com.tr\/index.php\/wp-json\/wp\/v2\/media?parent=692950"}],"wp:term":[{"taxonomy":"product_brand","embeddable":true,"href":"https:\/\/roveyayinevi.com.tr\/index.php\/wp-json\/wp\/v2\/product_brand?post=692950"},{"taxonomy":"product_cat","embeddable":true,"href":"https:\/\/roveyayinevi.com.tr\/index.php\/wp-json\/wp\/v2\/product_cat?post=692950"},{"taxonomy":"product_tag","embeddable":true,"href":"https:\/\/roveyayinevi.com.tr\/index.php\/wp-json\/wp\/v2\/product_tag?post=692950"}],"curies":[{"name":"wp","href":"https:\/\/api.w.org\/{rel}","templated":true}]}}