{"id":692949,"date":"2025-08-27T14:09:54","date_gmt":"2025-08-27T11:09:54","guid":{"rendered":"https:\/\/roveyayinevi.com.tr\/index.php\/urun\/ferhat-ile-sirin\/"},"modified":"2026-02-03T02:05:06","modified_gmt":"2026-02-02T23:05:06","slug":"ferhat-ile-sirin","status":"publish","type":"product","link":"https:\/\/roveyayinevi.com.tr\/index.php\/urun\/ferhat-ile-sirin\/","title":{"rendered":"Ferhat ile \u015eirin"},"content":{"rendered":"<p>&#8220;Saki, sanma i\u00e7imi ho\u015f, leziz \u015farap e\u011fler beni A\u015fk meclisinde y\u00e2rin lal duda\u011f\u0131n\u0131n hayali e\u011fler beni G\u00fcl y\u00fcz\u00fcnden ayr\u0131 d\u00fc\u015ft\u00fcm, gam dikeniyle ba\u011fr\u0131m kanar \u015fak\u0131yan bir b\u00fclb\u00fcl\u00fcm, a\u015fk\u0131m b\u00f6yle inletir beni   Arzun ile g\u00f6nl\u00fcm doludur selvi boylum amma Irmak gibi durmaz akar g\u00f6zya\u015flar\u0131m e\u011fler beni\u201d A\u015fkt\u0131 insan\u0131 yerle yeksan eden; en ak\u0131l almaz i\u015fleri yap-t\u0131r\u0131p en imk\u00e2ns\u0131z hik\u00e2yeleri yazd\u0131ran. A\u015fkt\u0131 pervanenin yanmas\u0131na, deniz \u00e2\u015f\u0131\u011f\u0131 Butimar\u2019\u0131n susuzluktan terk-i diyar etmesine sebep\u2026 Var iken a\u015fka tutulanlara de\u011fil, a\u015fk\u0131 sebebiyle yok olanlara aitti a\u015fk; zira yaln\u0131zca onlar anlayabilmi\u015fti, yaln\u0131zca onlar tadabilmi\u015fti&#8230; Ve onlardan kocaman bir bilinmezlik kald\u0131 geriye\u2026 L\u00e2mi\u2019\u00ee \u00c7elebi\u2019nin ustal\u0131k d\u00f6neminde yazd\u0131\u011f\u0131 ve a\u015fk \u00fczerine kaleme al\u0131nm\u0131\u015f en \u00e7ok bilinen eserlerin ba\u015f\u0131nda gelen Ferhat ile \u015firin, fantastik \u00f6\u011felerle zenginle\u015ftirilmi\u015f klasik bir Do\u011fu hik\u00e2yesidir. Eser, Ferhat\u2019\u0131n \u015firin\u2019e duy-du\u011fu temiz a\u015fktan, a\u015fk\u0131n y\u00fcceli\u011finden ve a\u015fk u\u011fruna hi\u00e7e say\u0131lan canlardan bahsederken, ka\u00e7\u0131n\u0131lmaz son olan \u00f6l\u00fcm de ma\u015fuka kavu\u015fma anlam\u0131nda okuyucunun kar\u015f\u0131s\u0131na \u00e7\u0131kmaktad\u0131r. <\/p>\n","protected":false},"excerpt":{"rendered":"<p>&#8220;Saki, sanma i\u00e7imi ho\u015f, leziz \u015farap e\u011fler beni A\u015fk meclisinde y\u00e2rin lal duda\u011f\u0131n\u0131n hayali e\u011fler beni G\u00fcl y\u00fcz\u00fcnden ayr\u0131 d\u00fc\u015ft\u00fcm, gam dikeniyle ba\u011fr\u0131m kanar \u015fak\u0131yan bir<span class=\"excerpt-hellip\"> [\u2026]<\/span><\/p>\n","protected":false},"featured_media":0,"template":"","meta":{"_monsterinsights_skip_tracking":false,"_monsterinsights_sitenote_active":false,"_monsterinsights_sitenote_note":"","_monsterinsights_sitenote_category":0},"product_brand":[],"product_cat":[12291,12711],"product_tag":[],"class_list":{"0":"post-692949","1":"product","2":"type-product","3":"status-publish","5":"product_cat-edebiyat","6":"product_cat-roman-oyku","7":"pa_cilt-ciltsiz","8":"pa_tur-kitap","9":"pa_yayinevi-say-yayinlari","10":"pa_yazar-lamii-celebi","12":"first","13":"instock","14":"sale","15":"shipping-taxable","16":"purchasable","17":"product-type-simple"},"_links":{"self":[{"href":"https:\/\/roveyayinevi.com.tr\/index.php\/wp-json\/wp\/v2\/product\/692949","targetHints":{"allow":["GET"]}}],"collection":[{"href":"https:\/\/roveyayinevi.com.tr\/index.php\/wp-json\/wp\/v2\/product"}],"about":[{"href":"https:\/\/roveyayinevi.com.tr\/index.php\/wp-json\/wp\/v2\/types\/product"}],"wp:attachment":[{"href":"https:\/\/roveyayinevi.com.tr\/index.php\/wp-json\/wp\/v2\/media?parent=692949"}],"wp:term":[{"taxonomy":"product_brand","embeddable":true,"href":"https:\/\/roveyayinevi.com.tr\/index.php\/wp-json\/wp\/v2\/product_brand?post=692949"},{"taxonomy":"product_cat","embeddable":true,"href":"https:\/\/roveyayinevi.com.tr\/index.php\/wp-json\/wp\/v2\/product_cat?post=692949"},{"taxonomy":"product_tag","embeddable":true,"href":"https:\/\/roveyayinevi.com.tr\/index.php\/wp-json\/wp\/v2\/product_tag?post=692949"}],"curies":[{"name":"wp","href":"https:\/\/api.w.org\/{rel}","templated":true}]}}