{"id":692946,"date":"2025-08-27T14:09:53","date_gmt":"2025-08-27T11:09:53","guid":{"rendered":"https:\/\/roveyayinevi.com.tr\/index.php\/urun\/felsefe-sozlugu\/"},"modified":"2026-04-16T02:02:58","modified_gmt":"2026-04-15T23:02:58","slug":"felsefe-sozlugu","status":"publish","type":"product","link":"https:\/\/roveyayinevi.com.tr\/index.php\/urun\/felsefe-sozlugu\/","title":{"rendered":"Felsefe S\u00f6zl\u00fc\u011f\u00fc"},"content":{"rendered":"<p>\u201cD\u00fc\u015f\u00fcnce tarihinin ilk felsefe s\u00f6zl\u00fcklerinden birini Aristoteles\u2019e bor\u00e7luyuz. Aristoteles, M\u00d6 4. y\u00fczy\u0131lda 14 kitapl\u0131k me\u015fhur Metafizik adl\u0131 eserinin 5. kitab\u0131n\u0131 kulland\u0131\u011f\u0131 felsefi terimlerin tan\u0131mlar\u0131na ay\u0131rm\u0131\u015ft\u0131. S\u00f6z konusu kitab\u0131n her bir altb\u00f6l\u00fcm\u00fcn\u00fc tam 29 fel-sefi terimin, yani \u2018ba\u015flang\u0131\u00e7\u2019, \u2018neden\u2019, \u2018\u00f6\u011fe\u2019, \u2018do\u011fa\u2019, \u2018zorunluluk\u2019, \u2018varl\u0131k\u2019, \u2018ayn\u0131l\u0131k ve farkl\u0131l\u0131k\u2019, \u2018s\u0131n\u0131r\u2019, \u2018\u00f6ncelik ve sonral\u0131k\u2019, \u2018b\u00fct\u00fcn\u2019 benzeri terimlerin tan\u0131mlanmas\u0131na ay\u0131ran Aristoteles\u2019in mesaj\u0131, ger\u00e7ekte \u00e7ok a\u00e7\u0131kt\u0131. Felsefe yapmak istiyorsan\u0131z veya onun yapt\u0131\u011f\u0131 gibi metafizik veya varl\u0131k felsefesi alan\u0131na girmek istiyorsan\u0131z, alana ait kavramlar\u0131n anlam\u0131n\u0131 bilmek gibi bir zorunlulu\u011funuz vard\u0131r.\u201d \ufffcTan\u0131t\u0131m Metni<\/p>\n","protected":false},"excerpt":{"rendered":"<p>\u201cD\u00fc\u015f\u00fcnce tarihinin ilk felsefe s\u00f6zl\u00fcklerinden birini Aristoteles\u2019e bor\u00e7luyuz. Aristoteles, M\u00d6 4. y\u00fczy\u0131lda 14 kitapl\u0131k me\u015fhur Metafizik adl\u0131 eserinin 5. kitab\u0131n\u0131 kulland\u0131\u011f\u0131 felsefi terimlerin tan\u0131mlar\u0131na ay\u0131rm\u0131\u015ft\u0131. S\u00f6z<span class=\"excerpt-hellip\"> [\u2026]<\/span><\/p>\n","protected":false},"featured_media":0,"template":"","meta":{"_monsterinsights_skip_tracking":false,"_monsterinsights_sitenote_active":false,"_monsterinsights_sitenote_note":"","_monsterinsights_sitenote_category":0},"product_brand":[],"product_cat":[12388,14717],"product_tag":[],"class_list":{"0":"post-692946","1":"product","2":"type-product","3":"status-publish","5":"product_cat-felsefe","6":"product_cat-felsefe-tarihi","7":"pa_cilt-ciltsiz","8":"pa_tur-kitap","9":"pa_yayinevi-say-yayinlari","10":"pa_yazar-ahmet-cevizci","12":"first","13":"instock","14":"sale","15":"shipping-taxable","16":"purchasable","17":"product-type-simple"},"_links":{"self":[{"href":"https:\/\/roveyayinevi.com.tr\/index.php\/wp-json\/wp\/v2\/product\/692946","targetHints":{"allow":["GET"]}}],"collection":[{"href":"https:\/\/roveyayinevi.com.tr\/index.php\/wp-json\/wp\/v2\/product"}],"about":[{"href":"https:\/\/roveyayinevi.com.tr\/index.php\/wp-json\/wp\/v2\/types\/product"}],"wp:attachment":[{"href":"https:\/\/roveyayinevi.com.tr\/index.php\/wp-json\/wp\/v2\/media?parent=692946"}],"wp:term":[{"taxonomy":"product_brand","embeddable":true,"href":"https:\/\/roveyayinevi.com.tr\/index.php\/wp-json\/wp\/v2\/product_brand?post=692946"},{"taxonomy":"product_cat","embeddable":true,"href":"https:\/\/roveyayinevi.com.tr\/index.php\/wp-json\/wp\/v2\/product_cat?post=692946"},{"taxonomy":"product_tag","embeddable":true,"href":"https:\/\/roveyayinevi.com.tr\/index.php\/wp-json\/wp\/v2\/product_tag?post=692946"}],"curies":[{"name":"wp","href":"https:\/\/api.w.org\/{rel}","templated":true}]}}