{"id":692945,"date":"2025-08-27T14:09:53","date_gmt":"2025-08-27T11:09:53","guid":{"rendered":"https:\/\/roveyayinevi.com.tr\/index.php\/urun\/insan-ne-ile-yasar-5\/"},"modified":"2026-04-16T02:02:58","modified_gmt":"2026-04-15T23:02:58","slug":"insan-ne-ile-yasar-5","status":"publish","type":"product","link":"https:\/\/roveyayinevi.com.tr\/index.php\/urun\/insan-ne-ile-yasar-5\/","title":{"rendered":"\u0130nsan Ne \u0130le Ya\u015far"},"content":{"rendered":"<p>Ya\u015fam\u0131 boyunca halk\u0131n\u0131n ruhunu en ince detaylar\u0131na kadar g\u00f6zlemleyen, \u00f6yk\u00fc ve romanlar\u0131nda bunlar\u0131 derin tahliller ve canl\u0131 tasvirlerle aktaran Tolstoy, en b\u00fcy\u00fck Rus yazarlar\u0131ndan biridir. Bu kitaba ad\u0131n\u0131 veren  \u0130nsan Ne ile Ya\u015far?  hik\u00e2yesinde oldu\u011fu gibi, insanlar\u0131n, iyilik, k\u00f6t\u00fcl\u00fck, do\u011fruluk, adalet ve inan\u00e7la ilgili t\u00fcrl\u00fc d\u00fc\u015f\u00fcncelerini ve kar\u015f\u0131la\u015ft\u0131klar\u0131 olaylar\u0131; ya\u015fam ve \u00f6l\u00fcm kar\u015f\u0131s\u0131nda de\u011fi\u015fen konum ve tutumlar\u0131n\u0131 ustal\u0131kla okuyucuya aktar\u0131r. En g\u00fczel Tolstoy \u00f6yk\u00fclerinden baz\u0131lar\u0131n\u0131 bir araya getiren \u0130nsan Ne ile Ya\u015far?, edebiyat ve hayat\u0131n etkileyici bulu\u015fmas\u0131na iyi bir \u00f6rnek olacakt\u0131r. <\/p>\n","protected":false},"excerpt":{"rendered":"<p>Ya\u015fam\u0131 boyunca halk\u0131n\u0131n ruhunu en ince detaylar\u0131na kadar g\u00f6zlemleyen, \u00f6yk\u00fc ve romanlar\u0131nda bunlar\u0131 derin tahliller ve canl\u0131 tasvirlerle aktaran Tolstoy, en b\u00fcy\u00fck Rus yazarlar\u0131ndan biridir. Bu<span class=\"excerpt-hellip\"> [\u2026]<\/span><\/p>\n","protected":false},"featured_media":0,"template":"","meta":{"_monsterinsights_skip_tracking":false,"_monsterinsights_sitenote_active":false,"_monsterinsights_sitenote_note":"","_monsterinsights_sitenote_category":0},"product_brand":[],"product_cat":[12291,13570],"product_tag":[],"class_list":{"0":"post-692945","1":"product","2":"type-product","3":"status-publish","5":"product_cat-edebiyat","6":"product_cat-rus-edebiyati","7":"pa_cilt-ciltsiz","8":"pa_tur-kitap","9":"pa_yayinevi-say-yayinlari","10":"pa_yazar-lev-nikolayevic-tolstoy","12":"first","13":"instock","14":"sale","15":"shipping-taxable","16":"purchasable","17":"product-type-simple"},"_links":{"self":[{"href":"https:\/\/roveyayinevi.com.tr\/index.php\/wp-json\/wp\/v2\/product\/692945","targetHints":{"allow":["GET"]}}],"collection":[{"href":"https:\/\/roveyayinevi.com.tr\/index.php\/wp-json\/wp\/v2\/product"}],"about":[{"href":"https:\/\/roveyayinevi.com.tr\/index.php\/wp-json\/wp\/v2\/types\/product"}],"wp:attachment":[{"href":"https:\/\/roveyayinevi.com.tr\/index.php\/wp-json\/wp\/v2\/media?parent=692945"}],"wp:term":[{"taxonomy":"product_brand","embeddable":true,"href":"https:\/\/roveyayinevi.com.tr\/index.php\/wp-json\/wp\/v2\/product_brand?post=692945"},{"taxonomy":"product_cat","embeddable":true,"href":"https:\/\/roveyayinevi.com.tr\/index.php\/wp-json\/wp\/v2\/product_cat?post=692945"},{"taxonomy":"product_tag","embeddable":true,"href":"https:\/\/roveyayinevi.com.tr\/index.php\/wp-json\/wp\/v2\/product_tag?post=692945"}],"curies":[{"name":"wp","href":"https:\/\/api.w.org\/{rel}","templated":true}]}}