{"id":692944,"date":"2025-08-27T14:09:53","date_gmt":"2025-08-27T11:09:53","guid":{"rendered":"https:\/\/roveyayinevi.com.tr\/index.php\/urun\/hayatin-anlami\/"},"modified":"2026-04-16T02:02:58","modified_gmt":"2026-04-15T23:02:58","slug":"hayatin-anlami","status":"publish","type":"product","link":"https:\/\/roveyayinevi.com.tr\/index.php\/urun\/hayatin-anlami\/","title":{"rendered":"Hayat\u0131n Anlam\u0131"},"content":{"rendered":"<p>Hayat\u0131m\u0131z \u00f6ncelikle bak\u0131r bozukluklarla yap\u0131lm\u0131\u015f bir \u00f6demeye benzer; bizim bu \u00f6demeye kar\u015f\u0131 bir al\u0131nd\u0131 makbuzu vermemiz gerekir; bak\u0131r bozukluklar g\u00fcnler, al\u0131nd\u0131 makbuzu \u00f6l\u00fcmd\u00fcr. Zaman\u0131n bizi tela\u015f i\u00e7erisinde biteviye ko\u015fturup durmas\u0131, bize asla nefes alma imk\u00e2n\u0131 sunmamas\u0131, elinde kam\u00e7\u0131yla buyurgan bir i\u015fveren gibi hepimizin tepesinde beklemesi ile hayat\u0131m\u0131z\u0131n bir azap ve i\u015fkenceye d\u00f6nmesi aras\u0131nda en k\u00fc\u00e7\u00fck bir ba\u011f kurma imk\u00e2n\u0131 yok-tur. Zaman yaln\u0131zca can s\u0131k\u0131nt\u0131s\u0131n\u0131n cenderesi i\u00e7inde k\u0131vrananlar\u0131n ba\u015f\u0131na bela kesilmez ve onlar\u0131 s\u0131kbo\u011faz etmez. Varsayal\u0131m insan soyu kald\u0131r\u0131l\u0131p her \u015feyin kendili\u011finden geli\u015fip olgunla\u015ft\u0131\u011f\u0131, s\u00fctlerin ballar\u0131n yerden kaynad\u0131\u011f\u0131, yiyeceklerin dallar\u0131ndan kopar\u0131lmay\u0131 bekledi\u011fi, herkesin g\u00f6nl\u00fcnden ge\u00e7irdi\u011fini hi\u00e7 vakit kaybetmeksizin \u00f6n\u00fcnde buldu\u011fu ve elde etmekte hi\u00e7 g\u00fc\u00e7l\u00fckle kar\u015f\u0131la\u015fmad\u0131\u011f\u0131 Utopia \u00fclkesine g\u00f6t\u00fcr\u00fcld\u00fc; o zaman ne yapard\u0131 bu insanlar? Ya can s\u0131k\u0131nt\u0131s\u0131ndan \u00f6l\u00fcrlerdi, ya kendilerini asarlard\u0131 ya da olmad\u0131 birbirlerine d\u00fc\u015ferler, kavga d\u00f6v\u00fc\u015f birbirlerini bo\u011fup \u00f6ld\u00fcr\u00fcrlerdi. A. Schopenhauer<\/p>\n","protected":false},"excerpt":{"rendered":"<p>Hayat\u0131m\u0131z \u00f6ncelikle bak\u0131r bozukluklarla yap\u0131lm\u0131\u015f bir \u00f6demeye benzer; bizim bu \u00f6demeye kar\u015f\u0131 bir al\u0131nd\u0131 makbuzu vermemiz gerekir; bak\u0131r bozukluklar g\u00fcnler, al\u0131nd\u0131 makbuzu \u00f6l\u00fcmd\u00fcr. Zaman\u0131n bizi tela\u015f<span class=\"excerpt-hellip\"> [\u2026]<\/span><\/p>\n","protected":false},"featured_media":0,"template":"","meta":{"_monsterinsights_skip_tracking":false,"_monsterinsights_sitenote_active":false,"_monsterinsights_sitenote_note":"","_monsterinsights_sitenote_category":0},"product_brand":[],"product_cat":[12389,12388],"product_tag":[],"class_list":{"0":"post-692944","1":"product","2":"type-product","3":"status-publish","5":"product_cat-diger-felsefe","6":"product_cat-felsefe","7":"pa_cilt-ciltsiz","8":"pa_tur-kitap","9":"pa_yayinevi-say-yayinlari","10":"pa_yazar-arthur-schopenhauer","12":"first","13":"instock","14":"sale","15":"shipping-taxable","16":"purchasable","17":"product-type-simple"},"_links":{"self":[{"href":"https:\/\/roveyayinevi.com.tr\/index.php\/wp-json\/wp\/v2\/product\/692944","targetHints":{"allow":["GET"]}}],"collection":[{"href":"https:\/\/roveyayinevi.com.tr\/index.php\/wp-json\/wp\/v2\/product"}],"about":[{"href":"https:\/\/roveyayinevi.com.tr\/index.php\/wp-json\/wp\/v2\/types\/product"}],"wp:attachment":[{"href":"https:\/\/roveyayinevi.com.tr\/index.php\/wp-json\/wp\/v2\/media?parent=692944"}],"wp:term":[{"taxonomy":"product_brand","embeddable":true,"href":"https:\/\/roveyayinevi.com.tr\/index.php\/wp-json\/wp\/v2\/product_brand?post=692944"},{"taxonomy":"product_cat","embeddable":true,"href":"https:\/\/roveyayinevi.com.tr\/index.php\/wp-json\/wp\/v2\/product_cat?post=692944"},{"taxonomy":"product_tag","embeddable":true,"href":"https:\/\/roveyayinevi.com.tr\/index.php\/wp-json\/wp\/v2\/product_tag?post=692944"}],"curies":[{"name":"wp","href":"https:\/\/api.w.org\/{rel}","templated":true}]}}