{"id":692943,"date":"2025-08-27T14:09:53","date_gmt":"2025-08-27T11:09:53","guid":{"rendered":"https:\/\/roveyayinevi.com.tr\/index.php\/urun\/halk-turkuleri-4-kitap-gufte-ve-besteleriyle\/"},"modified":"2026-04-07T02:07:13","modified_gmt":"2026-04-06T23:07:13","slug":"halk-turkuleri-4-kitap-gufte-ve-besteleriyle","status":"publish","type":"product","link":"https:\/\/roveyayinevi.com.tr\/index.php\/urun\/halk-turkuleri-4-kitap-gufte-ve-besteleriyle\/","title":{"rendered":"Halk T\u00fcrk\u00fcleri 4. Kitap G\u00fcfte ve Besteleriyle"},"content":{"rendered":"<p>Halk T\u00fcrk\u00fcleri 4. Kitap G\u00fcfte ve Besteleriyle <\/p>\n","protected":false},"excerpt":{"rendered":"<p>Halk T\u00fcrk\u00fcleri 4. Kitap G\u00fcfte ve Besteleriyle<\/p>\n","protected":false},"featured_media":0,"template":"","meta":{"_monsterinsights_skip_tracking":false,"_monsterinsights_sitenote_active":false,"_monsterinsights_sitenote_note":"","_monsterinsights_sitenote_category":0},"product_brand":[],"product_cat":[14591,14556],"product_tag":[],"class_list":{"0":"post-692943","1":"product","2":"type-product","3":"status-publish","5":"product_cat-genel-kavramlar-kuram-ve-tarihce","6":"product_cat-muzik","7":"pa_cilt-ciltsiz","8":"pa_tur-kitap","9":"pa_yayinevi-say-yayinlari","10":"pa_yazar-hamdi-tanses","12":"first","13":"instock","14":"sale","15":"shipping-taxable","16":"purchasable","17":"product-type-simple"},"_links":{"self":[{"href":"https:\/\/roveyayinevi.com.tr\/index.php\/wp-json\/wp\/v2\/product\/692943","targetHints":{"allow":["GET"]}}],"collection":[{"href":"https:\/\/roveyayinevi.com.tr\/index.php\/wp-json\/wp\/v2\/product"}],"about":[{"href":"https:\/\/roveyayinevi.com.tr\/index.php\/wp-json\/wp\/v2\/types\/product"}],"wp:attachment":[{"href":"https:\/\/roveyayinevi.com.tr\/index.php\/wp-json\/wp\/v2\/media?parent=692943"}],"wp:term":[{"taxonomy":"product_brand","embeddable":true,"href":"https:\/\/roveyayinevi.com.tr\/index.php\/wp-json\/wp\/v2\/product_brand?post=692943"},{"taxonomy":"product_cat","embeddable":true,"href":"https:\/\/roveyayinevi.com.tr\/index.php\/wp-json\/wp\/v2\/product_cat?post=692943"},{"taxonomy":"product_tag","embeddable":true,"href":"https:\/\/roveyayinevi.com.tr\/index.php\/wp-json\/wp\/v2\/product_tag?post=692943"}],"curies":[{"name":"wp","href":"https:\/\/api.w.org\/{rel}","templated":true}]}}