{"id":692941,"date":"2025-08-27T14:09:52","date_gmt":"2025-08-27T11:09:52","guid":{"rendered":"https:\/\/roveyayinevi.com.tr\/index.php\/urun\/felatun-bey-ile-rakim-efendi-3\/"},"modified":"2026-04-16T02:02:58","modified_gmt":"2026-04-15T23:02:58","slug":"felatun-bey-ile-rakim-efendi-3","status":"publish","type":"product","link":"https:\/\/roveyayinevi.com.tr\/index.php\/urun\/felatun-bey-ile-rakim-efendi-3\/","title":{"rendered":"Felatun Bey ile Rak\u0131m Efendi"},"content":{"rendered":"<p>Ahmet Mithat Efendi (1844-1912) T\u00fcrk edebiyat\u0131n\u0131n en verimli yazarlar\u0131ndan biridir. Ya\u015fam\u0131 boyunca \u00e7e\u015fitli alanlarda iki y\u00fcz kadar eser kaleme alm\u0131\u015ft\u0131r. En \u00e7ok bilinen roman\u0131  Felatun Bey ile Rak\u0131m Efendi dir. Romana ad\u0131n\u0131 veren iki karakter arac\u0131l\u0131\u011f\u0131yla Bat\u0131 ve Do\u011fu k\u00fclt\u00fcrlerini kar\u015f\u0131la\u015ft\u0131r\u0131r. Rak\u0131m Efendi\u2019nin ki\u015fili\u011finde Do\u011funun  iyi  yanlar\u0131n\u0131, Felatun Bey\u2019in ki\u015fili\u011finde ise Bat\u0131n\u0131n  k\u00f6t\u00fc  yanlar\u0131n\u0131 bize anlat\u0131r. Ahmet Mithat Efendi\u2019nin mizah anlay\u0131\u015f\u0131 ve \u00fcslubu nedeniyle d\u00f6neminin en sevilen eserlerinden biri olan  Felatun Bey ile Rak\u0131m Efendi  g\u00fcn\u00fcm\u00fczde de ayn\u0131 ilgiyle okunmaktad\u0131r. <\/p>\n","protected":false},"excerpt":{"rendered":"<p>Ahmet Mithat Efendi (1844-1912) T\u00fcrk edebiyat\u0131n\u0131n en verimli yazarlar\u0131ndan biridir. Ya\u015fam\u0131 boyunca \u00e7e\u015fitli alanlarda iki y\u00fcz kadar eser kaleme alm\u0131\u015ft\u0131r. En \u00e7ok bilinen roman\u0131 Felatun Bey<span class=\"excerpt-hellip\"> [\u2026]<\/span><\/p>\n","protected":false},"featured_media":0,"template":"","meta":{"_monsterinsights_skip_tracking":false,"_monsterinsights_sitenote_active":false,"_monsterinsights_sitenote_note":"","_monsterinsights_sitenote_category":0},"product_brand":[],"product_cat":[12291,12711],"product_tag":[],"class_list":{"0":"post-692941","1":"product","2":"type-product","3":"status-publish","5":"product_cat-edebiyat","6":"product_cat-roman-oyku","7":"pa_cilt-ciltsiz","8":"pa_tur-kitap","9":"pa_yayinevi-say-yayinlari","10":"pa_yazar-ahmet-mithat-efendi","12":"first","13":"instock","14":"sale","15":"shipping-taxable","16":"purchasable","17":"product-type-simple"},"_links":{"self":[{"href":"https:\/\/roveyayinevi.com.tr\/index.php\/wp-json\/wp\/v2\/product\/692941","targetHints":{"allow":["GET"]}}],"collection":[{"href":"https:\/\/roveyayinevi.com.tr\/index.php\/wp-json\/wp\/v2\/product"}],"about":[{"href":"https:\/\/roveyayinevi.com.tr\/index.php\/wp-json\/wp\/v2\/types\/product"}],"wp:attachment":[{"href":"https:\/\/roveyayinevi.com.tr\/index.php\/wp-json\/wp\/v2\/media?parent=692941"}],"wp:term":[{"taxonomy":"product_brand","embeddable":true,"href":"https:\/\/roveyayinevi.com.tr\/index.php\/wp-json\/wp\/v2\/product_brand?post=692941"},{"taxonomy":"product_cat","embeddable":true,"href":"https:\/\/roveyayinevi.com.tr\/index.php\/wp-json\/wp\/v2\/product_cat?post=692941"},{"taxonomy":"product_tag","embeddable":true,"href":"https:\/\/roveyayinevi.com.tr\/index.php\/wp-json\/wp\/v2\/product_tag?post=692941"}],"curies":[{"name":"wp","href":"https:\/\/api.w.org\/{rel}","templated":true}]}}