{"id":692939,"date":"2025-08-27T14:09:52","date_gmt":"2025-08-27T11:09:52","guid":{"rendered":"https:\/\/roveyayinevi.com.tr\/index.php\/urun\/euthyphron\/"},"modified":"2026-04-16T02:02:58","modified_gmt":"2026-04-15T23:02:58","slug":"euthyphron","status":"publish","type":"product","link":"https:\/\/roveyayinevi.com.tr\/index.php\/urun\/euthyphron\/","title":{"rendered":"Euthyphron"},"content":{"rendered":"<p>Platon, hi\u00e7 ku\u015fku yok ki d\u00fc\u015f\u00fcnce tarihinin en \u00f6nemli ve etkili filozoflar\u0131ndan biridir. Felsefenin kurumsalla\u015fmas\u0131na ve felsefede yaz\u0131l\u0131 gelene\u011fin olu\u015fmas\u0131na katk\u0131da bulunmu\u015f, iki d\u00fcnyal\u0131 metafizi\u011fiyle b\u00fct\u00fcn bir Orta\u00e7a\u011f d\u00fc\u015f\u00fcncesini belirleyecek olan idealist felsefe gelene\u011finin ba\u015flat\u0131c\u0131s\u0131 olmu\u015ftur. H\u0131ristiyan Orta\u00e7a\u011f felsefesine ve \u0130slam d\u00fc\u015f\u00fcncesine etkisi bak\u0131m\u0131ndan da ayr\u0131ca \u00f6nem ta\u015f\u0131yan Platon, d\u00fc\u015f\u00fcnce tarihi boyunca tart\u0131\u015f\u0131lan t\u00fcm problemleri y\u00fczlerce y\u0131l \u00f6ncesinden ele alm\u0131\u015f ve ilk b\u00fcy\u00fck felsefi sistemi in\u015fa etmi\u015ftir. Euthyphron, hem Sokrates\u2019in hayat\u0131ndan bir kesit sunan hem de onun felsefecili\u011fi ve y\u00f6ntemi hakk\u0131nda fikir sahibi olmam\u0131z\u0131 sa\u011flayan \u00f6nemli bir eserdir. Sokrates\u2019in Savunmas\u0131 ve Kriton ile birlikte bir \u00fc\u00e7l\u00fcy\u00fc meydana getirir. Diyalog, Sokrates\u2019in, mahkemesinden hemen \u00f6nce, kendisine atfedilen su\u00e7laman\u0131n tebli\u011fini almak, Euthyphron\u2019un ise k\u00f6lesinin \u00f6l\u00fcm\u00fcne istemeden de olsa sebebiyet veren babas\u0131n\u0131 dava etmek \u00fczere geldi\u011fi kurumda kar\u015f\u0131la\u015fmalar\u0131yla ba\u015flar. Sokrates, Euthyphron taraf\u0131ndan kendisine y\u00f6neltilen dinsizlik su\u00e7lamalar\u0131n\u0131, her zamanki gibi so\u011fukkanl\u0131l\u0131kla kar\u015f\u0131larken, me\u015fhur \u00e7\u00fcr\u00fctme y\u00f6ntemiyle Euthyphron\u2019u konu\u015fturarak neyin dinle alakal\u0131, neyin din d\u0131\u015f\u0131 oldu\u011fu konusunu g\u00f6z \u00f6n\u00fcne serer. <\/p>\n","protected":false},"excerpt":{"rendered":"<p>Platon, hi\u00e7 ku\u015fku yok ki d\u00fc\u015f\u00fcnce tarihinin en \u00f6nemli ve etkili filozoflar\u0131ndan biridir. Felsefenin kurumsalla\u015fmas\u0131na ve felsefede yaz\u0131l\u0131 gelene\u011fin olu\u015fmas\u0131na katk\u0131da bulunmu\u015f, iki d\u00fcnyal\u0131 metafizi\u011fiyle b\u00fct\u00fcn<span class=\"excerpt-hellip\"> [\u2026]<\/span><\/p>\n","protected":false},"featured_media":0,"template":"","meta":{"_monsterinsights_skip_tracking":false,"_monsterinsights_sitenote_active":false,"_monsterinsights_sitenote_note":"","_monsterinsights_sitenote_category":0},"product_brand":[],"product_cat":[12388,14717],"product_tag":[],"class_list":{"0":"post-692939","1":"product","2":"type-product","3":"status-publish","5":"product_cat-felsefe","6":"product_cat-felsefe-tarihi","7":"pa_cilt-ciltsiz","8":"pa_tur-kitap","9":"pa_yayinevi-say-yayinlari","10":"pa_yazar-platon-eflatun","12":"first","13":"instock","14":"sale","15":"shipping-taxable","16":"purchasable","17":"product-type-simple"},"_links":{"self":[{"href":"https:\/\/roveyayinevi.com.tr\/index.php\/wp-json\/wp\/v2\/product\/692939","targetHints":{"allow":["GET"]}}],"collection":[{"href":"https:\/\/roveyayinevi.com.tr\/index.php\/wp-json\/wp\/v2\/product"}],"about":[{"href":"https:\/\/roveyayinevi.com.tr\/index.php\/wp-json\/wp\/v2\/types\/product"}],"wp:attachment":[{"href":"https:\/\/roveyayinevi.com.tr\/index.php\/wp-json\/wp\/v2\/media?parent=692939"}],"wp:term":[{"taxonomy":"product_brand","embeddable":true,"href":"https:\/\/roveyayinevi.com.tr\/index.php\/wp-json\/wp\/v2\/product_brand?post=692939"},{"taxonomy":"product_cat","embeddable":true,"href":"https:\/\/roveyayinevi.com.tr\/index.php\/wp-json\/wp\/v2\/product_cat?post=692939"},{"taxonomy":"product_tag","embeddable":true,"href":"https:\/\/roveyayinevi.com.tr\/index.php\/wp-json\/wp\/v2\/product_tag?post=692939"}],"curies":[{"name":"wp","href":"https:\/\/api.w.org\/{rel}","templated":true}]}}