{"id":692938,"date":"2025-08-27T14:09:52","date_gmt":"2025-08-27T11:09:52","guid":{"rendered":"https:\/\/roveyayinevi.com.tr\/index.php\/urun\/egitim-felsefesi\/"},"modified":"2026-04-16T02:02:58","modified_gmt":"2026-04-15T23:02:58","slug":"egitim-felsefesi","status":"publish","type":"product","link":"https:\/\/roveyayinevi.com.tr\/index.php\/urun\/egitim-felsefesi\/","title":{"rendered":"E\u011fitim Felsefesi"},"content":{"rendered":"<p>Ba\u011f\u0131ms\u0131z bir felsefe disiplini olarak ancak 20. y\u00fczy\u0131lda ortaya \u00e7\u0131kan \u201ce\u011fitim felsefesi\u201d, k\u00f6klerini insan\u0131n en \u00f6nemli i\u015fi olan e\u011fitim olgusundan almaktad\u0131r. Binlerce y\u0131ldan beri, \u201cNas\u0131l bir insan yeti\u015ftirmek istiyoruz?\u201d sorusunu sormam\u0131\u015f bir topluma, yery\u00fcz\u00fcnde herhalde hi\u00e7 rastlanmam\u0131\u015ft\u0131r. Bu, kar\u015f\u0131 kar\u015f\u0131ya kald\u0131\u011f\u0131 hemen her problemde e\u011fitimin gereklili\u011fine g\u00f6nderme yapan, e\u011fitimi b\u00fct\u00fcn problemlerin \u00e7\u00f6z\u00fcm\u00fc olarak g\u00f6ren g\u00fcn\u00fcm\u00fcz toplumunda daha yo\u011fun bir \u015fekilde sorulan ve yan\u0131tlanmaya \u00e7al\u0131\u015f\u0131lan bir soru olmu\u015ftur. E\u011fitim Felsefesi, \u201ce\u011fitimin ne oldu\u011fu\u201d, \u201cnas\u0131l bir insan yeti\u015ftirmek gerekti\u011fi\u201d sorular\u0131na verilmesi muhtemel yan\u0131tlar\u0131 kapsaml\u0131 ve felsefi a\u00e7\u0131dan ele alan bir kitap olarak tasarlanm\u0131\u015ft\u0131r. Birinci b\u00f6l\u00fcmde Platon\u2019dan Aristoteles\u2019e, Gaz\u00e2l\u00ee\u2019den Rousseau\u2019ya, Nietzsche\u2019den Dewey ve Buber\u2019e ge\u00e7mi\u015fin b\u00fcy\u00fck filozoflar\u0131yla idealizm, realizm, spirit\u00fcalizm, nat\u00fcralizm, romantizm, pragmatizm ve egzistansiyalizm benzeri felsefe okullar\u0131n\u0131n e\u011fitim anlay\u0131\u015flar\u0131 sunulmaktad\u0131r. Yine ayn\u0131 \u00e7er\u00e7evede, analitik e\u011fitim felsefesi ba\u015fl\u0131\u011f\u0131 alt\u0131nda e\u011fitimin temel kavramlar\u0131n\u0131 sorgulayan eser, ele\u015ftirel e\u011fitim felsefesi kapsam\u0131nda, g\u00fcn\u00fcm\u00fczde kapitalizmin, pozitivizm destekli e\u011fitim anlay\u0131\u015f\u0131na tepkiyle olu\u015fan alternatif e\u011fitim anlay\u0131\u015flar\u0131n\u0131 da mercek alt\u0131na almaktad\u0131r. E\u011fitime sistematik bir bi\u00e7imde ve normatif bir perspektiften yakla\u015fan E\u011fitim Felsefesi, e\u011fitimin ontolojik, epistemolojik, etik ve politik boyutlar\u0131n\u0131 da i\u00e7eren kaynak bir kitapt\u0131r.<\/p>\n","protected":false},"excerpt":{"rendered":"<p>Ba\u011f\u0131ms\u0131z bir felsefe disiplini olarak ancak 20. y\u00fczy\u0131lda ortaya \u00e7\u0131kan \u201ce\u011fitim felsefesi\u201d, k\u00f6klerini insan\u0131n en \u00f6nemli i\u015fi olan e\u011fitim olgusundan almaktad\u0131r. Binlerce y\u0131ldan beri, \u201cNas\u0131l bir<span class=\"excerpt-hellip\"> [\u2026]<\/span><\/p>\n","protected":false},"featured_media":0,"template":"","meta":{"_monsterinsights_skip_tracking":false,"_monsterinsights_sitenote_active":false,"_monsterinsights_sitenote_note":"","_monsterinsights_sitenote_category":0},"product_brand":[],"product_cat":[12389,12388],"product_tag":[],"class_list":{"0":"post-692938","1":"product","2":"type-product","3":"status-publish","5":"product_cat-diger-felsefe","6":"product_cat-felsefe","7":"pa_cilt-ciltsiz","8":"pa_tur-kitap","9":"pa_yayinevi-say-yayinlari","10":"pa_yazar-ahmet-cevizci","12":"first","13":"instock","14":"sale","15":"shipping-taxable","16":"purchasable","17":"product-type-simple"},"_links":{"self":[{"href":"https:\/\/roveyayinevi.com.tr\/index.php\/wp-json\/wp\/v2\/product\/692938","targetHints":{"allow":["GET"]}}],"collection":[{"href":"https:\/\/roveyayinevi.com.tr\/index.php\/wp-json\/wp\/v2\/product"}],"about":[{"href":"https:\/\/roveyayinevi.com.tr\/index.php\/wp-json\/wp\/v2\/types\/product"}],"wp:attachment":[{"href":"https:\/\/roveyayinevi.com.tr\/index.php\/wp-json\/wp\/v2\/media?parent=692938"}],"wp:term":[{"taxonomy":"product_brand","embeddable":true,"href":"https:\/\/roveyayinevi.com.tr\/index.php\/wp-json\/wp\/v2\/product_brand?post=692938"},{"taxonomy":"product_cat","embeddable":true,"href":"https:\/\/roveyayinevi.com.tr\/index.php\/wp-json\/wp\/v2\/product_cat?post=692938"},{"taxonomy":"product_tag","embeddable":true,"href":"https:\/\/roveyayinevi.com.tr\/index.php\/wp-json\/wp\/v2\/product_tag?post=692938"}],"curies":[{"name":"wp","href":"https:\/\/api.w.org\/{rel}","templated":true}]}}