{"id":692937,"date":"2025-08-27T14:09:51","date_gmt":"2025-08-27T11:09:51","guid":{"rendered":"https:\/\/roveyayinevi.com.tr\/index.php\/urun\/hayvanlarin-hareketleri-uzerine\/"},"modified":"2026-04-16T02:02:58","modified_gmt":"2026-04-15T23:02:58","slug":"hayvanlarin-hareketleri-uzerine","status":"publish","type":"product","link":"https:\/\/roveyayinevi.com.tr\/index.php\/urun\/hayvanlarin-hareketleri-uzerine\/","title":{"rendered":"Hayvanlar\u0131n Hareketleri \u00dczerine"},"content":{"rendered":"<p>Aristoteles, Antik\u00e7a\u011f felsefesinin en \u00f6nde gelen filozofudur. Benzer d\u00fczeyde bir felsefeye \u0130lk\u00e7a\u011fda sadece Platon\u2019un eri\u015febildi\u011fi kabul edilir. Antik\u00e7a\u011fa damgas\u0131n\u0131 vurmu\u015f olan Aristoteles, pek \u00e7oklar\u0131na g\u00f6re t\u00fcm \u00e7a\u011flar\u0131n en b\u00fcy\u00fck birka\u00e7 filozofundan birisidir. Bilim ve felsefede onun ba\u015farm\u0131\u015f olduklar\u0131yla rekabet etme \u00fcmidi besleyebilen insan say\u0131s\u0131n\u0131n bir elin parmaklar\u0131n\u0131 ge\u00e7medi\u011fi hemen herkes taraf\u0131ndan kabul edilir.   Aristoteles, bir yandan biyolojiyle, di\u011fer yandan psikoloji ve etikle yak\u0131ndan ili\u015fkilendirdi\u011fi eylem kuram\u0131n\u0131 \u00fc\u00e7 ayr\u0131 eserinde geli\u015ftirir. Bu eserlerden ilki Ruh \u00dczerine, ikincisi Hayvanlar\u0131n Hareketleri \u00dczerine, \u00fc\u00e7\u00fcnc\u00fcs\u00fc ise Nikomakhos\u2019a Etik\u2019tir.   Hayvanlar\u0131n Hareketleri \u00dczerine, hareketin genel ilkeleri veya ortak nedenlerine dair \u00e7al\u0131\u015fmalar \u00fczerinden hayvani hareketin biyolojik ve psikolojik boyutlar\u0131n\u0131 t\u00fcm detaylar\u0131yla ele al\u0131r. Aristoteles, genel teleolojik yakla\u015f\u0131m\u0131na ba\u011fl\u0131 olarak, b\u00fct\u00fcn hayvani hareketlerin ama\u00e7l\u0131 oldu\u011funu s\u00f6yler. Bir amaca ba\u011fl\u0131 olan, yani bir \u015feye y\u00f6nelen veya bir \u015feyden sak\u0131nan hareketlerin kayna\u011f\u0131nda ya bili\u015fsel ya da iradi unsurlar\u0131n veya her ikisinin birden bulundu\u011fu kanaatindedir. Bu eserle, Nikomakhos\u2019a Etik\u2019e giden yolun temeli de at\u0131lm\u0131\u015f olur. Dilimizde, Aristoteles yolculu\u011funda atlanm\u0131\u015f \u00f6nemli bir ara durak olan Hayvanlar\u0131n Hareketleri \u00dczerine, T\u00fcrk\u00e7eye ilk kez \u00e7evriliyor. <\/p>\n","protected":false},"excerpt":{"rendered":"<p>Aristoteles, Antik\u00e7a\u011f felsefesinin en \u00f6nde gelen filozofudur. Benzer d\u00fczeyde bir felsefeye \u0130lk\u00e7a\u011fda sadece Platon\u2019un eri\u015febildi\u011fi kabul edilir. Antik\u00e7a\u011fa damgas\u0131n\u0131 vurmu\u015f olan Aristoteles, pek \u00e7oklar\u0131na g\u00f6re t\u00fcm<span class=\"excerpt-hellip\"> [\u2026]<\/span><\/p>\n","protected":false},"featured_media":0,"template":"","meta":{"_monsterinsights_skip_tracking":false,"_monsterinsights_sitenote_active":false,"_monsterinsights_sitenote_note":"","_monsterinsights_sitenote_category":0},"product_brand":[],"product_cat":[12389,12388],"product_tag":[],"class_list":{"0":"post-692937","1":"product","2":"type-product","3":"status-publish","5":"product_cat-diger-felsefe","6":"product_cat-felsefe","7":"pa_cilt-ciltsiz","8":"pa_tur-kitap","9":"pa_yayinevi-say-yayinlari","10":"pa_yazar-aristoteles","12":"first","13":"instock","14":"sale","15":"shipping-taxable","16":"purchasable","17":"product-type-simple"},"_links":{"self":[{"href":"https:\/\/roveyayinevi.com.tr\/index.php\/wp-json\/wp\/v2\/product\/692937","targetHints":{"allow":["GET"]}}],"collection":[{"href":"https:\/\/roveyayinevi.com.tr\/index.php\/wp-json\/wp\/v2\/product"}],"about":[{"href":"https:\/\/roveyayinevi.com.tr\/index.php\/wp-json\/wp\/v2\/types\/product"}],"wp:attachment":[{"href":"https:\/\/roveyayinevi.com.tr\/index.php\/wp-json\/wp\/v2\/media?parent=692937"}],"wp:term":[{"taxonomy":"product_brand","embeddable":true,"href":"https:\/\/roveyayinevi.com.tr\/index.php\/wp-json\/wp\/v2\/product_brand?post=692937"},{"taxonomy":"product_cat","embeddable":true,"href":"https:\/\/roveyayinevi.com.tr\/index.php\/wp-json\/wp\/v2\/product_cat?post=692937"},{"taxonomy":"product_tag","embeddable":true,"href":"https:\/\/roveyayinevi.com.tr\/index.php\/wp-json\/wp\/v2\/product_tag?post=692937"}],"curies":[{"name":"wp","href":"https:\/\/api.w.org\/{rel}","templated":true}]}}