{"id":692936,"date":"2025-08-27T14:09:51","date_gmt":"2025-08-27T11:09:51","guid":{"rendered":"https:\/\/roveyayinevi.com.tr\/index.php\/urun\/erkek-beyni\/"},"modified":"2026-04-16T02:02:58","modified_gmt":"2026-04-15T23:02:58","slug":"erkek-beyni","status":"publish","type":"product","link":"https:\/\/roveyayinevi.com.tr\/index.php\/urun\/erkek-beyni\/","title":{"rendered":"Erkek Beyni"},"content":{"rendered":"<p>Dr. Louann Brizendine, Kad\u0131n Beyni adl\u0131 \u00e7ok sat\u0131lan kitab\u0131n\u0131n devam\u0131 niteli\u011findeki bu eserinde, erkek zihniyeti ve davran\u0131\u015flar\u0131n\u0131n ard\u0131nda yatan beyinsel aktiviteleri a\u00e7\u0131kl\u0131yor ve erkek beyniyle ilgili en son bilimsel bulgular\u0131 sunuyor.  Erkek beyni; Sorun \u00e7\u00f6zmek i\u00e7in tasarlanm\u0131\u015f bir makinedir Bir sorunla kar\u015f\u0131la\u015ft\u0131\u011f\u0131nda \u00e7\u00f6z\u00fcm bulmak i\u00e7in duygusal yap\u0131lar\u0131 de\u011fil analitik yap\u0131lar\u0131 kullan\u0131r Rekabet ettik\u00e7e geli\u015fir; sert oynar; hiyerar\u015fi konusunda tak\u0131nt\u0131l\u0131d\u0131r Seksle ilgili b\u00f6l\u00fcm\u00fc kad\u0131n beynine k\u0131yasla 2,5 kat daha b\u00fcy\u00fckt\u00fcr Bilimsel bulgular\u0131 son derece anla\u015f\u0131l\u0131r, basit bir dille anlatan bu kitab\u0131 okuyunca akl\u0131n\u0131z\u0131 kurcalayan pek \u00e7ok sorunun yan\u0131t\u0131n\u0131 bulacaks\u0131n\u0131z: Erkek bebe\u011finizle g\u00f6z temas\u0131 kurmakta neden zorlan\u0131yorsunuz? K\u00fc\u00e7\u00fck o\u011flunuz neden oturmak nedir bilmiyor? Ergenlik \u00e7a\u011f\u0131na girmi\u015f o\u011flunuzla ileti\u015fim kurmak neden size bu kadar g\u00fc\u00e7 geliyor? Yeti\u015fkin erkekler neden hiyerar\u015fiyi tak\u0131nt\u0131 haline getiriyor? Erkekleri anlamak isteyen kad\u0131nlar ve kendilerini daha iyi tan\u0131mak isteyen erkekler bu kitab\u0131 mutlaka okumal\u0131. <\/p>\n","protected":false},"excerpt":{"rendered":"<p>Dr. Louann Brizendine, Kad\u0131n Beyni adl\u0131 \u00e7ok sat\u0131lan kitab\u0131n\u0131n devam\u0131 niteli\u011findeki bu eserinde, erkek zihniyeti ve davran\u0131\u015flar\u0131n\u0131n ard\u0131nda yatan beyinsel aktiviteleri a\u00e7\u0131kl\u0131yor ve erkek beyniyle ilgili<span class=\"excerpt-hellip\"> [\u2026]<\/span><\/p>\n","protected":false},"featured_media":0,"template":"","meta":{"_monsterinsights_skip_tracking":false,"_monsterinsights_sitenote_active":false,"_monsterinsights_sitenote_note":"","_monsterinsights_sitenote_category":0},"product_brand":[],"product_cat":[13772,12364],"product_tag":[],"class_list":{"0":"post-692936","1":"product","2":"type-product","3":"status-publish","5":"product_cat-basvuru-kitaplari","6":"product_cat-genel-konular","7":"pa_cilt-ciltsiz","8":"pa_tur-kitap","9":"pa_yayinevi-say-yayinlari","10":"pa_yazar-louann-brizendine","12":"first","13":"instock","14":"sale","15":"shipping-taxable","16":"purchasable","17":"product-type-simple"},"_links":{"self":[{"href":"https:\/\/roveyayinevi.com.tr\/index.php\/wp-json\/wp\/v2\/product\/692936","targetHints":{"allow":["GET"]}}],"collection":[{"href":"https:\/\/roveyayinevi.com.tr\/index.php\/wp-json\/wp\/v2\/product"}],"about":[{"href":"https:\/\/roveyayinevi.com.tr\/index.php\/wp-json\/wp\/v2\/types\/product"}],"wp:attachment":[{"href":"https:\/\/roveyayinevi.com.tr\/index.php\/wp-json\/wp\/v2\/media?parent=692936"}],"wp:term":[{"taxonomy":"product_brand","embeddable":true,"href":"https:\/\/roveyayinevi.com.tr\/index.php\/wp-json\/wp\/v2\/product_brand?post=692936"},{"taxonomy":"product_cat","embeddable":true,"href":"https:\/\/roveyayinevi.com.tr\/index.php\/wp-json\/wp\/v2\/product_cat?post=692936"},{"taxonomy":"product_tag","embeddable":true,"href":"https:\/\/roveyayinevi.com.tr\/index.php\/wp-json\/wp\/v2\/product_tag?post=692936"}],"curies":[{"name":"wp","href":"https:\/\/api.w.org\/{rel}","templated":true}]}}