{"id":692935,"date":"2025-08-27T14:09:51","date_gmt":"2025-08-27T11:09:51","guid":{"rendered":"https:\/\/roveyayinevi.com.tr\/index.php\/urun\/egitim-sozlugu\/"},"modified":"2026-04-16T02:02:58","modified_gmt":"2026-04-15T23:02:58","slug":"egitim-sozlugu","status":"publish","type":"product","link":"https:\/\/roveyayinevi.com.tr\/index.php\/urun\/egitim-sozlugu\/","title":{"rendered":"E\u011fitim S\u00f6zl\u00fc\u011f\u00fc"},"content":{"rendered":"<p>Ahmet Cevizci\u2019nin E\u011fitim S\u00f6zl\u00fc\u011f\u00fc de i\u015fte bu yol deste\u011fini e\u011fitim alan\u0131nda veriyor. Bilimsel oldu\u011fu kadar, tarihsel ve felsefi bir d\u00fczlemde de ele al\u0131nabilecek olan e\u011fitim alan\u0131n\u0131n t\u00fcm temel terimlerini, felsefi perspektife a\u011f\u0131rl\u0131k vererek, a\u00e7\u0131k ve nesnel bir \u015fekilde tan\u0131ml\u0131yor. S\u00f6zl\u00fck, e\u011fitimle ilgili temel terimlerin yan\u0131nda, farkl\u0131 e\u011fitim geleneklerinin e\u011fitim anlay\u0131\u015flar\u0131n, b\u00fcy\u00fck e\u011fitim filozoflar\u0131n\u0131n g\u00f6r\u00fc\u015flerini, \u00e7a\u011flara damgas\u0131n\u0131 vurmu\u015f e\u011fitim ak\u0131mlar\u0131n\u0131, politik ideolojilerin e\u011fitim tasavvurlar\u0131n\u0131 da i\u00e7eriyor. <\/p>\n","protected":false},"excerpt":{"rendered":"<p>Ahmet Cevizci\u2019nin E\u011fitim S\u00f6zl\u00fc\u011f\u00fc de i\u015fte bu yol deste\u011fini e\u011fitim alan\u0131nda veriyor. Bilimsel oldu\u011fu kadar, tarihsel ve felsefi bir d\u00fczlemde de ele al\u0131nabilecek olan e\u011fitim alan\u0131n\u0131n<span class=\"excerpt-hellip\"> [\u2026]<\/span><\/p>\n","protected":false},"featured_media":0,"template":"","meta":{"_monsterinsights_skip_tracking":false,"_monsterinsights_sitenote_active":false,"_monsterinsights_sitenote_note":"","_monsterinsights_sitenote_category":0},"product_brand":[],"product_cat":[12274,14573],"product_tag":[],"class_list":{"0":"post-692935","1":"product","2":"type-product","3":"status-publish","5":"product_cat-cocuk-ve-genclik-kitaplari","6":"product_cat-referans-kitaplar-cocuk-ve-genclik-kitaplari","7":"pa_cilt-ciltsiz","8":"pa_tur-kitap","9":"pa_yayinevi-say-yayinlari","10":"pa_yazar-ahmet-cevizci","12":"first","13":"instock","14":"sale","15":"shipping-taxable","16":"purchasable","17":"product-type-simple"},"_links":{"self":[{"href":"https:\/\/roveyayinevi.com.tr\/index.php\/wp-json\/wp\/v2\/product\/692935","targetHints":{"allow":["GET"]}}],"collection":[{"href":"https:\/\/roveyayinevi.com.tr\/index.php\/wp-json\/wp\/v2\/product"}],"about":[{"href":"https:\/\/roveyayinevi.com.tr\/index.php\/wp-json\/wp\/v2\/types\/product"}],"wp:attachment":[{"href":"https:\/\/roveyayinevi.com.tr\/index.php\/wp-json\/wp\/v2\/media?parent=692935"}],"wp:term":[{"taxonomy":"product_brand","embeddable":true,"href":"https:\/\/roveyayinevi.com.tr\/index.php\/wp-json\/wp\/v2\/product_brand?post=692935"},{"taxonomy":"product_cat","embeddable":true,"href":"https:\/\/roveyayinevi.com.tr\/index.php\/wp-json\/wp\/v2\/product_cat?post=692935"},{"taxonomy":"product_tag","embeddable":true,"href":"https:\/\/roveyayinevi.com.tr\/index.php\/wp-json\/wp\/v2\/product_tag?post=692935"}],"curies":[{"name":"wp","href":"https:\/\/api.w.org\/{rel}","templated":true}]}}