{"id":692933,"date":"2025-08-27T14:09:51","date_gmt":"2025-08-27T11:09:51","guid":{"rendered":"https:\/\/roveyayinevi.com.tr\/index.php\/urun\/guzelin-metafizigi\/"},"modified":"2026-04-16T02:02:58","modified_gmt":"2026-04-15T23:02:58","slug":"guzelin-metafizigi","status":"publish","type":"product","link":"https:\/\/roveyayinevi.com.tr\/index.php\/urun\/guzelin-metafizigi\/","title":{"rendered":"G\u00fczelin Metafizi\u011fi"},"content":{"rendered":"<p>Bilme, b\u00fcnyemizde ne t\u00fcr bir de\u011fi\u015fiklik talep eder? Herhangi bir \u015fey hakk\u0131nda tam ve do\u011fru bir bilgiye sahip olabilmek i\u00e7in neleri geride b\u0131rakmam\u0131z, neyi kendimizden uzakla\u015ft\u0131rmam\u0131z gerekir? B\u00f6yle bir geride b\u0131rakma ger\u00e7ekle\u015fmedi\u011fi takdirde bilgi hangi illetlerle maluld\u00fcr? Belki de bu sorular\u0131n a\u00e7t\u0131\u011f\u0131 aral\u0131ktan \u201cBug\u00fcn art\u0131k modern bilimden insanl\u0131\u011f\u0131n hayr\u0131na bir \u015fey bekleyemeyiz\u201d yarg\u0131s\u0131n\u0131n a\u015f\u0131r\u0131 bir yarg\u0131 olmad\u0131\u011f\u0131 g\u00f6r\u00fclecek, modern bilimin bilme tarz\u0131nda neyin eksik ya da neyin fazla oldu\u011fu \u00fczerine kafa yorulmaya ba\u015flanacakt\u0131r. G\u00fczelin kavran\u0131lmas\u0131 neden bizi mutlu eder? Bir \u015feyin verdi\u011fi haz ve tatmin ger\u00e7ekte ancak irademizle ya da hedeflerimizle ili\u015fkisinden kaynaklanabilir dendi\u011fi halde, g\u00fczel g\u00fczel olarak, ki\u015fisel hedeflerimizle ve dolay\u0131s\u0131yla irademizle herhangi bir ili\u015fki i\u00e7inde olmaks\u0131z\u0131n bize nas\u0131l haz verir, \u0131st\u0131raplar\u0131m\u0131z\u0131 nas\u0131l sona erdirir? G\u00fczel, i\u00e7imizde neyi harekete ge\u00e7irir ve bize neyin kap\u0131lar\u0131n\u0131 aralar? Bu sorular\u0131n a\u00e7t\u0131\u011f\u0131 aral\u0131ktan da bug\u00fcn her f\u0131rsatta dile getirdi\u011fimiz mutsuzlu\u011fumuzun k\u00f6kenlerini \u00f6yle uzaklarda de\u011fil, g\u00fczeli ve g\u00fczelin yolunu a\u00e7acak \u015feyleri ortadan kald\u0131rd\u0131\u011f\u0131m\u0131z d\u00fcnyada aramam\u0131z gerekti\u011fini g\u00f6rmeye ba\u015flayaca\u011f\u0131z. <\/p>\n","protected":false},"excerpt":{"rendered":"<p>Bilme, b\u00fcnyemizde ne t\u00fcr bir de\u011fi\u015fiklik talep eder? Herhangi bir \u015fey hakk\u0131nda tam ve do\u011fru bir bilgiye sahip olabilmek i\u00e7in neleri geride b\u0131rakmam\u0131z, neyi kendimizden uzakla\u015ft\u0131rmam\u0131z<span class=\"excerpt-hellip\"> [\u2026]<\/span><\/p>\n","protected":false},"featured_media":0,"template":"","meta":{"_monsterinsights_skip_tracking":false,"_monsterinsights_sitenote_active":false,"_monsterinsights_sitenote_note":"","_monsterinsights_sitenote_category":0},"product_brand":[],"product_cat":[12389,12388],"product_tag":[],"class_list":{"0":"post-692933","1":"product","2":"type-product","3":"status-publish","5":"product_cat-diger-felsefe","6":"product_cat-felsefe","7":"pa_cilt-ciltsiz","8":"pa_tur-kitap","9":"pa_yayinevi-say-yayinlari","10":"pa_yazar-arthur-schopenhauer","12":"first","13":"instock","14":"sale","15":"shipping-taxable","16":"purchasable","17":"product-type-simple"},"_links":{"self":[{"href":"https:\/\/roveyayinevi.com.tr\/index.php\/wp-json\/wp\/v2\/product\/692933","targetHints":{"allow":["GET"]}}],"collection":[{"href":"https:\/\/roveyayinevi.com.tr\/index.php\/wp-json\/wp\/v2\/product"}],"about":[{"href":"https:\/\/roveyayinevi.com.tr\/index.php\/wp-json\/wp\/v2\/types\/product"}],"wp:attachment":[{"href":"https:\/\/roveyayinevi.com.tr\/index.php\/wp-json\/wp\/v2\/media?parent=692933"}],"wp:term":[{"taxonomy":"product_brand","embeddable":true,"href":"https:\/\/roveyayinevi.com.tr\/index.php\/wp-json\/wp\/v2\/product_brand?post=692933"},{"taxonomy":"product_cat","embeddable":true,"href":"https:\/\/roveyayinevi.com.tr\/index.php\/wp-json\/wp\/v2\/product_cat?post=692933"},{"taxonomy":"product_tag","embeddable":true,"href":"https:\/\/roveyayinevi.com.tr\/index.php\/wp-json\/wp\/v2\/product_tag?post=692933"}],"curies":[{"name":"wp","href":"https:\/\/api.w.org\/{rel}","templated":true}]}}