{"id":692929,"date":"2025-08-27T14:09:50","date_gmt":"2025-08-27T11:09:50","guid":{"rendered":"https:\/\/roveyayinevi.com.tr\/index.php\/urun\/beste-ve-gufteleriyle-kusaktan-kusaga-halk-turkuleri\/"},"modified":"2026-04-16T02:02:43","modified_gmt":"2026-04-15T23:02:43","slug":"beste-ve-gufteleriyle-kusaktan-kusaga-halk-turkuleri","status":"publish","type":"product","link":"https:\/\/roveyayinevi.com.tr\/index.php\/urun\/beste-ve-gufteleriyle-kusaktan-kusaga-halk-turkuleri\/","title":{"rendered":"Beste ve G\u00fcfteleriyle Ku\u015faktan Ku\u015fa\u011fa Halk T\u00fcrk\u00fcleri"},"content":{"rendered":"<p>Ta\u015f\u0131 topra\u011f\u0131 burcu burcu uygarl\u0131k kokan yurdumuzun ba\u011fr\u0131 yan\u0131k, sevgi dolu insanlar\u0131n\u0131n dilidir t\u00fcrk\u00fcler. Y\u00fczy\u0131llardan beri a\u011f\u0131zdan a\u011f\u0131za s\u00f6ylenerek geldiler g\u00fcn\u00fcm\u00fcze&#8230; <\/p>\n","protected":false},"excerpt":{"rendered":"<p>Ta\u015f\u0131 topra\u011f\u0131 burcu burcu uygarl\u0131k kokan yurdumuzun ba\u011fr\u0131 yan\u0131k, sevgi dolu insanlar\u0131n\u0131n dilidir t\u00fcrk\u00fcler. Y\u00fczy\u0131llardan beri a\u011f\u0131zdan a\u011f\u0131za s\u00f6ylenerek geldiler g\u00fcn\u00fcm\u00fcze&#8230;<\/p>\n","protected":false},"featured_media":0,"template":"","meta":{"_monsterinsights_skip_tracking":false,"_monsterinsights_sitenote_active":false,"_monsterinsights_sitenote_note":"","_monsterinsights_sitenote_category":0},"product_brand":[],"product_cat":[14591,14556],"product_tag":[],"class_list":{"0":"post-692929","1":"product","2":"type-product","3":"status-publish","5":"product_cat-genel-kavramlar-kuram-ve-tarihce","6":"product_cat-muzik","7":"pa_cilt-ciltsiz","8":"pa_tur-kitap","9":"pa_yayinevi-say-yayinlari","10":"pa_yazar-kolektif","12":"first","13":"instock","14":"sale","15":"shipping-taxable","16":"purchasable","17":"product-type-simple"},"_links":{"self":[{"href":"https:\/\/roveyayinevi.com.tr\/index.php\/wp-json\/wp\/v2\/product\/692929","targetHints":{"allow":["GET"]}}],"collection":[{"href":"https:\/\/roveyayinevi.com.tr\/index.php\/wp-json\/wp\/v2\/product"}],"about":[{"href":"https:\/\/roveyayinevi.com.tr\/index.php\/wp-json\/wp\/v2\/types\/product"}],"wp:attachment":[{"href":"https:\/\/roveyayinevi.com.tr\/index.php\/wp-json\/wp\/v2\/media?parent=692929"}],"wp:term":[{"taxonomy":"product_brand","embeddable":true,"href":"https:\/\/roveyayinevi.com.tr\/index.php\/wp-json\/wp\/v2\/product_brand?post=692929"},{"taxonomy":"product_cat","embeddable":true,"href":"https:\/\/roveyayinevi.com.tr\/index.php\/wp-json\/wp\/v2\/product_cat?post=692929"},{"taxonomy":"product_tag","embeddable":true,"href":"https:\/\/roveyayinevi.com.tr\/index.php\/wp-json\/wp\/v2\/product_tag?post=692929"}],"curies":[{"name":"wp","href":"https:\/\/api.w.org\/{rel}","templated":true}]}}