{"id":692928,"date":"2025-08-27T14:09:50","date_gmt":"2025-08-27T11:09:50","guid":{"rendered":"https:\/\/roveyayinevi.com.tr\/index.php\/urun\/din-uzerine\/"},"modified":"2026-04-16T02:02:43","modified_gmt":"2026-04-15T23:02:43","slug":"din-uzerine","status":"publish","type":"product","link":"https:\/\/roveyayinevi.com.tr\/index.php\/urun\/din-uzerine\/","title":{"rendered":"Din \u00dczerine"},"content":{"rendered":"<p>Felsefe ve Din: Bu ikisinin bir di\u011feri kar\u015f\u0131s\u0131ndaki konumu nedir? Her ikisi de hakikat aray\u0131\u015f\u0131 i\u00e7inde insana yard\u0131mc\u0131 olma iddias\u0131nda oldu\u011funa g\u00f6re nas\u0131l oluyor da biri di\u011ferini ortadan kald\u0131rmaya \u00e7al\u0131\u015f\u0131yor ya da beriki \u00f6b\u00fcr\u00fcn\u00fc susturmaya kalk\u0131\u015f\u0131yor? Kalabal\u0131klar\u0131 felsefi olarak ayd\u0131nlatmak m\u00fcmk\u00fcn m\u00fcd\u00fcr? Mecaz ihtiyac\u0131 b\u00f6yle bir ayd\u0131nlatma imk\u00e2ns\u0131zl\u0131\u011f\u0131ndan m\u0131 kaynaklanmaktad\u0131r? O halde aradaki fark, birinin saf hakikat, di\u011ferinin o hakikatin mecaza b\u00fcr\u00fcnd\u00fcr\u00fclm\u00fc\u015f ifadesi olmas\u0131ndan m\u0131 ibarettir? E\u011fer b\u00f6yle ise avam\u0131n dilinde mecaz\u0131n hakikate \u201cink\u0131l\u00e2p etmesi\u201d ne anlama gelir? Bu durumda dinin her t\u00fcrl\u00fc hukuk ve d\u00fczenin vazge\u00e7ilmez temeli olma iddias\u0131 ne \u00f6l\u00e7\u00fcde savunulabilir?.. Schopenhauer Kitapl\u0131\u011f\u0131\u2019n\u0131n yedinci kitab\u0131 Din \u00dczerine\u2019de daha \u00f6nceki kitaplardan s\u00f6z\u00fcn\u00fc sak\u0131nmazl\u0131\u011f\u0131yla tan\u0131d\u0131\u011f\u0131n\u0131z filozofun, i\u00e7inde bulundu\u011fumuz \u015fartlar a\u00e7\u0131s\u0131ndan da ilgisiz oldu\u011fu s\u00f6ylenemeyecek bu sorular\u0131 yine ayn\u0131 do\u011frudanl\u0131k ve sak\u0131nmazl\u0131kla cevaplad\u0131\u011f\u0131n\u0131 g\u00f6recek ve yo\u011fun bir d\u00fc\u015f\u00fcnce metni olmakla birlikte yine bir solukta okuyacaks\u0131n\u0131z. <\/p>\n","protected":false},"excerpt":{"rendered":"<p>Felsefe ve Din: Bu ikisinin bir di\u011feri kar\u015f\u0131s\u0131ndaki konumu nedir? Her ikisi de hakikat aray\u0131\u015f\u0131 i\u00e7inde insana yard\u0131mc\u0131 olma iddias\u0131nda oldu\u011funa g\u00f6re nas\u0131l oluyor da biri<span class=\"excerpt-hellip\"> [\u2026]<\/span><\/p>\n","protected":false},"featured_media":0,"template":"","meta":{"_monsterinsights_skip_tracking":false,"_monsterinsights_sitenote_active":false,"_monsterinsights_sitenote_note":"","_monsterinsights_sitenote_category":0},"product_brand":[],"product_cat":[12388,13555],"product_tag":[],"class_list":{"0":"post-692928","1":"product","2":"type-product","3":"status-publish","5":"product_cat-felsefe","6":"product_cat-genel-felsefe","7":"pa_cilt-ciltsiz","8":"pa_tur-kitap","9":"pa_yayinevi-say-yayinlari","10":"pa_yazar-arthur-schopenhauer","12":"first","13":"instock","14":"sale","15":"shipping-taxable","16":"purchasable","17":"product-type-simple"},"_links":{"self":[{"href":"https:\/\/roveyayinevi.com.tr\/index.php\/wp-json\/wp\/v2\/product\/692928","targetHints":{"allow":["GET"]}}],"collection":[{"href":"https:\/\/roveyayinevi.com.tr\/index.php\/wp-json\/wp\/v2\/product"}],"about":[{"href":"https:\/\/roveyayinevi.com.tr\/index.php\/wp-json\/wp\/v2\/types\/product"}],"wp:attachment":[{"href":"https:\/\/roveyayinevi.com.tr\/index.php\/wp-json\/wp\/v2\/media?parent=692928"}],"wp:term":[{"taxonomy":"product_brand","embeddable":true,"href":"https:\/\/roveyayinevi.com.tr\/index.php\/wp-json\/wp\/v2\/product_brand?post=692928"},{"taxonomy":"product_cat","embeddable":true,"href":"https:\/\/roveyayinevi.com.tr\/index.php\/wp-json\/wp\/v2\/product_cat?post=692928"},{"taxonomy":"product_tag","embeddable":true,"href":"https:\/\/roveyayinevi.com.tr\/index.php\/wp-json\/wp\/v2\/product_tag?post=692928"}],"curies":[{"name":"wp","href":"https:\/\/api.w.org\/{rel}","templated":true}]}}