{"id":692927,"date":"2025-08-27T14:09:49","date_gmt":"2025-08-27T11:09:49","guid":{"rendered":"https:\/\/roveyayinevi.com.tr\/index.php\/urun\/aklin-yonetimi-icin-kurallar\/"},"modified":"2026-04-16T02:02:43","modified_gmt":"2026-04-15T23:02:43","slug":"aklin-yonetimi-icin-kurallar","status":"publish","type":"product","link":"https:\/\/roveyayinevi.com.tr\/index.php\/urun\/aklin-yonetimi-icin-kurallar\/","title":{"rendered":"Akl\u0131n Y\u00f6netimi \u0130\u00e7in Kurallar"},"content":{"rendered":"<p>1628 ve 1629 y\u0131llar\u0131 aras\u0131nda kaleme al\u0131nan ve Descartes\u2019\u0131n ilk b\u00fcy\u00fck felsefi \u00e7al\u0131\u015fmas\u0131 olarak kabul edilen Akl\u0131n Y\u00f6netimi \u0130\u00e7in Kurallar kitab\u0131, \u00fcnl\u00fc d\u00fc\u015f\u00fcn\u00fcr\u00fcn \u00f6l\u00fcm\u00fcnden sonra derlenerek bas\u0131lm\u0131\u015ft\u0131r. Descartes, eserde yer alan kurallar vas\u0131tas\u0131yla, insan\u0131n akl\u0131na gelebilecek her t\u00fcrl\u00fc soruya bir yan\u0131t vererek Y\u00f6ntem \u00dczerine Konu\u015fmalar (1637) eserine g\u00f6ndermede bulunur ve zihnin temel b\u00fct\u00fcnl\u00fc\u011f\u00fcn\u00fc g\u00f6zler \u00f6n\u00fcne serme amac\u0131n\u0131 ta\u015f\u0131r. Eserde y\u00f6ntem, do\u011fan\u0131n d\u00fczene konulmas\u0131 olarak sunulmakta ve zihnin temel i\u015flemleri olan sezgi ile t\u00fcmdengelime \u0131\u015f\u0131k tutulmaktad\u0131r. Bunun yan\u0131 s\u0131ra Descartes, d\u00fczenin ve \u00f6l\u00e7\u00fcn\u00fcn genel bilimi olarak evrensel bilim projesinden de s\u00f6z eder ve bu projeyi yaln\u0131zca hesaplanabilen de\u011fil, t\u00fcm sorular\u0131n yan\u0131t\u0131 olarak g\u00f6r\u00fcr.<\/p>\n","protected":false},"excerpt":{"rendered":"<p>1628 ve 1629 y\u0131llar\u0131 aras\u0131nda kaleme al\u0131nan ve Descartes\u2019\u0131n ilk b\u00fcy\u00fck felsefi \u00e7al\u0131\u015fmas\u0131 olarak kabul edilen Akl\u0131n Y\u00f6netimi \u0130\u00e7in Kurallar kitab\u0131, \u00fcnl\u00fc d\u00fc\u015f\u00fcn\u00fcr\u00fcn \u00f6l\u00fcm\u00fcnden sonra derlenerek<span class=\"excerpt-hellip\"> [\u2026]<\/span><\/p>\n","protected":false},"featured_media":0,"template":"","meta":{"_monsterinsights_skip_tracking":false,"_monsterinsights_sitenote_active":false,"_monsterinsights_sitenote_note":"","_monsterinsights_sitenote_category":0},"product_brand":[],"product_cat":[12389,12388],"product_tag":[],"class_list":{"0":"post-692927","1":"product","2":"type-product","3":"status-publish","5":"product_cat-diger-felsefe","6":"product_cat-felsefe","7":"pa_cilt-ciltsiz","8":"pa_tur-kitap","9":"pa_yayinevi-say-yayinlari","10":"pa_yazar-rene-descartes","12":"first","13":"instock","14":"sale","15":"shipping-taxable","16":"purchasable","17":"product-type-simple"},"_links":{"self":[{"href":"https:\/\/roveyayinevi.com.tr\/index.php\/wp-json\/wp\/v2\/product\/692927","targetHints":{"allow":["GET"]}}],"collection":[{"href":"https:\/\/roveyayinevi.com.tr\/index.php\/wp-json\/wp\/v2\/product"}],"about":[{"href":"https:\/\/roveyayinevi.com.tr\/index.php\/wp-json\/wp\/v2\/types\/product"}],"wp:attachment":[{"href":"https:\/\/roveyayinevi.com.tr\/index.php\/wp-json\/wp\/v2\/media?parent=692927"}],"wp:term":[{"taxonomy":"product_brand","embeddable":true,"href":"https:\/\/roveyayinevi.com.tr\/index.php\/wp-json\/wp\/v2\/product_brand?post=692927"},{"taxonomy":"product_cat","embeddable":true,"href":"https:\/\/roveyayinevi.com.tr\/index.php\/wp-json\/wp\/v2\/product_cat?post=692927"},{"taxonomy":"product_tag","embeddable":true,"href":"https:\/\/roveyayinevi.com.tr\/index.php\/wp-json\/wp\/v2\/product_tag?post=692927"}],"curies":[{"name":"wp","href":"https:\/\/api.w.org\/{rel}","templated":true}]}}