{"id":692925,"date":"2025-08-27T14:09:49","date_gmt":"2025-08-27T11:09:49","guid":{"rendered":"https:\/\/roveyayinevi.com.tr\/index.php\/urun\/descartes-sozlugu\/"},"modified":"2026-04-16T02:02:43","modified_gmt":"2026-04-15T23:02:43","slug":"descartes-sozlugu","status":"publish","type":"product","link":"https:\/\/roveyayinevi.com.tr\/index.php\/urun\/descartes-sozlugu\/","title":{"rendered":"Descartes S\u00f6zl\u00fc\u011f\u00fc"},"content":{"rendered":"<p>Descartes\u2019\u0131 okumaya herhangi bir kap\u0131dan bilim teorisi, metafizik ya da ahlak ve herhangi bir d\u00f6nemden girerek ba\u015flanabilir: ilk taslaklar, ana eserler ya da son yaz\u0131lar. Bizzat Descartes\u2019\u0131n kendisinin pek \u00e7ok defa alt\u0131n\u0131 \u00e7izdi\u011fi gibi, onun kesin d\u00fc\u015f\u00fcncesi ancak en dikkatli ve en sebatk\u00e2r okuyucuya a\u00e7acakt\u0131r kap\u0131lar\u0131n\u0131. Elinizdeki s\u00f6zl\u00fck ba\u015fl\u0131ca Kartezyen kavramlar\u0131 asli karma\u015f\u0131kl\u0131klar\u0131 i\u00e7inde sunmaya \u00e7al\u0131\u015fmaktad\u0131r. Bu kavramlar pek \u00e7ok ba\u015fl\u0131k olu\u015ftururlar ve bu ba\u015fl\u0131klar alt\u0131nda, net terimler halinde, belirleyici olduklar\u0131 kadar d\u00fc\u015f\u00fcn\u00fcmsel bir yenilikler b\u00fct\u00fcn\u00fc olarak da adland\u0131r\u0131labilir. Geli\u015ftirmede g\u00f6sterdi\u011fi derinlikle, serimlemelerindeki \u00f6zl\u00fcl\u00fckle, en \u00f6zet\/kestirme felsefi se\u00e7enekler aras\u0131ndaki dorukta durma tarz\u0131yla, Descartes\u2019\u0131n d\u00fc\u015f\u00fcncesi, \u00f6zetin laf\u0131n\u0131 bile etmeden s\u00f6ylersek, yoruma da meydan okur. Bu y\u00fczden t\u00fcm sorular\u0131 ele ald\u0131\u011f\u0131m\u0131z\u0131 iddia etmekten uzak, ama en gizemli ufuklar\u0131n\u0131 g\u00f6stermeyi es ge\u00e7meden, burada bu d\u00fc\u015f\u00fcnce taraf\u0131ndan ortaya serilen g\u00fcce ve sanata dair bir fikir vermi\u015f olmakla yetinece\u011fiz. <\/p>\n","protected":false},"excerpt":{"rendered":"<p>Descartes\u2019\u0131 okumaya herhangi bir kap\u0131dan bilim teorisi, metafizik ya da ahlak ve herhangi bir d\u00f6nemden girerek ba\u015flanabilir: ilk taslaklar, ana eserler ya da son yaz\u0131lar. Bizzat<span class=\"excerpt-hellip\"> [\u2026]<\/span><\/p>\n","protected":false},"featured_media":0,"template":"","meta":{"_monsterinsights_skip_tracking":false,"_monsterinsights_sitenote_active":false,"_monsterinsights_sitenote_note":"","_monsterinsights_sitenote_category":0},"product_brand":[],"product_cat":[12388,14717],"product_tag":[],"class_list":{"0":"post-692925","1":"product","2":"type-product","3":"status-publish","5":"product_cat-felsefe","6":"product_cat-felsefe-tarihi","7":"pa_cilt-ciltsiz","8":"pa_tur-kitap","9":"pa_yayinevi-say-yayinlari","10":"pa_yazar-denis-kambouchner","12":"first","13":"instock","14":"sale","15":"shipping-taxable","16":"purchasable","17":"product-type-simple"},"_links":{"self":[{"href":"https:\/\/roveyayinevi.com.tr\/index.php\/wp-json\/wp\/v2\/product\/692925","targetHints":{"allow":["GET"]}}],"collection":[{"href":"https:\/\/roveyayinevi.com.tr\/index.php\/wp-json\/wp\/v2\/product"}],"about":[{"href":"https:\/\/roveyayinevi.com.tr\/index.php\/wp-json\/wp\/v2\/types\/product"}],"wp:attachment":[{"href":"https:\/\/roveyayinevi.com.tr\/index.php\/wp-json\/wp\/v2\/media?parent=692925"}],"wp:term":[{"taxonomy":"product_brand","embeddable":true,"href":"https:\/\/roveyayinevi.com.tr\/index.php\/wp-json\/wp\/v2\/product_brand?post=692925"},{"taxonomy":"product_cat","embeddable":true,"href":"https:\/\/roveyayinevi.com.tr\/index.php\/wp-json\/wp\/v2\/product_cat?post=692925"},{"taxonomy":"product_tag","embeddable":true,"href":"https:\/\/roveyayinevi.com.tr\/index.php\/wp-json\/wp\/v2\/product_tag?post=692925"}],"curies":[{"name":"wp","href":"https:\/\/api.w.org\/{rel}","templated":true}]}}