{"id":692924,"date":"2025-08-27T14:09:49","date_gmt":"2025-08-27T11:09:49","guid":{"rendered":"https:\/\/roveyayinevi.com.tr\/index.php\/urun\/denemeler-3\/"},"modified":"2026-04-16T02:02:43","modified_gmt":"2026-04-15T23:02:43","slug":"denemeler-3","status":"publish","type":"product","link":"https:\/\/roveyayinevi.com.tr\/index.php\/urun\/denemeler-3\/","title":{"rendered":"Denemeler"},"content":{"rendered":"<p>Yazd\u0131\u011f\u0131 metinlerle edebiyatta deneme t\u00fcr\u00fcn\u00fcn olu\u015fmas\u0131na yol a\u00e7an Montaigne, ku\u015fku yok ki, orta\u00e7a\u011f karanl\u0131\u011f\u0131na \u0131\u015f\u0131k tutan, insanc\u0131l k\u00fclt\u00fcr\u00fcn evriminde etkin rol oynam\u0131\u015f, Avrupa k\u00fclt\u00fcr\u00fc ve d\u00fc\u015f\u00fcncesinin geli\u015fmesinde en az Sokrates kadar etkili olmu\u015f bir d\u00fc\u015f\u00fcn\u00fcrd\u00fcr. \u0130nsan\u0131n sonsuz ser\u00fcvenini izleyen bu metinler, b\u00fcy\u00fck bir zek\u00e2 ve al\u00e7akg\u00f6n\u00fcll\u00fcl\u00fck \u00f6rne\u011fidir. \u0130nsan akl\u0131n\u0131n yetersizli\u011fini sergilemeye y\u00f6nelik \u00e7abas\u0131, bitmek bilmeyen ayr\u0131nt\u0131 d\u00fc\u015fk\u00fcnl\u00fc\u011f\u00fc, \u00f6zg\u00fcn \u00fcslubu, ya\u015fama sanat\u0131na verdi\u011fi de\u011ferin simgeleridir. Bu kitap, i\u00e7inde mutlulu\u011fa, hasrete, dostlu\u011fa, korkuya, a\u015fka, bilgiye ve inanca dair nice ipucunun verildi\u011fi bir d\u00fcnyan\u0131n kap\u0131lar\u0131n\u0131 aralayan Montaigne\u2019in b\u00fcy\u00fck eseri Denemeler\u2019den se\u00e7ilmi\u015f metinlerden olu\u015fmaktad\u0131r. Okuyucu, bu se\u00e7me metinler sayesinde Denemeler\u2019i ke\u015ffederken, yazar ve yazar\u0131n ya\u015fad\u0131\u011f\u0131 d\u00f6nem hakk\u0131nda da bilgi sahibi olacakt\u0131r. <\/p>\n","protected":false},"excerpt":{"rendered":"<p>Yazd\u0131\u011f\u0131 metinlerle edebiyatta deneme t\u00fcr\u00fcn\u00fcn olu\u015fmas\u0131na yol a\u00e7an Montaigne, ku\u015fku yok ki, orta\u00e7a\u011f karanl\u0131\u011f\u0131na \u0131\u015f\u0131k tutan, insanc\u0131l k\u00fclt\u00fcr\u00fcn evriminde etkin rol oynam\u0131\u015f, Avrupa k\u00fclt\u00fcr\u00fc ve d\u00fc\u015f\u00fcncesinin<span class=\"excerpt-hellip\"> [\u2026]<\/span><\/p>\n","protected":false},"featured_media":0,"template":"","meta":{"_monsterinsights_skip_tracking":false,"_monsterinsights_sitenote_active":false,"_monsterinsights_sitenote_note":"","_monsterinsights_sitenote_category":0},"product_brand":[],"product_cat":[12777,12291],"product_tag":[],"class_list":{"0":"post-692924","1":"product","2":"type-product","3":"status-publish","5":"product_cat-deneme","6":"product_cat-edebiyat","7":"pa_cilt-ciltsiz","8":"pa_tur-kitap","9":"pa_yayinevi-say-yayinlari","10":"pa_yazar-michel-de-montaigne","12":"first","13":"instock","14":"sale","15":"shipping-taxable","16":"purchasable","17":"product-type-simple"},"_links":{"self":[{"href":"https:\/\/roveyayinevi.com.tr\/index.php\/wp-json\/wp\/v2\/product\/692924","targetHints":{"allow":["GET"]}}],"collection":[{"href":"https:\/\/roveyayinevi.com.tr\/index.php\/wp-json\/wp\/v2\/product"}],"about":[{"href":"https:\/\/roveyayinevi.com.tr\/index.php\/wp-json\/wp\/v2\/types\/product"}],"wp:attachment":[{"href":"https:\/\/roveyayinevi.com.tr\/index.php\/wp-json\/wp\/v2\/media?parent=692924"}],"wp:term":[{"taxonomy":"product_brand","embeddable":true,"href":"https:\/\/roveyayinevi.com.tr\/index.php\/wp-json\/wp\/v2\/product_brand?post=692924"},{"taxonomy":"product_cat","embeddable":true,"href":"https:\/\/roveyayinevi.com.tr\/index.php\/wp-json\/wp\/v2\/product_cat?post=692924"},{"taxonomy":"product_tag","embeddable":true,"href":"https:\/\/roveyayinevi.com.tr\/index.php\/wp-json\/wp\/v2\/product_tag?post=692924"}],"curies":[{"name":"wp","href":"https:\/\/api.w.org\/{rel}","templated":true}]}}