{"id":692923,"date":"2025-08-27T14:09:49","date_gmt":"2025-08-27T11:09:49","guid":{"rendered":"https:\/\/roveyayinevi.com.tr\/index.php\/urun\/ask-ve-sehvet-uzerine-2-kitap\/"},"modified":"2026-04-16T02:02:43","modified_gmt":"2026-04-15T23:02:43","slug":"ask-ve-sehvet-uzerine-2-kitap","status":"publish","type":"product","link":"https:\/\/roveyayinevi.com.tr\/index.php\/urun\/ask-ve-sehvet-uzerine-2-kitap\/","title":{"rendered":"A\u015fk ve \u015eehvet \u00dczerine 2. Kitap"},"content":{"rendered":"<p>Theodor Reik\u2019in sevilen eseri  A\u015fk ve \u015eehvet \u00dczerine de \u00e7iftlerin a\u015fk hayat\u0131, cinsellik, evlilik, anne babal\u0131k ve erkeklik ile kad\u0131nl\u0131\u011f\u0131n gizli do\u011fas\u0131 tart\u0131\u015f\u0131l\u0131yor. \u00d6zg\u00fcn dilinde tek cilt olarak yay\u0131mlanan bu de\u011ferli eseri iki cilt halinde yay\u0131mlamay\u0131 uygun bulduk. Romantik ve Cinsel Duygular\u0131n Psikanalizi adl\u0131 birinci kitapta, Reik\u2019in Freud\u2019la hesapla\u015fmas\u0131na tan\u0131k oluyoruz. A\u015fk ve \u015fehvet, temel d\u00fcrt\u00fcler ekseninde masaya yat\u0131r\u0131l\u0131yor; mazo\u015fizmin sosyal, dinsel, k\u00fclt\u00fcrel y\u00f6nleri anlat\u0131l\u0131yor. Cinslerin Duygusal Farkl\u0131l\u0131klar\u0131 adl\u0131 ikinci kitapta ise bek\u00e2rl\u0131k, erke\u011fin evlilikten ka\u00e7mas\u0131, kad\u0131n ve erke\u011fin evlilik ba\u011f\u0131n\u0131 kabul etmekteki korkular\u0131 ile cinslerin duygusal farkl\u0131l\u0131klar\u0131 ele al\u0131n\u0131yor. <\/p>\n","protected":false},"excerpt":{"rendered":"<p>Theodor Reik\u2019in sevilen eseri A\u015fk ve \u015eehvet \u00dczerine de \u00e7iftlerin a\u015fk hayat\u0131, cinsellik, evlilik, anne babal\u0131k ve erkeklik ile kad\u0131nl\u0131\u011f\u0131n gizli do\u011fas\u0131 tart\u0131\u015f\u0131l\u0131yor. \u00d6zg\u00fcn dilinde tek<span class=\"excerpt-hellip\"> [\u2026]<\/span><\/p>\n","protected":false},"featured_media":0,"template":"","meta":{"_monsterinsights_skip_tracking":false,"_monsterinsights_sitenote_active":false,"_monsterinsights_sitenote_note":"","_monsterinsights_sitenote_category":0},"product_brand":[],"product_cat":[12358,12357],"product_tag":[],"class_list":{"0":"post-692923","1":"product","2":"type-product","3":"status-publish","5":"product_cat-genel-psikoloji","6":"product_cat-psikoloji","7":"pa_cilt-ciltsiz","8":"pa_tur-kitap","9":"pa_yayinevi-say-yayinlari","10":"pa_yazar-theodor-reik","12":"first","13":"instock","14":"sale","15":"shipping-taxable","16":"purchasable","17":"product-type-simple"},"_links":{"self":[{"href":"https:\/\/roveyayinevi.com.tr\/index.php\/wp-json\/wp\/v2\/product\/692923","targetHints":{"allow":["GET"]}}],"collection":[{"href":"https:\/\/roveyayinevi.com.tr\/index.php\/wp-json\/wp\/v2\/product"}],"about":[{"href":"https:\/\/roveyayinevi.com.tr\/index.php\/wp-json\/wp\/v2\/types\/product"}],"wp:attachment":[{"href":"https:\/\/roveyayinevi.com.tr\/index.php\/wp-json\/wp\/v2\/media?parent=692923"}],"wp:term":[{"taxonomy":"product_brand","embeddable":true,"href":"https:\/\/roveyayinevi.com.tr\/index.php\/wp-json\/wp\/v2\/product_brand?post=692923"},{"taxonomy":"product_cat","embeddable":true,"href":"https:\/\/roveyayinevi.com.tr\/index.php\/wp-json\/wp\/v2\/product_cat?post=692923"},{"taxonomy":"product_tag","embeddable":true,"href":"https:\/\/roveyayinevi.com.tr\/index.php\/wp-json\/wp\/v2\/product_tag?post=692923"}],"curies":[{"name":"wp","href":"https:\/\/api.w.org\/{rel}","templated":true}]}}