{"id":692922,"date":"2025-08-27T14:09:48","date_gmt":"2025-08-27T11:09:48","guid":{"rendered":"https:\/\/roveyayinevi.com.tr\/index.php\/urun\/deccal\/"},"modified":"2026-04-16T02:02:43","modified_gmt":"2026-04-15T23:02:43","slug":"deccal","status":"publish","type":"product","link":"https:\/\/roveyayinevi.com.tr\/index.php\/urun\/deccal\/","title":{"rendered":"Deccal"},"content":{"rendered":"<p>H\u0131ristiyanl\u0131\u011f\u0131 mahk\u00fbm ediyorum; H\u0131ristiyan kilisesine, bir savc\u0131n\u0131n \u015fimdiye dek a\u011fz\u0131ndan \u00e7\u0131km\u0131\u015f en korkun\u00e7 su\u00e7lamay\u0131 y\u00f6neltiyorum. O, bana g\u00f6re, d\u00fc\u015f\u00fcn\u00fclebilecek yozla\u015fmalar\u0131n t\u00fcm\u00fcnden \u00e7ok daha b\u00fcy\u00fckt\u00fcr; olabilecek yozla\u015fmalar\u0131n en k\u00f6t\u00fcs\u00fcd\u00fcr, olabilecek en u\u00e7 yozla\u015fma istemidir. H\u0131ristiyan kilisesi, bu \u00e7\u00fcr\u00fcm\u00fc\u015fl\u00fc\u011f\u00fc bula\u015ft\u0131rmad\u0131k hi\u00e7bir \u015fey b\u0131rakmad\u0131; her de\u011feri de\u011fersizli\u011fe, her ger\u00e7ekli\u011fi bir yalana ve her d\u00fcr\u00fcstl\u00fc\u011f\u00fc bir ruh al\u00e7akl\u0131\u011f\u0131na \u00e7evirdi. Bana kalk\u0131p onun insanc\u0131l nimetlerinden s\u00f6z ediliyor! Ac\u0131y\u0131 ortadan kald\u0131rmaya y\u00f6nelik her t\u00fcrl\u00fc \u00e7aba, en derin \u00e7\u0131karlar\u0131na ayk\u0131r\u0131d\u0131r; o, ac\u0131yla ya\u015far; kendisini \u00f6l\u00fcms\u00fcz k\u0131lmak i\u00e7in ac\u0131 yarat\u0131r&#8230; \ufffcTan\u0131t\u0131m Metni<\/p>\n","protected":false},"excerpt":{"rendered":"<p>H\u0131ristiyanl\u0131\u011f\u0131 mahk\u00fbm ediyorum; H\u0131ristiyan kilisesine, bir savc\u0131n\u0131n \u015fimdiye dek a\u011fz\u0131ndan \u00e7\u0131km\u0131\u015f en korkun\u00e7 su\u00e7lamay\u0131 y\u00f6neltiyorum. O, bana g\u00f6re, d\u00fc\u015f\u00fcn\u00fclebilecek yozla\u015fmalar\u0131n t\u00fcm\u00fcnden \u00e7ok daha b\u00fcy\u00fckt\u00fcr; olabilecek yozla\u015fmalar\u0131n<span class=\"excerpt-hellip\"> [\u2026]<\/span><\/p>\n","protected":false},"featured_media":0,"template":"","meta":{"_monsterinsights_skip_tracking":false,"_monsterinsights_sitenote_active":false,"_monsterinsights_sitenote_note":"","_monsterinsights_sitenote_category":0},"product_brand":[],"product_cat":[12389,12388],"product_tag":[],"class_list":{"0":"post-692922","1":"product","2":"type-product","3":"status-publish","5":"product_cat-diger-felsefe","6":"product_cat-felsefe","7":"pa_cilt-ciltsiz","8":"pa_tur-kitap","9":"pa_yayinevi-say-yayinlari","10":"pa_yazar-friedrich-wilhelm-nietzsche","12":"first","13":"instock","14":"sale","15":"shipping-taxable","16":"purchasable","17":"product-type-simple"},"_links":{"self":[{"href":"https:\/\/roveyayinevi.com.tr\/index.php\/wp-json\/wp\/v2\/product\/692922","targetHints":{"allow":["GET"]}}],"collection":[{"href":"https:\/\/roveyayinevi.com.tr\/index.php\/wp-json\/wp\/v2\/product"}],"about":[{"href":"https:\/\/roveyayinevi.com.tr\/index.php\/wp-json\/wp\/v2\/types\/product"}],"wp:attachment":[{"href":"https:\/\/roveyayinevi.com.tr\/index.php\/wp-json\/wp\/v2\/media?parent=692922"}],"wp:term":[{"taxonomy":"product_brand","embeddable":true,"href":"https:\/\/roveyayinevi.com.tr\/index.php\/wp-json\/wp\/v2\/product_brand?post=692922"},{"taxonomy":"product_cat","embeddable":true,"href":"https:\/\/roveyayinevi.com.tr\/index.php\/wp-json\/wp\/v2\/product_cat?post=692922"},{"taxonomy":"product_tag","embeddable":true,"href":"https:\/\/roveyayinevi.com.tr\/index.php\/wp-json\/wp\/v2\/product_tag?post=692922"}],"curies":[{"name":"wp","href":"https:\/\/api.w.org\/{rel}","templated":true}]}}