{"id":692921,"date":"2025-08-27T14:09:48","date_gmt":"2025-08-27T11:09:48","guid":{"rendered":"https:\/\/roveyayinevi.com.tr\/index.php\/urun\/antropoloji\/"},"modified":"2026-03-16T11:50:24","modified_gmt":"2026-03-16T08:50:24","slug":"antropoloji","status":"publish","type":"product","link":"https:\/\/roveyayinevi.com.tr\/index.php\/urun\/antropoloji\/","title":{"rendered":"Antropoloji"},"content":{"rendered":"<p>Harika bir kitap   Antropoloji her ku\u015fakta \u00e7\u0131\u011f\u0131r a\u00e7\u0131yor. Bu parlak inceleme size antropolojinin nereden geldi\u011fini de\u011fil, nereye gitmesi gerekti\u011fini ve nereye gitti\u011fini s\u00f6yl\u00fcyor. Muhte\u015fem bir yay\u0131nc\u0131l\u0131k olay\u0131. <\/p>\n","protected":false},"excerpt":{"rendered":"<p>Harika bir kitap Antropoloji her ku\u015fakta \u00e7\u0131\u011f\u0131r a\u00e7\u0131yor. Bu parlak inceleme size antropolojinin nereden geldi\u011fini de\u011fil, nereye gitmesi gerekti\u011fini ve nereye gitti\u011fini s\u00f6yl\u00fcyor. Muhte\u015fem bir yay\u0131nc\u0131l\u0131k<span class=\"excerpt-hellip\"> [\u2026]<\/span><\/p>\n","protected":false},"featured_media":0,"template":"","meta":{"_monsterinsights_skip_tracking":false,"_monsterinsights_sitenote_active":false,"_monsterinsights_sitenote_note":"","_monsterinsights_sitenote_category":0},"product_brand":[],"product_cat":[15499,13488],"product_tag":[],"class_list":{"0":"post-692921","1":"product","2":"type-product","3":"status-publish","5":"product_cat-antropoloji","6":"product_cat-toplum-ve-insan","7":"pa_cilt-ciltsiz","8":"pa_tur-kitap","9":"pa_yayinevi-say-yayinlari","10":"pa_yazar-michael-herzfeld","12":"first","13":"instock","14":"sale","15":"shipping-taxable","16":"purchasable","17":"product-type-simple"},"_links":{"self":[{"href":"https:\/\/roveyayinevi.com.tr\/index.php\/wp-json\/wp\/v2\/product\/692921","targetHints":{"allow":["GET"]}}],"collection":[{"href":"https:\/\/roveyayinevi.com.tr\/index.php\/wp-json\/wp\/v2\/product"}],"about":[{"href":"https:\/\/roveyayinevi.com.tr\/index.php\/wp-json\/wp\/v2\/types\/product"}],"wp:attachment":[{"href":"https:\/\/roveyayinevi.com.tr\/index.php\/wp-json\/wp\/v2\/media?parent=692921"}],"wp:term":[{"taxonomy":"product_brand","embeddable":true,"href":"https:\/\/roveyayinevi.com.tr\/index.php\/wp-json\/wp\/v2\/product_brand?post=692921"},{"taxonomy":"product_cat","embeddable":true,"href":"https:\/\/roveyayinevi.com.tr\/index.php\/wp-json\/wp\/v2\/product_cat?post=692921"},{"taxonomy":"product_tag","embeddable":true,"href":"https:\/\/roveyayinevi.com.tr\/index.php\/wp-json\/wp\/v2\/product_tag?post=692921"}],"curies":[{"name":"wp","href":"https:\/\/api.w.org\/{rel}","templated":true}]}}